{"id":26488,"date":"2022-06-08T15:21:04","date_gmt":"2022-06-08T15:21:04","guid":{"rendered":"https:\/\/eliquidnicotine.co.uk\/?post_type=product&#038;p=26488"},"modified":"2024-09-18T12:44:45","modified_gmt":"2024-09-18T11:44:45","slug":"genuine-burley-100-ml","status":"publish","type":"product","link":"https:\/\/eliquidnicotine.co.uk\/de\/shop\/echt-burley-100-ml\/","title":{"rendered":"Echte Burley 100 ML"},"content":{"rendered":"<p>Burley-Tabak ist eine helle, goldene oder gelbe Form von Tabak, die an der Luft getrocknet wird. Obwohl er oft eine hellere Farbe hat als andere Tabaksorten, hat er einen dichteren, zigarrenartigen Geschmack. Dies hat wahrscheinlich mit dem geringen Zuckergehalt von Burley-Tabak zu tun.<\/p>\n<p>Dem Burley-Tabak wird h\u00e4ufig Zucker zugesetzt, um seinen intensiven, dunklen Geschmack zu mildern. Er wird auch mit anderen Tabaksorten kombiniert, um einen gemischten, ausgewogenen und geschmackvollen Rauch zu erzeugen.<\/p>\n<p>Obwohl die Menschen seit Jahrhunderten Tabak anbauen, wurde Burley-Tabak erst gegen Ende des 19. Jahrhunderts popul\u00e4r. In Kanada wurde er jedoch bald wegen seines Zuckergehalts verboten.<\/p>\n<p>Er ist nicht so intensiv wie t\u00fcrkischer Tabak, der weltweit f\u00fcr seinen Geschmack bekannt ist, aber Burley-Tabak ist viel kr\u00e4ftiger als die meisten flue-cured-Tabake. Aus diesem Grund wird er h\u00e4ufig von Pfeifenliebhabern verwendet, die einen reichhaltigen, tiefen Rauch genie\u00dfen.<\/p>","protected":false},"excerpt":{"rendered":"<p>Echter Burley 100 ml Kurzabf\u00fcllung<br \/>\nEchte Tabak-Extrakt e-Fl\u00fcssigkeit<br \/>\n1 Schuss = 2 mg\/ml<br \/>\n2 Sch\u00fcsse = 4 mg\/ml<br \/>\n3 Sch\u00fcsse = 6 mg\/ml<\/p>","protected":false},"featured_media":26477,"comment_status":"open","ping_status":"closed","template":"","meta":{"_acf_changed":false,"_genesis_hide_title":false,"_genesis_hide_breadcrumbs":false,"_genesis_hide_singular_image":false,"_genesis_hide_footer_widgets":false,"_genesis_custom_body_class":"","_genesis_custom_post_class":"","_genesis_layout":""},"product_brand":[],"product_cat":[588],"product_tag":[],"class_list":{"1":"product","2":"type-product","6":"product_cat-genuine-100-ml-shortfill","7":"entry","9":"first","10":"outofstock","11":"taxable","12":"shipping-taxable","13":"product-type-variable"},"acf":[],"_links":{"self":[{"href":"https:\/\/eliquidnicotine.co.uk\/de\/wp-json\/wp\/v2\/product\/26488","targetHints":{"allow":["GET"]}}],"collection":[{"href":"https:\/\/eliquidnicotine.co.uk\/de\/wp-json\/wp\/v2\/product"}],"about":[{"href":"https:\/\/eliquidnicotine.co.uk\/de\/wp-json\/wp\/v2\/types\/product"}],"replies":[{"embeddable":true,"href":"https:\/\/eliquidnicotine.co.uk\/de\/wp-json\/wp\/v2\/comments?post=26488"}],"wp:featuredmedia":[{"embeddable":true,"href":"https:\/\/eliquidnicotine.co.uk\/de\/wp-json\/wp\/v2\/media\/26477"}],"wp:attachment":[{"href":"https:\/\/eliquidnicotine.co.uk\/de\/wp-json\/wp\/v2\/media?parent=26488"}],"wp:term":[{"taxonomy":"product_brand","embeddable":true,"href":"https:\/\/eliquidnicotine.co.uk\/de\/wp-json\/wp\/v2\/product_brand?post=26488"},{"taxonomy":"product_cat","embeddable":true,"href":"https:\/\/eliquidnicotine.co.uk\/de\/wp-json\/wp\/v2\/product_cat?post=26488"},{"taxonomy":"product_tag","embeddable":true,"href":"https:\/\/eliquidnicotine.co.uk\/de\/wp-json\/wp\/v2\/product_tag?post=26488"}],"curies":[{"name":"wp","href":"https:\/\/api.w.org\/{rel}","templated":true}]}}