{"id":26571,"date":"2022-06-13T08:01:51","date_gmt":"2022-06-13T08:01:51","guid":{"rendered":"https:\/\/eliquidnicotine.co.uk\/?post_type=product&#038;p=26571"},"modified":"2024-09-18T12:44:45","modified_gmt":"2024-09-18T11:44:45","slug":"genuine-oriental-100-ml","status":"publish","type":"product","link":"https:\/\/eliquidnicotine.co.uk\/de\/shop\/echt-orientalisch-100-ml\/","title":{"rendered":"Echtes Orientalisches 100 ML"},"content":{"rendered":"<p>Orienttabak Auch T\u00fcrkisch genannt. Der Name \"T\u00fcrkisch\" bezieht sich auf das Osmanische Reich. Der Name \"T\u00fcrkisch\" bezieht sich auf das Osmanische Reich, das zwischen dem 19. und 20. Jahrhundert die regionalen Anbaugebiete kontrollierte. Er ist intensiv aromatisch und von Natur aus kleinbl\u00e4ttrig.<br \/>\nOrienttabak Sonnenh\u00e4rtung<br \/>\nOriental verwendet das Verfahren der Sonnenh\u00e4rtung. Urspr\u00fcnglich stammt er aus Bulgarien, Griechenland und der T\u00fcrkei, doch wird er inzwischen auch in \u00c4gypten und S\u00fcdafrika angebaut.<br \/>\nDas Verfahren der Sonnentrocknung von Orienttabak.<\/p>","protected":false},"excerpt":{"rendered":"<p>Echt Oriental 100 ml Shortfill<br \/>\n1 Schuss = 2 mg\/ml<br \/>\n2 Sch\u00fcsse = 4 mg\/ml<br \/>\n3 Sch\u00fcsse = 6 mg\/ml<\/p>","protected":false},"featured_media":26475,"comment_status":"open","ping_status":"closed","template":"","meta":{"_acf_changed":false,"_genesis_hide_title":false,"_genesis_hide_breadcrumbs":false,"_genesis_hide_singular_image":false,"_genesis_hide_footer_widgets":false,"_genesis_custom_body_class":"","_genesis_custom_post_class":"","_genesis_layout":""},"product_brand":[],"product_cat":[588],"product_tag":[],"class_list":{"1":"product","2":"type-product","6":"product_cat-genuine-100-ml-shortfill","7":"entry","9":"first","10":"outofstock","11":"taxable","12":"shipping-taxable","13":"product-type-variable"},"acf":[],"_links":{"self":[{"href":"https:\/\/eliquidnicotine.co.uk\/de\/wp-json\/wp\/v2\/product\/26571","targetHints":{"allow":["GET"]}}],"collection":[{"href":"https:\/\/eliquidnicotine.co.uk\/de\/wp-json\/wp\/v2\/product"}],"about":[{"href":"https:\/\/eliquidnicotine.co.uk\/de\/wp-json\/wp\/v2\/types\/product"}],"replies":[{"embeddable":true,"href":"https:\/\/eliquidnicotine.co.uk\/de\/wp-json\/wp\/v2\/comments?post=26571"}],"wp:featuredmedia":[{"embeddable":true,"href":"https:\/\/eliquidnicotine.co.uk\/de\/wp-json\/wp\/v2\/media\/26475"}],"wp:attachment":[{"href":"https:\/\/eliquidnicotine.co.uk\/de\/wp-json\/wp\/v2\/media?parent=26571"}],"wp:term":[{"taxonomy":"product_brand","embeddable":true,"href":"https:\/\/eliquidnicotine.co.uk\/de\/wp-json\/wp\/v2\/product_brand?post=26571"},{"taxonomy":"product_cat","embeddable":true,"href":"https:\/\/eliquidnicotine.co.uk\/de\/wp-json\/wp\/v2\/product_cat?post=26571"},{"taxonomy":"product_tag","embeddable":true,"href":"https:\/\/eliquidnicotine.co.uk\/de\/wp-json\/wp\/v2\/product_tag?post=26571"}],"curies":[{"name":"wp","href":"https:\/\/api.w.org\/{rel}","templated":true}]}}