{"id":26573,"date":"2022-06-13T08:11:38","date_gmt":"2022-06-13T08:11:38","guid":{"rendered":"https:\/\/eliquidnicotine.co.uk\/?post_type=product&#038;p=26573"},"modified":"2024-09-18T12:44:45","modified_gmt":"2024-09-18T11:44:45","slug":"genuine-virginia-100-ml","status":"publish","type":"product","link":"https:\/\/eliquidnicotine.co.uk\/de\/shop\/echt-virginia-100-ml\/","title":{"rendered":"Echter Virginia 100 ML"},"content":{"rendered":"<p>Flue-cured wird auch Virginia-Tabak oder \"heller Tabak\" genannt. Es handelt sich um eine Tabaksorte, die traditionell an Stangen oder Dachsparren in verdunkelten Scheunen aufgeh\u00e4ngt wurde. Diese Tabaksorte verdankt ihren Spitznamen dem US-Bundesstaat Virginia, wo sie vor vielen Jahren erstmals angebaut wurde.<\/p>\n<p>Burley-Tabak neigt dazu, w\u00e4hrend des Lufttrocknungsprozesses dunkler zu werden, aber dieser Tabak ist eigentlich recht hell in der Farbe. Diese Leichtigkeit spiegelt sich in seinem Geschmack wider, der viel milder und knackiger ist als bei Burley-Tabak. Au\u00dferdem trocknet Burley-Tabak an kalter, frischer Luft, w\u00e4hrend Flue-Cured-Tabak zum Trocknen hei\u00dfe, dunkle R\u00e4ume ben\u00f6tigt.<\/p>\n<p>Er wird in den USA schon l\u00e4nger angebaut als Burley-Tabak. F\u00fcr die fr\u00fchen Kolonisten war er eine so wichtige Exportpflanze, dass sie Hunderte von Hektar damit bepflanzten. Dies f\u00fchrte zu einer starken Auslaugung der B\u00f6den und in der Folge zur Abholzung der W\u00e4lder.<\/p>\n<p>Das ist zwar keine gute Nachricht, zeigt aber, wie beliebt flue-cured Virginia vor mehr als hundert Jahren war.<\/p>\n<p>Flue-cured-Tabak neigt dazu, weniger Schimmel anzusetzen als andere Tabaksorten. Er hat einen niedrigen Nikotingehalt und einen hohen Zuckergehalt, was ihn zu einer idealen Wahl f\u00fcr sanfte Zigarettenmischungen macht. Er ist eine der beliebtesten Optionen f\u00fcr diejenigen, die ihre eigenen Mischungen kreieren wollen.<\/p>","protected":false},"excerpt":{"rendered":"<p>Echte Virginia 100 ml Kurzabf\u00fcllung<br \/>\nEchte Tabak-Extrakt e-Fl\u00fcssigkeit<br \/>\n1 Schuss = 2 mg\/ml<br \/>\n2 Sch\u00fcsse = 4 mg\/ml<br \/>\n3 Sch\u00fcsse = 6 mg\/ml<\/p>","protected":false},"featured_media":26479,"comment_status":"open","ping_status":"closed","template":"","meta":{"_acf_changed":false,"_genesis_hide_title":false,"_genesis_hide_breadcrumbs":false,"_genesis_hide_singular_image":false,"_genesis_hide_footer_widgets":false,"_genesis_custom_body_class":"","_genesis_custom_post_class":"","_genesis_layout":""},"product_brand":[],"product_cat":[588],"product_tag":[],"class_list":{"1":"product","2":"type-product","6":"product_cat-genuine-100-ml-shortfill","7":"entry","9":"first","10":"outofstock","11":"taxable","12":"shipping-taxable","13":"product-type-variable"},"acf":[],"_links":{"self":[{"href":"https:\/\/eliquidnicotine.co.uk\/de\/wp-json\/wp\/v2\/product\/26573","targetHints":{"allow":["GET"]}}],"collection":[{"href":"https:\/\/eliquidnicotine.co.uk\/de\/wp-json\/wp\/v2\/product"}],"about":[{"href":"https:\/\/eliquidnicotine.co.uk\/de\/wp-json\/wp\/v2\/types\/product"}],"replies":[{"embeddable":true,"href":"https:\/\/eliquidnicotine.co.uk\/de\/wp-json\/wp\/v2\/comments?post=26573"}],"wp:featuredmedia":[{"embeddable":true,"href":"https:\/\/eliquidnicotine.co.uk\/de\/wp-json\/wp\/v2\/media\/26479"}],"wp:attachment":[{"href":"https:\/\/eliquidnicotine.co.uk\/de\/wp-json\/wp\/v2\/media?parent=26573"}],"wp:term":[{"taxonomy":"product_brand","embeddable":true,"href":"https:\/\/eliquidnicotine.co.uk\/de\/wp-json\/wp\/v2\/product_brand?post=26573"},{"taxonomy":"product_cat","embeddable":true,"href":"https:\/\/eliquidnicotine.co.uk\/de\/wp-json\/wp\/v2\/product_cat?post=26573"},{"taxonomy":"product_tag","embeddable":true,"href":"https:\/\/eliquidnicotine.co.uk\/de\/wp-json\/wp\/v2\/product_tag?post=26573"}],"curies":[{"name":"wp","href":"https:\/\/api.w.org\/{rel}","templated":true}]}}