{"id":27042,"date":"2022-06-29T12:54:19","date_gmt":"2022-06-29T12:54:19","guid":{"rendered":"https:\/\/eliquidnicotine.co.uk\/?post_type=product&#038;p=27042"},"modified":"2024-04-02T12:07:42","modified_gmt":"2024-04-02T11:07:42","slug":"upbar-peach-ice","status":"publish","type":"product","link":"https:\/\/eliquidnicotine.co.uk\/de\/shop\/upbar-peach-ice\/","title":{"rendered":"UpBAR Pfirsich-Eis"},"content":{"rendered":"<p>Upends Einweg-E-Zigaretten sind nicht nachf\u00fcllbar oder wiederaufladbar. Die E-Zigarette hat ein Fassungsverm\u00f6gen von 2 ml und ist mit Nikotinsalz-E-Liquid gef\u00fcllt. Die E-Zigarette reicht f\u00fcr etwa 500 Z\u00fcge. Au\u00dferdem ist die E-Zigarette mit einem automatischen Z\u00fcndmechanismus ausgestattet, die Batterie wird gez\u00fcndet, sobald sie inhaliert wird. W\u00e4hrend des Inhalierens leuchtet an der Unterseite ein Licht auf, das die Batterieanzeige darstellt. Wenn der Pod oder der Akku (400mAh) leer ist, muss die gesamte E-Zigarette entsorgt werden.<br \/>\nUpends Upbar Einweg-E-Zigaretten werden in Asien hergestellt und mit einem Beipackzettel geliefert, der als Leitfaden f\u00fcr den richtigen Gebrauch dieses Produkts dient.<br \/>\n*Dieses Produkt enth\u00e4lt k\u00fcnstliche Aromen, um den Geschmack zu erreichen.<br \/>\nMarke invertiert<br \/>\nE-Fl\u00fcssigkeitsverh\u00e4ltnis 50%PG \/ 50%VG<br \/>\nHergestellt in Asien<br \/>\nInhalt 2ml.<br \/>\nBasis PG\/VG\/Aroma\/NicSalt.<br \/>\nVerf\u00fcgbarer Nikotingehalt Hoch+ (20mg\/ml)<\/p>","protected":false},"excerpt":{"rendered":"<p>Upends Upbar Einweg - Peach Ice (1 St\u00fcck = 20mg\/ml)<br \/>\nGeschmacksbeschreibung (Hersteller): Pfirsich mit zus\u00e4tzlicher Minze (Cooler).<br \/>\nNikotingehalt: 20mg\/ml<\/p>","protected":false},"featured_media":26733,"comment_status":"open","ping_status":"closed","template":"","meta":{"_acf_changed":false,"_genesis_hide_title":false,"_genesis_hide_breadcrumbs":false,"_genesis_hide_singular_image":false,"_genesis_hide_footer_widgets":false,"_genesis_custom_body_class":"","_genesis_custom_post_class":"","_genesis_layout":""},"product_brand":[],"product_cat":[587,591],"product_tag":[],"class_list":{"1":"product","2":"type-product","6":"product_cat-disposables","7":"product_cat-upbar","8":"entry","10":"first","11":"outofstock","12":"taxable","13":"shipping-taxable","14":"product-type-variable"},"acf":[],"_links":{"self":[{"href":"https:\/\/eliquidnicotine.co.uk\/de\/wp-json\/wp\/v2\/product\/27042","targetHints":{"allow":["GET"]}}],"collection":[{"href":"https:\/\/eliquidnicotine.co.uk\/de\/wp-json\/wp\/v2\/product"}],"about":[{"href":"https:\/\/eliquidnicotine.co.uk\/de\/wp-json\/wp\/v2\/types\/product"}],"replies":[{"embeddable":true,"href":"https:\/\/eliquidnicotine.co.uk\/de\/wp-json\/wp\/v2\/comments?post=27042"}],"wp:featuredmedia":[{"embeddable":true,"href":"https:\/\/eliquidnicotine.co.uk\/de\/wp-json\/wp\/v2\/media\/26733"}],"wp:attachment":[{"href":"https:\/\/eliquidnicotine.co.uk\/de\/wp-json\/wp\/v2\/media?parent=27042"}],"wp:term":[{"taxonomy":"product_brand","embeddable":true,"href":"https:\/\/eliquidnicotine.co.uk\/de\/wp-json\/wp\/v2\/product_brand?post=27042"},{"taxonomy":"product_cat","embeddable":true,"href":"https:\/\/eliquidnicotine.co.uk\/de\/wp-json\/wp\/v2\/product_cat?post=27042"},{"taxonomy":"product_tag","embeddable":true,"href":"https:\/\/eliquidnicotine.co.uk\/de\/wp-json\/wp\/v2\/product_tag?post=27042"}],"curies":[{"name":"wp","href":"https:\/\/api.w.org\/{rel}","templated":true}]}}