{"id":27552,"date":"2022-11-30T12:58:53","date_gmt":"2022-11-30T12:58:53","guid":{"rendered":"https:\/\/eliquidnicotine.co.uk\/?post_type=product&#038;p=27552"},"modified":"2024-11-27T14:34:44","modified_gmt":"2024-11-27T13:34:44","slug":"frunk-bar-frozen-grape","status":"publish","type":"product","link":"https:\/\/eliquidnicotine.co.uk\/de\/shop\/frunk-bar-gefrorene-trauben\/","title":{"rendered":"Frunk Bar Gefrorene Traube"},"content":{"rendered":"<p>In der Welt der Verdampfungsprodukte ist Frunk Bar ein Name, den die Benutzer kennen und lieben gelernt haben. Seit den gro\u00dfartigen Innovationen, die zu den Einweg-Vaporisierern f\u00fchrten, ist Frunk Bar an der Spitze des Spiels und bietet leistungsstarke Einweg-Vaporisierer an, die nicht nur bequem, sondern auch sehr erschwinglich sind. Frunk Bar, ein Name, den es schon seit Jahren gibt, hat sich zusammengetan, um die beste Einweg-Vape-Bar-Erfahrung zu schaffen, die sowohl ein \u00fcberlegenes Einwegger\u00e4t als auch eine k\u00f6stliche Auswahl an Aromen von einer der bekanntesten Marken in der Branche kombiniert.<\/p>\n<p>Die Frunk Bar verf\u00fcgt \u00fcber ein tragbares, schlankes Design, das perfekt f\u00fcr diejenigen ist, die unterwegs sind oder heimlich dampfen wollen. Er hat ein All-in-One-Design und ist ein Einwegger\u00e4t, so dass Sie ihn einfach genie\u00dfen und wegwerfen k\u00f6nnen, wenn Sie fertig sind. Es gibt keine komplizierten Kn\u00f6pfe oder Anweisungen, einfach dampfen und genie\u00dfen.<\/p>\n<p>Jedes Frunk Bar Einwegger\u00e4t hat die folgenden Eigenschaften:<\/p>\n<p>Erh\u00e4ltlich in 1 - Packungen.<br \/>\n2% (20 MG) Nikotinsalz nach Volumen.<br \/>\n2ml e-Fl\u00fcssigkeit pro Ger\u00e4t.<br \/>\n420mAh integrierter vorgeladener Akku.<br \/>\nUngef\u00e4hr 600+ Z\u00fcge pro Ger\u00e4t.<\/p>","protected":false},"excerpt":{"rendered":"<p>Die grooviest Traube mit einem eiskalten Frunk Bar Brise, eine gro\u00dfe den ganzen Tag vape f\u00fcr einen Liebhaber von Trauben! Grape e-Fl\u00fcssigkeit ist eine der beliebtesten vape Saft Aromen. Trauben gibt es in einer Vielzahl von Farben, Gr\u00f6\u00dfen und Geschmacksrichtungen und werden seit bis zu 8.000 Jahren angebaut. Trauben werden auch in einer Vielzahl von Produkten au\u00dferhalb des Dampfens verwendet, von Wein bis Marmelade. Trauben sind seit langem ein Favorit unter den Vapern f\u00fcr ihren reichen, s\u00fc\u00dfen Geschmack. Erh\u00e4ltlich in 1 - Packungen. 2% (20 MG\/ML) Nikotinsalz nach Volumen. 2ml e-Fl\u00fcssigkeit pro Ger\u00e4t. 420mAh integrierte vorgeladene Batterie. Ungef\u00e4hr 600+ Z\u00fcge pro Ger\u00e4t.<\/p>","protected":false},"featured_media":26706,"comment_status":"open","ping_status":"closed","template":"","meta":{"_acf_changed":false,"_genesis_hide_title":false,"_genesis_hide_breadcrumbs":false,"_genesis_hide_singular_image":false,"_genesis_hide_footer_widgets":false,"_genesis_custom_body_class":"","_genesis_custom_post_class":"","_genesis_layout":""},"product_brand":[],"product_cat":[587,592],"product_tag":[],"class_list":{"1":"product","2":"type-product","6":"product_cat-disposables","7":"product_cat-frunk-bar","8":"entry","10":"first","11":"outofstock","12":"taxable","13":"shipping-taxable","14":"product-type-variable"},"acf":[],"_links":{"self":[{"href":"https:\/\/eliquidnicotine.co.uk\/de\/wp-json\/wp\/v2\/product\/27552","targetHints":{"allow":["GET"]}}],"collection":[{"href":"https:\/\/eliquidnicotine.co.uk\/de\/wp-json\/wp\/v2\/product"}],"about":[{"href":"https:\/\/eliquidnicotine.co.uk\/de\/wp-json\/wp\/v2\/types\/product"}],"replies":[{"embeddable":true,"href":"https:\/\/eliquidnicotine.co.uk\/de\/wp-json\/wp\/v2\/comments?post=27552"}],"wp:featuredmedia":[{"embeddable":true,"href":"https:\/\/eliquidnicotine.co.uk\/de\/wp-json\/wp\/v2\/media\/26706"}],"wp:attachment":[{"href":"https:\/\/eliquidnicotine.co.uk\/de\/wp-json\/wp\/v2\/media?parent=27552"}],"wp:term":[{"taxonomy":"product_brand","embeddable":true,"href":"https:\/\/eliquidnicotine.co.uk\/de\/wp-json\/wp\/v2\/product_brand?post=27552"},{"taxonomy":"product_cat","embeddable":true,"href":"https:\/\/eliquidnicotine.co.uk\/de\/wp-json\/wp\/v2\/product_cat?post=27552"},{"taxonomy":"product_tag","embeddable":true,"href":"https:\/\/eliquidnicotine.co.uk\/de\/wp-json\/wp\/v2\/product_tag?post=27552"}],"curies":[{"name":"wp","href":"https:\/\/api.w.org\/{rel}","templated":true}]}}