{"id":29063,"date":"2022-12-06T12:37:21","date_gmt":"2022-12-06T12:37:21","guid":{"rendered":"https:\/\/eliquidnicotine.co.uk\/?post_type=product&#038;p=29063"},"modified":"2024-11-04T08:57:22","modified_gmt":"2024-11-04T07:57:22","slug":"elfbar-lemon-tart","status":"publish","type":"product","link":"https:\/\/eliquidnicotine.co.uk\/de\/shop\/elfenbar-zitronen-torte\/","title":{"rendered":"ElfBar Zitronenkuchen"},"content":{"rendered":"<p>ElfBar<\/p>\n<p>Elf Bar wurde 2018 gegr\u00fcndet und hat seitdem mehr und mehr innovative Produkte mit einem intelligenten Heizsystem auf den Markt gebracht. Sie reagieren auf den wachsenden Bedarf an nat\u00fcrlichen Aromen und immer ges\u00fcnderen Formen des Dampfens. Die Schl\u00fcsselw\u00f6rter von Elf Bar sind daher: ges\u00fcnder und besser.<\/p>\n<p>Nach Tausenden von Experimenten hat Elf Bar Wege gefunden, ihre Produkte mit den am wenigsten sch\u00e4dlichen Materialien, dem reinsten Geschmack und einem sauberen Design herzustellen und Ihnen dann Produkte zu pr\u00e4sentieren, die Ihre Erwartungen erf\u00fcllen werden.<\/p>\n<p>Elf Bar ist vor allem f\u00fcr seine hervorragenden Einweg-E-Zigaretten bekannt, die auf der ganzen Welt weit verbreitet und beliebt sind. Einwegprodukte sind gebrauchsfertige E-Zigaretten, die nicht nachgef\u00fcllt, ersetzt oder wieder aufgeladen werden m\u00fcssen. Die ideale E-Zigarette f\u00fcr den Dampfer, der es einfach halten will. Einfach inhalieren und verdampfen. Nach einer bestimmten Anzahl von Z\u00fcgen, die vom jeweiligen Ger\u00e4t abh\u00e4ngt, ist das Einwegprodukt aufgebraucht und muss ersetzt werden.<\/p>\n<p>Eleven Bar hat verschiedene Arten von Einweg-E-Zigaretten und eine breite Palette von Geschmacksrichtungen. Nachfolgend finden Sie eine kleine \u00dcbersicht \u00fcber die beliebtesten Einweg-E-Zigaretten von Eleven Bar.<\/p>","protected":false},"excerpt":{"rendered":"<p>Der Elf Bar 600 ist ein Einwegger\u00e4t, das mit nikotinhaltigem E-Liquid gef\u00fcllt ist. Es gibt keine Notwendigkeit, e-Fl\u00fcssigkeit nachzuf\u00fcllen, aufzuladen oder Pods oder Coils zu ersetzen. Einfach inhalieren und verdampfen. Geschmack - Zitronenkuchen<\/p>","protected":false},"featured_media":29071,"comment_status":"open","ping_status":"closed","template":"","meta":{"_acf_changed":false,"_genesis_hide_title":false,"_genesis_hide_breadcrumbs":false,"_genesis_hide_singular_image":false,"_genesis_hide_footer_widgets":false,"_genesis_custom_body_class":"","_genesis_custom_post_class":"","_genesis_layout":""},"product_brand":[],"product_cat":[587,594],"product_tag":[],"class_list":{"1":"product","2":"type-product","6":"product_cat-disposables","7":"product_cat-elfbar","8":"entry","10":"first","11":"outofstock","12":"taxable","13":"shipping-taxable","14":"product-type-variable"},"acf":[],"_links":{"self":[{"href":"https:\/\/eliquidnicotine.co.uk\/de\/wp-json\/wp\/v2\/product\/29063","targetHints":{"allow":["GET"]}}],"collection":[{"href":"https:\/\/eliquidnicotine.co.uk\/de\/wp-json\/wp\/v2\/product"}],"about":[{"href":"https:\/\/eliquidnicotine.co.uk\/de\/wp-json\/wp\/v2\/types\/product"}],"replies":[{"embeddable":true,"href":"https:\/\/eliquidnicotine.co.uk\/de\/wp-json\/wp\/v2\/comments?post=29063"}],"wp:featuredmedia":[{"embeddable":true,"href":"https:\/\/eliquidnicotine.co.uk\/de\/wp-json\/wp\/v2\/media\/29071"}],"wp:attachment":[{"href":"https:\/\/eliquidnicotine.co.uk\/de\/wp-json\/wp\/v2\/media?parent=29063"}],"wp:term":[{"taxonomy":"product_brand","embeddable":true,"href":"https:\/\/eliquidnicotine.co.uk\/de\/wp-json\/wp\/v2\/product_brand?post=29063"},{"taxonomy":"product_cat","embeddable":true,"href":"https:\/\/eliquidnicotine.co.uk\/de\/wp-json\/wp\/v2\/product_cat?post=29063"},{"taxonomy":"product_tag","embeddable":true,"href":"https:\/\/eliquidnicotine.co.uk\/de\/wp-json\/wp\/v2\/product_tag?post=29063"}],"curies":[{"name":"wp","href":"https:\/\/api.w.org\/{rel}","templated":true}]}}