{"id":29105,"date":"2022-11-30T13:54:14","date_gmt":"2022-11-30T13:54:14","guid":{"rendered":"https:\/\/eliquidnicotine.co.uk\/shop\/elfbar-1500-raspberry-blueberry\/"},"modified":"2024-11-04T08:57:22","modified_gmt":"2024-11-04T07:57:22","slug":"elfbar-1500-raspberry-blueberry","status":"publish","type":"product","link":"https:\/\/eliquidnicotine.co.uk\/de\/shop\/elfbar-1500-himbeere-blaubeere\/","title":{"rendered":"Elfbar 1500 Himbeere-Heidelbeere"},"content":{"rendered":"<p>Die Elf Bar 1500 Einweg-Pod-Ger\u00e4t ist die neueste Erg\u00e4nzung zu unserem Lineup und verf\u00fcgt \u00fcber lebendige Farbverlauf Grafiken. Es hat eine leistungsstarke 850mAh Batterie, die f\u00fcr bis zu 1500 Z\u00fcge erm\u00f6glicht, und kommt vorgef\u00fcllt mit 4,8 ml Saft ohne Nikotin. Genie\u00dfen Sie den k\u00f6stlichen Geschmack mit dem Komfort eines Einweg-Pods. Kaufen Sie einfach einen Elf Bar Einwegartikel, um das befriedigende Dampferlebnis des Elf Bar 1500 zu genie\u00dfen.<\/p>","protected":false},"excerpt":{"rendered":"<p>Der Elf Bar 1500 ist ein Einwegger\u00e4t, das mit E-Liquid ohne Nikotin gef\u00fcllt ist. Es gibt keine Notwendigkeit, e-Fl\u00fcssigkeit nachzuf\u00fcllen, aufzuladen oder Pods oder Spulen zu ersetzen. Einfach inhalieren und verdampfen. Geschmack - Heidelbeere-Himbeere<\/p>","protected":false},"featured_media":29077,"comment_status":"open","ping_status":"closed","template":"","meta":{"_acf_changed":false,"_genesis_hide_title":false,"_genesis_hide_breadcrumbs":false,"_genesis_hide_singular_image":false,"_genesis_hide_footer_widgets":false,"_genesis_custom_body_class":"","_genesis_custom_post_class":"","_genesis_layout":""},"product_brand":[],"product_cat":[587,601],"product_tag":[],"class_list":{"1":"product","2":"type-product","6":"product_cat-disposables","7":"product_cat-elfbar-1500-0-nicotine","8":"entry","10":"first","11":"outofstock","12":"taxable","13":"shipping-taxable","14":"product-type-variable"},"acf":[],"_links":{"self":[{"href":"https:\/\/eliquidnicotine.co.uk\/de\/wp-json\/wp\/v2\/product\/29105","targetHints":{"allow":["GET"]}}],"collection":[{"href":"https:\/\/eliquidnicotine.co.uk\/de\/wp-json\/wp\/v2\/product"}],"about":[{"href":"https:\/\/eliquidnicotine.co.uk\/de\/wp-json\/wp\/v2\/types\/product"}],"replies":[{"embeddable":true,"href":"https:\/\/eliquidnicotine.co.uk\/de\/wp-json\/wp\/v2\/comments?post=29105"}],"wp:featuredmedia":[{"embeddable":true,"href":"https:\/\/eliquidnicotine.co.uk\/de\/wp-json\/wp\/v2\/media\/29077"}],"wp:attachment":[{"href":"https:\/\/eliquidnicotine.co.uk\/de\/wp-json\/wp\/v2\/media?parent=29105"}],"wp:term":[{"taxonomy":"product_brand","embeddable":true,"href":"https:\/\/eliquidnicotine.co.uk\/de\/wp-json\/wp\/v2\/product_brand?post=29105"},{"taxonomy":"product_cat","embeddable":true,"href":"https:\/\/eliquidnicotine.co.uk\/de\/wp-json\/wp\/v2\/product_cat?post=29105"},{"taxonomy":"product_tag","embeddable":true,"href":"https:\/\/eliquidnicotine.co.uk\/de\/wp-json\/wp\/v2\/product_tag?post=29105"}],"curies":[{"name":"wp","href":"https:\/\/api.w.org\/{rel}","templated":true}]}}