{"id":29113,"date":"2022-11-30T16:19:31","date_gmt":"2022-11-30T16:19:31","guid":{"rendered":"https:\/\/eliquidnicotine.co.uk\/shop\/wpuff-600-ice-cream-cookie\/"},"modified":"2025-01-13T05:59:23","modified_gmt":"2025-01-13T04:59:23","slug":"wpuff-600-ice-cream-cookie","status":"publish","type":"product","link":"https:\/\/eliquidnicotine.co.uk\/de\/shop\/wpuff-600-eiscreme-kekse\/","title":{"rendered":"Wpuff 600 Eiscreme-Keks"},"content":{"rendered":"<p><strong>PUFF LIQUIDEO: DIE WASSERPFEIFE ZUM WERFEN IM TASCHENFORMAT<\/strong><\/p>\n<p>Eine kleine Revolution, die nicht unbemerkt bleiben wird! Liquideo, eine franz\u00f6sische Marke, die auf E-Liquids f\u00fcr elektronische Zigaretten spezialisiert ist, stellt ihr Know-how in den Dienst der Raucher und Wasserpfeifen-Fans mit einem kleinen, aber feinen Accessoire: dem PUFF. \u00c4hnlich wie ein Avape Pen, erinnert sein Aussehen an eine elektronische Zigarette, ist aber viel schlanker. Das farbenfrohe und vor allem ultrad\u00fcnne Aluminiumdesign der PUFF erm\u00f6glicht es Ihnen, sie \u00fcberall hin mitzunehmen. Die Wasserpfeife - wo immer Sie wollen, wann immer Sie wollen! Aufgrund ihrer einfachen Handhabung ist diese kleine Wasserpfeife f\u00fcr absolut jeden geeignet. Anf\u00e4nger, erfahrene Raucher, starke Raucher oder Gelegenheits-Hookah-Raucher: jeder wird etwas finden, das zu ihm passt. Diese elektronische Wasserpfeife der neuen Generation wurde speziell f\u00fcr Raucher entwickelt, die mit der klassischen elektronischen Zigarette unzufrieden sind, deren Betrieb oder starkes Gef\u00fchl in der Kehle verlangsamen kann.<\/p>\n<p><strong>Wie funktioniert der Liquideo PUFF?<\/strong><\/p>\n<p>Dieses Zubeh\u00f6rteil hat die Form einer Kapsel, die alles enth\u00e4lt, was Sie brauchen, um k\u00f6stliche Aromen zu genie\u00dfen: eine Patrone mit aromatisierter Fl\u00fcssigkeit, die in das Ger\u00e4t integriert ist, und eine Batterie, die ebenfalls im Inneren versteckt ist und das Ger\u00e4t zum Laufen bringt. F\u00fcr den Rest, lassen Sie sich leiten: Der Einweg-Puff erfordert keine Vorbereitung oder spezielle Konfiguration Ihrerseits. Es sind sogar keine Kn\u00f6pfe oder Regler eingebaut. Ziehen Sie einfach an Ihrer e-Hookah und sie wird sofort synchron aktiviert, wenn Sie ziehen. Das Design einer elektronischen Einwegzigarette gepaart mit einer Bedienung, die an eine traditionelle Zigarette erinnert! Fans traditioneller Zigaretten oder Liebhaber von Wasserpfeifen-Sessions mit klassischem Tabak werden das Vorhandensein von Nikotin in der E-Fl\u00fcssigkeit bemerken. Es liegt in Form von Nikotinsalzen vor und ist weniger reizend als echtes Nikotin und wird leichter vom K\u00f6rper aufgenommen. Es bietet ein \u00e4hnliches Gef\u00fchl, w\u00e4hrend sie weicher, mit weniger von einem Schlag in der Kehle, werden Sie daher genie\u00dfen Sie alle Aromen von Ihrem e-HookahWPUFF! Derzeit sind drei verschiedene Nikotinst\u00e4rken erh\u00e4ltlich: 1,7% Nikotin, 0,9% Nikotin und eine nikotinfreie Version. Alle diese Versionen sind f\u00fcr Raucher geeignet, die ihren Nikotinkonsum reduzieren wollen, aber die letztgenannte Version ist speziell f\u00fcr Menschen gedacht, die mit dem Rauchen aufh\u00f6ren wollen. Eine nikotinarme Version, aber sicher nicht im Geschmack! Rote Fr\u00fcchte, Schokolade oder frische Minze - die verschiedenen Geschmacksrichtungen entf\u00fchren Sie im Handumdrehen in die Tropen. Sorgf\u00e4ltig im Labor entwickelt, sind sie das Ergebnis einer geschickten Mischung, um ein einzigartiges s\u00fc\u00dfes und intensives Ergebnis zu erzielen, das Sie mit keinem anderen Aroma erreichen k\u00f6nnen. Herbe und gierige Kombinationen, die Sie an die exotische Seite der Wasserpfeifen-Aromen erinnern k\u00f6nnen<\/p>\n<p><strong>Ist der Liquideo Wpuff nachf\u00fcllbar?<\/strong><\/p>\n<p>Diese vorgef\u00fcllte Einwegzigarette wird Sie f\u00fcr eine Weile in Schwung halten: Sie enth\u00e4lt etwa 600 frische Z\u00fcge. Liebhaber des dichten Dampfes, der f\u00fcr eine schmackhafte und perfekt zubereitete Wasserpfeifen-Session charakteristisch ist, werden von der dichten Wolke begeistert sein, die w\u00e4hrend der Sessions entsteht. Ein blinkendes Licht zeigt an, dass die E-Liquid-Patrone in Ihrer Wasserpfeife leer ist. Die Kartusche wird dann unbrauchbar und muss ersetzt werden. Obwohl diese Wasserpfeife ein Einwegzubeh\u00f6r ist und nicht wiederaufladbar, ist sie \u00fcber 95% recycelbar. Sowohl das Aluminiumrohr, aus dem sie hergestellt ist, als auch die Batterie k\u00f6nnen recycelt werden. Tun Sie etwas f\u00fcr die Umwelt und geben Sie Ihrem WPUFF Liquideo Pod ein zweites Leben! Recyceln Sie Ihren Akku auf die gleiche Weise, wie Sie Batterien recyceln.<\/p>\n<p><strong>Was ist der Unterschied zwischen einer Zigarette und einer Wasserpfeife?<\/strong><\/p>\n<p>Der Hookahdisposable ist dank seines intensiven und angenehm riechenden Dampfes perfekt f\u00fcr Wasserpfeifen-S\u00fcchtige und hat viele weitere Qualit\u00e4ten zu bieten. Dank seiner kompakten Gr\u00f6\u00dfe von nur wenigen Zentimetern ist der WPUFF im Hookahpocket-Format leicht zu tragen und stellt eine Ersparnis dar. Dank ihrer Benutzerfreundlichkeit bietet sie ein hohes Ma\u00df an Bequemlichkeit und erm\u00f6glicht es Ihnen, Sessions zu einem geringeren Preis zu genie\u00dfen. Ein weiterer Vorteil dieser tragbaren Wasserpfeife ist die M\u00f6glichkeit, mehrere Sitzungen nach Belieben zu genie\u00dfen, ohne dass Kohlen oder Tabak ben\u00f6tigt werden. F\u00fcr den Genuss dieser k\u00f6stlichen Aromen ist keine Vorbereitung erforderlich, ideal f\u00fcr Nomaden oder Menschen, die es eilig haben. Au\u00dferdem ist im Vergleich zu einer herk\u00f6mmlichen Wasserpfeife keine Wartung oder Reinigung erforderlich. Das spart Zeit und erm\u00f6glicht es Ihnen, Ihre Pausen l\u00e4nger zu genie\u00dfen, so dass Sie die Aromen l\u00e4nger genie\u00dfen k\u00f6nnen! Spezifikationen - L\u00e4nge: ca. 11,5 cm - Durchmesser: ca. 1,5 cm - Drei Versionen: Nikotinfrei \/ 0,9% Nikotin \/ 1,7% Nikotin - Einweg, nicht nachf\u00fcllbar - Wiederverwendbare H\u00fclle.<\/p>","protected":false},"excerpt":{"rendered":"<p>Eine S\u00fc\u00dfwaren und Eis aromatisiert E-Zigarette f\u00fcr einen originellen Geschmack! Die Wpuff Ice Cream Cookie ist nicht zu leugnen, f\u00fcr Fans von neuen Geschmacksrichtungen zu testen!<\/p>","protected":false},"featured_media":29292,"comment_status":"open","ping_status":"closed","template":"","meta":{"_acf_changed":false,"_genesis_hide_title":false,"_genesis_hide_breadcrumbs":false,"_genesis_hide_singular_image":false,"_genesis_hide_footer_widgets":false,"_genesis_custom_body_class":"","_genesis_custom_post_class":"","_genesis_layout":""},"product_brand":[],"product_cat":[587,599],"product_tag":[],"class_list":{"1":"product","2":"type-product","6":"product_cat-disposables","7":"product_cat-wpuff-liquideo","8":"entry","10":"first","11":"outofstock","12":"taxable","13":"shipping-taxable","14":"product-type-variable"},"acf":[],"_links":{"self":[{"href":"https:\/\/eliquidnicotine.co.uk\/de\/wp-json\/wp\/v2\/product\/29113","targetHints":{"allow":["GET"]}}],"collection":[{"href":"https:\/\/eliquidnicotine.co.uk\/de\/wp-json\/wp\/v2\/product"}],"about":[{"href":"https:\/\/eliquidnicotine.co.uk\/de\/wp-json\/wp\/v2\/types\/product"}],"replies":[{"embeddable":true,"href":"https:\/\/eliquidnicotine.co.uk\/de\/wp-json\/wp\/v2\/comments?post=29113"}],"wp:featuredmedia":[{"embeddable":true,"href":"https:\/\/eliquidnicotine.co.uk\/de\/wp-json\/wp\/v2\/media\/29292"}],"wp:attachment":[{"href":"https:\/\/eliquidnicotine.co.uk\/de\/wp-json\/wp\/v2\/media?parent=29113"}],"wp:term":[{"taxonomy":"product_brand","embeddable":true,"href":"https:\/\/eliquidnicotine.co.uk\/de\/wp-json\/wp\/v2\/product_brand?post=29113"},{"taxonomy":"product_cat","embeddable":true,"href":"https:\/\/eliquidnicotine.co.uk\/de\/wp-json\/wp\/v2\/product_cat?post=29113"},{"taxonomy":"product_tag","embeddable":true,"href":"https:\/\/eliquidnicotine.co.uk\/de\/wp-json\/wp\/v2\/product_tag?post=29113"}],"curies":[{"name":"wp","href":"https:\/\/api.w.org\/{rel}","templated":true}]}}