{"id":29169,"date":"2022-11-30T16:34:36","date_gmt":"2022-11-30T16:34:36","guid":{"rendered":"https:\/\/eliquidnicotine.co.uk\/shop\/crystal-bar-peach-ice\/"},"modified":"2024-09-18T12:32:36","modified_gmt":"2024-09-18T11:32:36","slug":"crystal-bar-peach-ice","status":"publish","type":"product","link":"https:\/\/eliquidnicotine.co.uk\/de\/shop\/kristall-bar-peach-ice\/","title":{"rendered":"Crystal Bar Pfirsich Eis"},"content":{"rendered":"<p><strong>SKE Crystal Bar Einwegartikel<\/strong><\/p>\n<p>Crystal Original Disposable Vapes sind in einer Vielzahl von Geschmacksrichtungen erh\u00e4ltlich. Jedes Ger\u00e4t enth\u00e4lt 2 ml Niksalz mit einer Nikotinst\u00e4rke von 20 mg und wird von einem integrierten 500-mAh-Akku betrieben.<\/p>\n<p>Mit einer Kapazit\u00e4t von bis zu 600 Z\u00fcgen wird jedes Ger\u00e4t durch Ziehen aktiviert, was bedeutet, dass der Benutzer einfach am Ger\u00e4t inhaliert, um es zu aktivieren. Sobald das Ger\u00e4t die gesamte E-Fl\u00fcssigkeit verbraucht hat, kann es entsorgt werden.<\/p>\n<p>Spezifikationen:<\/p>\n<p>Bis zu 600 Z\u00fcge<br \/>\n500mAh-Akku<br \/>\nMTL-Dampfen<br \/>\n2ml Nikotinsalz E-Fl\u00fcssigkeit<br \/>\nNikotinst\u00e4rke 20 mg<\/p>","protected":false},"excerpt":{"rendered":"<p class=\"rm-product-info-desc-prod-title\">SKE Crystal Bar Pfirsich Eis Einweg Vape<\/p>\n<div class=\"rm-product-info-desc-txt\">\n<p><b><\/b>Der Crystal Bar von SKE ist ein Einweg-Puffger\u00e4t, das mit nikotinsalzbasiertem E-Liquid bef\u00fcllt wird. Es besteht keine Notwendigkeit, ihn mit E-Liquid zu f\u00fcllen, aufzuladen oder Pods oder Coils zu wechseln.<\/p>\n<p>Geschmack - Peach Ice: gefrorener Pfirsich<\/p>\n<\/div>","protected":false},"featured_media":29308,"comment_status":"open","ping_status":"closed","template":"","meta":{"_acf_changed":false,"_genesis_hide_title":false,"_genesis_hide_breadcrumbs":false,"_genesis_hide_singular_image":false,"_genesis_hide_footer_widgets":false,"_genesis_custom_body_class":"","_genesis_custom_post_class":"","_genesis_layout":""},"product_brand":[],"product_cat":[598,587],"product_tag":[],"class_list":{"1":"product","2":"type-product","6":"product_cat-crystal-bar","7":"product_cat-disposables","8":"entry","10":"first","11":"outofstock","12":"taxable","13":"shipping-taxable","14":"purchasable","15":"product-type-variable"},"acf":[],"_links":{"self":[{"href":"https:\/\/eliquidnicotine.co.uk\/de\/wp-json\/wp\/v2\/product\/29169","targetHints":{"allow":["GET"]}}],"collection":[{"href":"https:\/\/eliquidnicotine.co.uk\/de\/wp-json\/wp\/v2\/product"}],"about":[{"href":"https:\/\/eliquidnicotine.co.uk\/de\/wp-json\/wp\/v2\/types\/product"}],"replies":[{"embeddable":true,"href":"https:\/\/eliquidnicotine.co.uk\/de\/wp-json\/wp\/v2\/comments?post=29169"}],"wp:featuredmedia":[{"embeddable":true,"href":"https:\/\/eliquidnicotine.co.uk\/de\/wp-json\/wp\/v2\/media\/29308"}],"wp:attachment":[{"href":"https:\/\/eliquidnicotine.co.uk\/de\/wp-json\/wp\/v2\/media?parent=29169"}],"wp:term":[{"taxonomy":"product_brand","embeddable":true,"href":"https:\/\/eliquidnicotine.co.uk\/de\/wp-json\/wp\/v2\/product_brand?post=29169"},{"taxonomy":"product_cat","embeddable":true,"href":"https:\/\/eliquidnicotine.co.uk\/de\/wp-json\/wp\/v2\/product_cat?post=29169"},{"taxonomy":"product_tag","embeddable":true,"href":"https:\/\/eliquidnicotine.co.uk\/de\/wp-json\/wp\/v2\/product_tag?post=29169"}],"curies":[{"name":"wp","href":"https:\/\/api.w.org\/{rel}","templated":true}]}}