{"id":29747,"date":"2023-01-06T15:04:06","date_gmt":"2023-01-06T14:04:06","guid":{"rendered":"https:\/\/eliquidnicotine.co.uk\/?post_type=product&#038;p=29747"},"modified":"2024-09-18T12:32:36","modified_gmt":"2024-09-18T11:32:36","slug":"crystal-bar-blueberry-peach-ice","status":"publish","type":"product","link":"https:\/\/eliquidnicotine.co.uk\/de\/shop\/kristall-riegel-blaubeer-pfirsich-eis\/","title":{"rendered":"Crystal Bar Blaubeer-Pfirsich-Eis"},"content":{"rendered":"<p>Technische Daten Modell: SKE Crystal Bar Disposable Typ: Power puff Einweg elektronische Zigarette Materialien: Aluminiumlegierung + PCTG Gr\u00f6\u00dfe: 16,25 x 16 x 110mm Batteriekapazit\u00e4t: 500 mAh Tankkapazit\u00e4t: 2ml Puffs: 600 Puffs Coil-Typ: Mesh-Spule - f\u00fcr ultimative Geschmackserlebnis Coil-Widerstand: 1,2ohm Spannung \/ Leistung: 11W Nikotinst\u00e4rke: 2% (20mg Nikotinsalz)<\/p>","protected":false},"excerpt":{"rendered":"<p>Die SKE Crystal Bar Blueberry Peach Ice ist eine Einweg-E-Zigarette, die 600 Z\u00fcge (3 Schachteln Zigaretten) enth\u00e4lt. Die Wirkung der Crystal Bar kann mit der einer Zigarette verglichen werden. Die Sorte Blueberry Peach Ice schmeckt wie eine Mischung aus Blaubeeren und Pfirsich mit...<\/p>","protected":false},"featured_media":29795,"comment_status":"open","ping_status":"closed","template":"","meta":{"_acf_changed":false,"_genesis_hide_title":false,"_genesis_hide_breadcrumbs":false,"_genesis_hide_singular_image":false,"_genesis_hide_footer_widgets":false,"_genesis_custom_body_class":"","_genesis_custom_post_class":"","_genesis_layout":""},"product_brand":[],"product_cat":[598,587],"product_tag":[],"class_list":{"1":"product","2":"type-product","6":"product_cat-crystal-bar","7":"product_cat-disposables","8":"entry","10":"first","11":"outofstock","12":"taxable","13":"shipping-taxable","14":"purchasable","15":"product-type-variable"},"acf":[],"_links":{"self":[{"href":"https:\/\/eliquidnicotine.co.uk\/de\/wp-json\/wp\/v2\/product\/29747","targetHints":{"allow":["GET"]}}],"collection":[{"href":"https:\/\/eliquidnicotine.co.uk\/de\/wp-json\/wp\/v2\/product"}],"about":[{"href":"https:\/\/eliquidnicotine.co.uk\/de\/wp-json\/wp\/v2\/types\/product"}],"replies":[{"embeddable":true,"href":"https:\/\/eliquidnicotine.co.uk\/de\/wp-json\/wp\/v2\/comments?post=29747"}],"wp:featuredmedia":[{"embeddable":true,"href":"https:\/\/eliquidnicotine.co.uk\/de\/wp-json\/wp\/v2\/media\/29795"}],"wp:attachment":[{"href":"https:\/\/eliquidnicotine.co.uk\/de\/wp-json\/wp\/v2\/media?parent=29747"}],"wp:term":[{"taxonomy":"product_brand","embeddable":true,"href":"https:\/\/eliquidnicotine.co.uk\/de\/wp-json\/wp\/v2\/product_brand?post=29747"},{"taxonomy":"product_cat","embeddable":true,"href":"https:\/\/eliquidnicotine.co.uk\/de\/wp-json\/wp\/v2\/product_cat?post=29747"},{"taxonomy":"product_tag","embeddable":true,"href":"https:\/\/eliquidnicotine.co.uk\/de\/wp-json\/wp\/v2\/product_tag?post=29747"}],"curies":[{"name":"wp","href":"https:\/\/api.w.org\/{rel}","templated":true}]}}