{"id":38085,"date":"2025-01-24T10:13:57","date_gmt":"2025-01-24T09:13:57","guid":{"rendered":"https:\/\/eliquidnicotine.co.uk\/?post_type=product&#038;p=38085"},"modified":"2025-12-13T08:11:49","modified_gmt":"2025-12-13T07:11:49","slug":"nicotine-salt-crystals","status":"publish","type":"product","link":"https:\/\/eliquidnicotine.co.uk\/de\/shop\/nikotinsalzkristalle\/","title":{"rendered":"Nikotinsalzkristalle"},"content":{"rendered":"<p>----------------BENZOAT SALICYLAT MALAT<\/p>\n<p>Gehalt an Freebase-Nikotin:      +- 57% +- 54% +- 55%<\/p>\n<p>Maximale St\u00e4rke 200 mg\/ml 150 mg\/ml 200 mg\/ml<\/p>\n<p>Kehlkopftreffer Ja Ja Ja<\/p>\n<p>Lagerung -25-5 C -25-5 C -25-5 C<\/p>\n<p>Geschmack Neutral Neutral Zitrisch\/S\u00e4uerlich<\/p>\n<p>Zum Mischen von 100 mg\/ml werden etwa 170-185 Gramm auf einen Liter verwendet.<\/p>","protected":false},"excerpt":{"rendered":"<p>Nikotinsalze in Pulverform, die in PG, VG oder einer Mischung verd\u00fcnnt werden. Beim Verd\u00fcnnen verwenden Sie eine Basis, die leicht \"warm\" ist, lassen Sie es in warmem Wasser sitzen, um den Prozess schneller abzuschlie\u00dfen. Sch\u00fctteln Sie es alle paar Minuten oder Stunden und warten Sie, bis das Pulver vollst\u00e4ndig in die Basis eingezogen ist, das kann eine Weile dauern, sogar einen Tag oder eine Nacht.<\/p>\n<p>Die Verpackung kann von der tats\u00e4chlichen Produktabbildung abweichen.<\/p>","protected":false},"featured_media":38145,"comment_status":"open","ping_status":"closed","template":"","meta":{"_acf_changed":false,"_genesis_hide_title":false,"_genesis_hide_breadcrumbs":false,"_genesis_hide_singular_image":false,"_genesis_hide_footer_widgets":false,"_genesis_custom_body_class":"","_genesis_custom_post_class":"","_genesis_layout":""},"product_brand":[],"product_cat":[571],"product_tag":[],"class_list":{"1":"product","2":"type-product","6":"product_cat-wholesale","7":"entry","9":"first","10":"instock","11":"taxable","12":"shipping-taxable","13":"purchasable","14":"product-type-variable"},"acf":[],"_links":{"self":[{"href":"https:\/\/eliquidnicotine.co.uk\/de\/wp-json\/wp\/v2\/product\/38085","targetHints":{"allow":["GET"]}}],"collection":[{"href":"https:\/\/eliquidnicotine.co.uk\/de\/wp-json\/wp\/v2\/product"}],"about":[{"href":"https:\/\/eliquidnicotine.co.uk\/de\/wp-json\/wp\/v2\/types\/product"}],"replies":[{"embeddable":true,"href":"https:\/\/eliquidnicotine.co.uk\/de\/wp-json\/wp\/v2\/comments?post=38085"}],"wp:featuredmedia":[{"embeddable":true,"href":"https:\/\/eliquidnicotine.co.uk\/de\/wp-json\/wp\/v2\/media\/38145"}],"wp:attachment":[{"href":"https:\/\/eliquidnicotine.co.uk\/de\/wp-json\/wp\/v2\/media?parent=38085"}],"wp:term":[{"taxonomy":"product_brand","embeddable":true,"href":"https:\/\/eliquidnicotine.co.uk\/de\/wp-json\/wp\/v2\/product_brand?post=38085"},{"taxonomy":"product_cat","embeddable":true,"href":"https:\/\/eliquidnicotine.co.uk\/de\/wp-json\/wp\/v2\/product_cat?post=38085"},{"taxonomy":"product_tag","embeddable":true,"href":"https:\/\/eliquidnicotine.co.uk\/de\/wp-json\/wp\/v2\/product_tag?post=38085"}],"curies":[{"name":"wp","href":"https:\/\/api.w.org\/{rel}","templated":true}]}}