{"id":557,"date":"2018-05-06T18:06:33","date_gmt":"2018-05-06T18:06:33","guid":{"rendered":"https:\/\/eliquidnicotine.co.uk\/?post_type=product&#038;p=557"},"modified":"2025-06-17T15:15:33","modified_gmt":"2025-06-17T14:15:33","slug":"nicotine-salts","status":"publish","type":"product","link":"https:\/\/eliquidnicotine.co.uk\/de\/shop\/nikotinsalze\/","title":{"rendered":"Nikotinsalze basis bis 100 mg\/ml"},"content":{"rendered":"<p>&nbsp;<\/p>\n<p><img loading=\"lazy\" decoding=\"async\" title=\"Nikotinwarnung\" src=\"https:\/\/eliquidnicotine.co.uk\/wp-content\/uploads\/2017\/12\/Unknown-1.png\" alt=\"Warnung Nikotin\" width=\"300\" height=\"150\" \/><\/p>\n<h3>Vorteile<\/h3>\n<p>Nikotinsalze k\u00f6nnten die L\u00f6sung f\u00fcr viele Vaper sein, die zum ersten Mal normale Fl\u00fcssigkeiten ausprobieren und feststellen, dass sie nicht die gleiche Befriedigung aus ihrem Nikotin bekommen. Und es reicht vielleicht nicht aus, um ihr Nikotinbed\u00fcrfnis oder ihren Hei\u00dfhunger zu befriedigen.<\/p>\n<p>Smoother Nikotinschlag: Ein Problem f\u00fcr viele &#8220;M\u00f6chtegern&#8221; vapers ist, dass die meisten E-Fl\u00fcssigkeiten zu hart sind, und Nikotin ist schuld. Zigarettenfirmen fanden den Weg um dieses Problem herum und verwenden An\u00e4sthetika wie Menthol oder Eugenol, um die H\u00e4rte zu verschleiern und zu maskieren. Vape S\u00e4fte oder e Fl\u00fcssigkeiten don&#8217;t, so dass das weichere Gef\u00fchl von Nikotinsalzfl\u00fcssigkeiten einen signifikanten Unterschied macht.<\/p>\n<p>Weniger Geschmacksbeeinflussung: Diejenigen von uns, die nikotinfreie E-Fl\u00fcssigkeiten verwenden, k\u00f6nnen einen gro\u00dfen Unterschied im Geschmack bemerken, obwohl sie das gleiche Produkt rauchen, denn Freebase Nikotin, das in den meisten S\u00e4ften verwendet wird, beeinflusst den Gesamtaroma der Fl\u00fcssigkeit.<\/p>\n<p>Ein weiterer Unterschied ist, dass Sie keinen Sub-Ohm-Tank oder Box-Mod ben\u00f6tigen, um Ihr Nikotinbed\u00fcrfnis zu befriedigen, ein diskretes Vaping-Ger\u00e4t in Stiftgr\u00f6\u00dfe reicht aus, um Ihre Bed\u00fcrfnisse zu erf\u00fcllen.<\/p>","protected":false},"excerpt":{"rendered":"<p>Nikotinsalze PG\/VG 50\/50<\/p>","protected":false},"featured_media":389,"comment_status":"open","ping_status":"closed","template":"","meta":{"_acf_changed":false,"_genesis_hide_title":false,"_genesis_hide_breadcrumbs":false,"_genesis_hide_singular_image":false,"_genesis_hide_footer_widgets":false,"_genesis_custom_body_class":"","_genesis_custom_post_class":"","_genesis_layout":""},"product_brand":[],"product_cat":[242],"product_tag":[],"class_list":{"1":"product","2":"type-product","6":"product_cat-nicotine-liquid","7":"entry","9":"first","10":"instock","11":"taxable","12":"shipping-taxable","13":"purchasable","14":"product-type-variable","15":"has-default-attributes"},"acf":[],"_links":{"self":[{"href":"https:\/\/eliquidnicotine.co.uk\/de\/wp-json\/wp\/v2\/product\/557","targetHints":{"allow":["GET"]}}],"collection":[{"href":"https:\/\/eliquidnicotine.co.uk\/de\/wp-json\/wp\/v2\/product"}],"about":[{"href":"https:\/\/eliquidnicotine.co.uk\/de\/wp-json\/wp\/v2\/types\/product"}],"replies":[{"embeddable":true,"href":"https:\/\/eliquidnicotine.co.uk\/de\/wp-json\/wp\/v2\/comments?post=557"}],"wp:featuredmedia":[{"embeddable":true,"href":"https:\/\/eliquidnicotine.co.uk\/de\/wp-json\/wp\/v2\/media\/389"}],"wp:attachment":[{"href":"https:\/\/eliquidnicotine.co.uk\/de\/wp-json\/wp\/v2\/media?parent=557"}],"wp:term":[{"taxonomy":"product_brand","embeddable":true,"href":"https:\/\/eliquidnicotine.co.uk\/de\/wp-json\/wp\/v2\/product_brand?post=557"},{"taxonomy":"product_cat","embeddable":true,"href":"https:\/\/eliquidnicotine.co.uk\/de\/wp-json\/wp\/v2\/product_cat?post=557"},{"taxonomy":"product_tag","embeddable":true,"href":"https:\/\/eliquidnicotine.co.uk\/de\/wp-json\/wp\/v2\/product_tag?post=557"}],"curies":[{"name":"wp","href":"https:\/\/api.w.org\/{rel}","templated":true}]}}