{"id":5864,"date":"2019-11-23T13:49:26","date_gmt":"2019-11-23T13:49:26","guid":{"rendered":"https:\/\/eliquidnicotine.co.uk\/shop\/capella-pineapple-gold\/"},"modified":"2025-04-02T15:31:42","modified_gmt":"2025-04-02T14:31:42","slug":"capella-pineapple-gold","status":"publish","type":"product","link":"https:\/\/eliquidnicotine.co.uk\/de\/shop\/cappella-ananas-gold\/","title":{"rendered":"Capella Ananas Gold"},"content":{"rendered":"<p>Die Capella-Konzentrate geh\u00f6ren zu den besten der Welt und genie\u00dfen unter Heimwerkern einen wohlverdienten Ruf. Der Name Capella ist weltweit bekannt f\u00fcr die gro\u00dfe Vielfalt an Aromen, die mit den besten Zutaten in der Produktionsst\u00e4tte in Kalifornien, USA, hergestellt werden. Alle Capella-Aroma-Konzentrate erf\u00fcllen die strengsten Qualit\u00e4ts- und Reinheitsnormen des Staates Kalifornien.<\/p>\n<p>Inhaltsstoffe<br \/>\nNat\u00fcrliche Aromen, Propylenglykol.<\/p>\n<p>Anmerkungen<br \/>\nDies ist ein konzentriertes Aroma, das in einer DIY-E-Fl\u00fcssigkeit gemischt werden kann. Es darf nicht ohne Verd\u00fcnnung verdampft werden.<br \/>\nWir empfehlen, die meisten Capella-Konzentrate zun\u00e4chst mit ca. 15% zu mischen und dann nach pers\u00f6nlichem Geschmack zu verwenden.<br \/>\nAlle Capella-Konzentrate basieren auf PG.<\/p>\n<p>Farbunterschiede k\u00f6nnen zwischen verschiedenen Chargen desselben Aromas auftreten. Dies ist ein nat\u00fcrliches Ergebnis des Aromaproduktionsprozesses<\/p>","protected":false},"excerpt":{"rendered":"<p>Capella Ananas-Goldkonzentrat bringt Ihnen den frischen und nat\u00fcrlichen Geschmack s\u00fc\u00dfer und saftiger tropischer Mangos, die Sie nicht ohne Verd\u00fcnnung verzehren sollten.<\/p>","protected":false},"featured_media":11577,"comment_status":"open","ping_status":"closed","template":"","meta":{"_acf_changed":false,"_genesis_hide_title":false,"_genesis_hide_breadcrumbs":false,"_genesis_hide_singular_image":false,"_genesis_hide_footer_widgets":false,"_genesis_custom_body_class":"","_genesis_custom_post_class":"","_genesis_layout":""},"product_brand":[],"product_cat":[398,573],"product_tag":[],"class_list":{"1":"product","2":"type-product","6":"product_cat-capella-flavours-for-self-mixing-10-30-and-50-ml","7":"product_cat-flavours-for-e-liquid-mixing","8":"entry","10":"first","11":"outofstock","12":"taxable","13":"shipping-taxable","14":"purchasable","15":"product-type-variable"},"acf":[],"_links":{"self":[{"href":"https:\/\/eliquidnicotine.co.uk\/de\/wp-json\/wp\/v2\/product\/5864","targetHints":{"allow":["GET"]}}],"collection":[{"href":"https:\/\/eliquidnicotine.co.uk\/de\/wp-json\/wp\/v2\/product"}],"about":[{"href":"https:\/\/eliquidnicotine.co.uk\/de\/wp-json\/wp\/v2\/types\/product"}],"replies":[{"embeddable":true,"href":"https:\/\/eliquidnicotine.co.uk\/de\/wp-json\/wp\/v2\/comments?post=5864"}],"wp:featuredmedia":[{"embeddable":true,"href":"https:\/\/eliquidnicotine.co.uk\/de\/wp-json\/wp\/v2\/media\/11577"}],"wp:attachment":[{"href":"https:\/\/eliquidnicotine.co.uk\/de\/wp-json\/wp\/v2\/media?parent=5864"}],"wp:term":[{"taxonomy":"product_brand","embeddable":true,"href":"https:\/\/eliquidnicotine.co.uk\/de\/wp-json\/wp\/v2\/product_brand?post=5864"},{"taxonomy":"product_cat","embeddable":true,"href":"https:\/\/eliquidnicotine.co.uk\/de\/wp-json\/wp\/v2\/product_cat?post=5864"},{"taxonomy":"product_tag","embeddable":true,"href":"https:\/\/eliquidnicotine.co.uk\/de\/wp-json\/wp\/v2\/product_tag?post=5864"}],"curies":[{"name":"wp","href":"https:\/\/api.w.org\/{rel}","templated":true}]}}