{"id":5918,"date":"2019-11-23T13:49:28","date_gmt":"2019-11-23T13:49:28","guid":{"rendered":"https:\/\/eliquidnicotine.co.uk\/shop\/la-tabaccheria-black-cavendish-tabak-extrakt-aroma\/"},"modified":"2021-08-07T13:54:15","modified_gmt":"2021-08-07T13:54:15","slug":"la-tabaccheria-black-cavendish-tobacco-extract-flavour","status":"publish","type":"product","link":"https:\/\/eliquidnicotine.co.uk\/de\/shop\/la-tabaccheria-schwarzer-kavendish-tabak-extrakt-geschmack\/","title":{"rendered":"La Tabaccheria Schwarzer Kavendish"},"content":{"rendered":"<p>Die Methode besteht darin, den Tabak einer Aromatisierung zu unterziehen oder den Tabak einem starken Druck auszusetzen, indem die Freisetzung von nat\u00fcrlichen Zuckern erleichtert wird. Der Extrakt aus schwarzem Cavendish-Tabak ist eine perfekte Harmonie der Aromatizit\u00e4t, zwischen dem leicht s\u00fc\u00dfen und dem trockenen, ein Gleichgewicht, das so perfekt ist, dass es nicht in der Lage ist, einen genauen Standort zu bestimmen, und dies ist seine gr\u00f6\u00dfte St\u00e4rke. Er wird den ganzen Tag lang ein treuer Dampfbegleiter sein, sowohl f\u00fcr Liebhaber trockener Aromen als auch f\u00fcr Liebhaber aromatischerer Geschmacksrichtungen.<\/p>","protected":false},"excerpt":{"rendered":"<p>Inhalt 10 ml Black Cavendish ist keine wirkliche Tabaksorte, sondern eine zus\u00e4tzliche Pflegemethode, die bei einer Mischung von unverarbeitetem Tabak angewendet wird. H\u00e4ufiger werden Virginia und\/oder Burley verwendet.<\/p>","protected":false},"featured_media":439,"comment_status":"open","ping_status":"closed","template":"","meta":{"_acf_changed":false,"_genesis_hide_title":false,"_genesis_hide_breadcrumbs":false,"_genesis_hide_singular_image":false,"_genesis_hide_footer_widgets":false,"_genesis_custom_body_class":"","_genesis_custom_post_class":"","_genesis_layout":""},"product_brand":[],"product_cat":[250],"product_tag":[],"class_list":{"1":"product","2":"type-product","6":"product_cat-pure-tobacco-extract-flavours","7":"entry","9":"first","10":"outofstock","11":"taxable","12":"shipping-taxable","13":"purchasable","14":"product-type-simple"},"acf":[],"_links":{"self":[{"href":"https:\/\/eliquidnicotine.co.uk\/de\/wp-json\/wp\/v2\/product\/5918","targetHints":{"allow":["GET"]}}],"collection":[{"href":"https:\/\/eliquidnicotine.co.uk\/de\/wp-json\/wp\/v2\/product"}],"about":[{"href":"https:\/\/eliquidnicotine.co.uk\/de\/wp-json\/wp\/v2\/types\/product"}],"replies":[{"embeddable":true,"href":"https:\/\/eliquidnicotine.co.uk\/de\/wp-json\/wp\/v2\/comments?post=5918"}],"wp:featuredmedia":[{"embeddable":true,"href":"https:\/\/eliquidnicotine.co.uk\/de\/wp-json\/wp\/v2\/media\/439"}],"wp:attachment":[{"href":"https:\/\/eliquidnicotine.co.uk\/de\/wp-json\/wp\/v2\/media?parent=5918"}],"wp:term":[{"taxonomy":"product_brand","embeddable":true,"href":"https:\/\/eliquidnicotine.co.uk\/de\/wp-json\/wp\/v2\/product_brand?post=5918"},{"taxonomy":"product_cat","embeddable":true,"href":"https:\/\/eliquidnicotine.co.uk\/de\/wp-json\/wp\/v2\/product_cat?post=5918"},{"taxonomy":"product_tag","embeddable":true,"href":"https:\/\/eliquidnicotine.co.uk\/de\/wp-json\/wp\/v2\/product_tag?post=5918"}],"curies":[{"name":"wp","href":"https:\/\/api.w.org\/{rel}","templated":true}]}}