{"id":5922,"date":"2019-11-23T13:49:28","date_gmt":"2019-11-23T13:49:28","guid":{"rendered":"https:\/\/eliquidnicotine.co.uk\/shop\/la-tabaccheria-english-mixture-tabak-extrakt-aroma\/"},"modified":"2021-07-05T11:28:49","modified_gmt":"2021-07-05T11:28:49","slug":"la-tabaccheria-english-mixture-tobacco-extract-flavour","status":"publish","type":"product","link":"https:\/\/eliquidnicotine.co.uk\/de\/shop\/tabaccheria-englische-mischung\/","title":{"rendered":"La Tabaccheria Englische Mischung"},"content":{"rendered":"<p>Auf der Suche nach dem besten Rezept f\u00fcr die \"guten Noten\" der Protagonisten der Latakia haben wir diese Mischung am ausgewogensten interpretiert. Diese Mischung ist die Quintessenz der Latakia, ein Triumph der sich entfaltenden Aromen und ihres Fortbestehens auch nach dem Ausatmen. Eine Mischung aus Meditation und Entspannung. Um die Symphonie der Aromen zu vervollst\u00e4ndigen, sind die Barrique-Noten, die den Geschmack einer der aufw\u00e4ndigsten Mischungen abrunden und versch\u00f6nern.<\/p>","protected":false},"excerpt":{"rendered":"<p>Inhalt 10 ml<\/p>\n<p>Die englische Mischung hat unterschiedliche Interpretationen und Rezepte, zwischen klassisch und modern. Die Konstante ist eine starke Pr\u00e4senz von Latakia, begleitet von Virginia, orientalischen und oft auch anderen Sorten.<\/p>","protected":false},"featured_media":471,"comment_status":"open","ping_status":"closed","template":"","meta":{"_acf_changed":false,"_genesis_hide_title":false,"_genesis_hide_breadcrumbs":false,"_genesis_hide_singular_image":false,"_genesis_hide_footer_widgets":false,"_genesis_custom_body_class":"","_genesis_custom_post_class":"","_genesis_layout":""},"product_brand":[],"product_cat":[250],"product_tag":[],"class_list":{"1":"product","2":"type-product","6":"product_cat-pure-tobacco-extract-flavours","7":"entry","9":"first","10":"outofstock","11":"taxable","12":"shipping-taxable","13":"purchasable","14":"product-type-simple"},"acf":[],"_links":{"self":[{"href":"https:\/\/eliquidnicotine.co.uk\/de\/wp-json\/wp\/v2\/product\/5922","targetHints":{"allow":["GET"]}}],"collection":[{"href":"https:\/\/eliquidnicotine.co.uk\/de\/wp-json\/wp\/v2\/product"}],"about":[{"href":"https:\/\/eliquidnicotine.co.uk\/de\/wp-json\/wp\/v2\/types\/product"}],"replies":[{"embeddable":true,"href":"https:\/\/eliquidnicotine.co.uk\/de\/wp-json\/wp\/v2\/comments?post=5922"}],"wp:featuredmedia":[{"embeddable":true,"href":"https:\/\/eliquidnicotine.co.uk\/de\/wp-json\/wp\/v2\/media\/471"}],"wp:attachment":[{"href":"https:\/\/eliquidnicotine.co.uk\/de\/wp-json\/wp\/v2\/media?parent=5922"}],"wp:term":[{"taxonomy":"product_brand","embeddable":true,"href":"https:\/\/eliquidnicotine.co.uk\/de\/wp-json\/wp\/v2\/product_brand?post=5922"},{"taxonomy":"product_cat","embeddable":true,"href":"https:\/\/eliquidnicotine.co.uk\/de\/wp-json\/wp\/v2\/product_cat?post=5922"},{"taxonomy":"product_tag","embeddable":true,"href":"https:\/\/eliquidnicotine.co.uk\/de\/wp-json\/wp\/v2\/product_tag?post=5922"}],"curies":[{"name":"wp","href":"https:\/\/api.w.org\/{rel}","templated":true}]}}