{"id":5924,"date":"2019-11-23T13:49:29","date_gmt":"2019-11-23T13:49:29","guid":{"rendered":"https:\/\/eliquidnicotine.co.uk\/shop\/la-tabaccheria-balkan-mixture-tabak-extrakt-aroma\/"},"modified":"2021-03-08T09:23:04","modified_gmt":"2021-03-08T09:23:04","slug":"la-tabaccheria-balkan-mixture-tobacco-extract-flavour","status":"publish","type":"product","link":"https:\/\/eliquidnicotine.co.uk\/de\/shop\/tabaccheria-balkan-mischung\/","title":{"rendered":"La Tabaccheria Balkan-Mischung"},"content":{"rendered":"<p>Die Konstante ist eine starke Pr\u00e4senz des Orientalischen, begleitet von Virginia und Latakia und oft auch anderen Sorten. Wir haben diese Mischung so interpretiert, dass die Noten des Orientalischen die Protagonisten sind. Diese Mischung ist die Quintessenz des Orientalischen, in der seine w\u00fcrzigen Noten ohne Kontrast zu den aromatischen und rauchigen Noten der Latakia und den s\u00fc\u00dfen Noten der Virginia ikonisiert werden. Eine aromatische Mischung, die auch die anspruchsvollsten Verdampfer den ganzen Tag begleiten kann. Um die Symphonie der Aromen zu vervollst\u00e4ndigen, sind die Barrique-Noten, die den Geschmack einer der aufwendigsten Mischungen abrunden und versch\u00f6nern.<\/p>","protected":false},"excerpt":{"rendered":"<p>Inhalt 10 ml Die Balkan-Mischung wird wegen ihrer guten Dosis an Latakia oft als EM (Englische Mischung) angesehen und hat ebenso wie das EM unterschiedliche Interpretationen und Rezepte.\u00a0<\/p>","protected":false},"featured_media":440,"comment_status":"open","ping_status":"closed","template":"","meta":{"_acf_changed":false,"_genesis_hide_title":false,"_genesis_hide_breadcrumbs":false,"_genesis_hide_singular_image":false,"_genesis_hide_footer_widgets":false,"_genesis_custom_body_class":"","_genesis_custom_post_class":"","_genesis_layout":""},"product_brand":[],"product_cat":[250],"product_tag":[],"class_list":{"1":"product","2":"type-product","6":"product_cat-pure-tobacco-extract-flavours","7":"entry","9":"first","10":"outofstock","11":"taxable","12":"shipping-taxable","13":"purchasable","14":"product-type-simple"},"acf":[],"_links":{"self":[{"href":"https:\/\/eliquidnicotine.co.uk\/de\/wp-json\/wp\/v2\/product\/5924","targetHints":{"allow":["GET"]}}],"collection":[{"href":"https:\/\/eliquidnicotine.co.uk\/de\/wp-json\/wp\/v2\/product"}],"about":[{"href":"https:\/\/eliquidnicotine.co.uk\/de\/wp-json\/wp\/v2\/types\/product"}],"replies":[{"embeddable":true,"href":"https:\/\/eliquidnicotine.co.uk\/de\/wp-json\/wp\/v2\/comments?post=5924"}],"wp:featuredmedia":[{"embeddable":true,"href":"https:\/\/eliquidnicotine.co.uk\/de\/wp-json\/wp\/v2\/media\/440"}],"wp:attachment":[{"href":"https:\/\/eliquidnicotine.co.uk\/de\/wp-json\/wp\/v2\/media?parent=5924"}],"wp:term":[{"taxonomy":"product_brand","embeddable":true,"href":"https:\/\/eliquidnicotine.co.uk\/de\/wp-json\/wp\/v2\/product_brand?post=5924"},{"taxonomy":"product_cat","embeddable":true,"href":"https:\/\/eliquidnicotine.co.uk\/de\/wp-json\/wp\/v2\/product_cat?post=5924"},{"taxonomy":"product_tag","embeddable":true,"href":"https:\/\/eliquidnicotine.co.uk\/de\/wp-json\/wp\/v2\/product_tag?post=5924"}],"curies":[{"name":"wp","href":"https:\/\/api.w.org\/{rel}","templated":true}]}}