{"id":5926,"date":"2019-11-23T13:49:29","date_gmt":"2019-11-23T13:49:29","guid":{"rendered":"https:\/\/eliquidnicotine.co.uk\/shop\/la-tabaccheria-bezuki-tabak-extrakt-aroma\/"},"modified":"2021-06-14T07:30:36","modified_gmt":"2021-06-14T07:30:36","slug":"la-tabaccheria-bezuki-tobacco-extract-flavour","status":"publish","type":"product","link":"https:\/\/eliquidnicotine.co.uk\/de\/shop\/la-tabaccheria-bezuki-tobacco-extrakt-geschmack\/","title":{"rendered":"La Tabaccheria Bezuki"},"content":{"rendered":"<p>Bezuki geh\u00f6rt zur Klasse Dark Air Cured. Die zu dieser Klasse geh\u00f6renden Tabake werden f\u00fcr die Herstellung von Zigarren verwendet, werden an der Luft getrocknet und durchlaufen eine Fermentation, nach der die Bl\u00e4tter eine ausgesprochen dunkle Farbe und sehr ausgepr\u00e4gte aromatische Eigenschaften erhalten. Bezuki wird f\u00fcr die Herstellung vieler Zigarren sowohl als Wrapper (\u00e4u\u00dferer Zigarreng\u00fcrtel), als Binder (Zigarrenunterg\u00fcrtel) als auch als Filler (Zigarrenf\u00fcllung) verwendet, wobei sie wegen ihrer bemerkenswerten aromatischen Eigenschaften oft der Connecticut Shade, einer der am meisten verwendeten Zigarren, vorgezogen wird. Der Bezuki Tabakextrakt, der zu unserer Elite Line geh\u00f6rt, wird Sie mit einem einzigartigen und im Gegensatz zu jedem anderen Tabak, intensiven und w\u00fcrzigen Aroma \u00fcberraschen, das es Ihnen erlaubt, neue und befriedigende, pers\u00f6nliche Mischungen zu kreieren.<\/p>","protected":false},"excerpt":{"rendered":"<p>Inhalt 10 ml Bezuki ist ein typischer Tabak Indonesiens, ein Land, das durch Sonne, Vulkanerde und einen angemessenen Feuchtigkeitsgrad gesegnet ist, ideale Eigenschaften f\u00fcr den Anbau und die Pflege dieses ganz besonderen Tabaks.\u00a0<\/p>","protected":false},"featured_media":435,"comment_status":"open","ping_status":"closed","template":"","meta":{"_acf_changed":false,"_genesis_hide_title":false,"_genesis_hide_breadcrumbs":false,"_genesis_hide_singular_image":false,"_genesis_hide_footer_widgets":false,"_genesis_custom_body_class":"","_genesis_custom_post_class":"","_genesis_layout":""},"product_brand":[],"product_cat":[250],"product_tag":[],"class_list":{"1":"product","2":"type-product","6":"product_cat-pure-tobacco-extract-flavours","7":"entry","9":"first","10":"outofstock","11":"taxable","12":"shipping-taxable","13":"purchasable","14":"product-type-simple"},"acf":[],"_links":{"self":[{"href":"https:\/\/eliquidnicotine.co.uk\/de\/wp-json\/wp\/v2\/product\/5926","targetHints":{"allow":["GET"]}}],"collection":[{"href":"https:\/\/eliquidnicotine.co.uk\/de\/wp-json\/wp\/v2\/product"}],"about":[{"href":"https:\/\/eliquidnicotine.co.uk\/de\/wp-json\/wp\/v2\/types\/product"}],"replies":[{"embeddable":true,"href":"https:\/\/eliquidnicotine.co.uk\/de\/wp-json\/wp\/v2\/comments?post=5926"}],"wp:featuredmedia":[{"embeddable":true,"href":"https:\/\/eliquidnicotine.co.uk\/de\/wp-json\/wp\/v2\/media\/435"}],"wp:attachment":[{"href":"https:\/\/eliquidnicotine.co.uk\/de\/wp-json\/wp\/v2\/media?parent=5926"}],"wp:term":[{"taxonomy":"product_brand","embeddable":true,"href":"https:\/\/eliquidnicotine.co.uk\/de\/wp-json\/wp\/v2\/product_brand?post=5926"},{"taxonomy":"product_cat","embeddable":true,"href":"https:\/\/eliquidnicotine.co.uk\/de\/wp-json\/wp\/v2\/product_cat?post=5926"},{"taxonomy":"product_tag","embeddable":true,"href":"https:\/\/eliquidnicotine.co.uk\/de\/wp-json\/wp\/v2\/product_tag?post=5926"}],"curies":[{"name":"wp","href":"https:\/\/api.w.org\/{rel}","templated":true}]}}