{"id":5928,"date":"2019-11-23T13:49:29","date_gmt":"2019-11-23T13:49:29","guid":{"rendered":"https:\/\/eliquidnicotine.co.uk\/shop\/la-tabaccheria-piloto-cubano-tabak-extrakt-aroma\/"},"modified":"2021-05-17T06:29:06","modified_gmt":"2021-05-17T06:29:06","slug":"la-tabaccheria-piloto-cubano-tobacco-extract-flavour","status":"publish","type":"product","link":"https:\/\/eliquidnicotine.co.uk\/de\/shop\/la-tabaccheria-piloto-cubano-tobacco-extrakt-geschmack\/","title":{"rendered":"La Tabaccheria Piloto Cubano"},"content":{"rendered":"<p>Aus diesen 2 Familien des kubanischen Tabaks wurden viele der sp\u00e4teren Hybridisierungen geboren, die auch heute noch f\u00fcr die Herstellung kubanischer Zigarren verwendet werden, wie z.B: Criollo 98, Corojo 99, Habana 92 und Habana 2000. Der kubanische Pilot hat seinen Namen von der kubanischen Herkunftsstadt Pilotos in der Region Pinar del Rio, die 1960 in der Dominikanischen Republik landete, wo die Boden- und Klimabedingungen ideal f\u00fcr den Anbau dieses au\u00dferhalb des Herkunftslandes angebauten \"Elternteils\" der Familie Havanensis sind. Der kubanische Pilot geh\u00f6rt zur Klasse der Dark Air Cured. Die zu dieser Klasse geh\u00f6renden Tabake werden f\u00fcr die Herstellung von Zigarren verwendet, werden luftgetrocknet und durchlaufen eine Fermentation, nach der die Bl\u00e4tter eine ausgesprochen dunkle Farbe und sehr ausgepr\u00e4gte aromatische Eigenschaften erhalten. Der von uns ausgew\u00e4hlte kubanische Pilot ist ein Sun-Grown-Filler, ein in der Sonne angebauter Tabak, der als F\u00fcllung bei der Herstellung von Zigarren verwendet wird. Die Besonderheit dieses Tabaks, den unser Unternehmen auch auf anderen Zigarrentabaken findet, besteht darin, dass der Extrakt Piloto Cubano, der zu unserer Elite-Linie geh\u00f6rt, trotz der St\u00e4rke und des K\u00f6rpers, die er hat, wenn er auf traditionelle Weise geraucht wird, weich und umh\u00fcllend ist und ein au\u00dfergew\u00f6hnlicher Verdampfungsbegleiter f\u00fcr Fans und Liebhaber kubanischer Zigarren sein wird, die auf der Suche nach jenem einzigartigen Geschmack sind, den man nur findet, wenn man den Geruch einer echten kubanischen Zigarre riecht.<\/p>","protected":false},"excerpt":{"rendered":"<p>Inhalt 10 ml Nach der Revolution von 1959 in Kuba wanderten einige Z\u00fcchter in die Dominikanische Republik aus und brachten das Saatgut und die Kunst des Anbaus und der Pflege von \"Tabaco Negro Cuban\" mit, dessen Art in 2 Hauptfamilien unterteilt ist: Criollo und Corojo.\u00a0<\/p>","protected":false},"featured_media":431,"comment_status":"open","ping_status":"closed","template":"","meta":{"_acf_changed":false,"_genesis_hide_title":false,"_genesis_hide_breadcrumbs":false,"_genesis_hide_singular_image":false,"_genesis_hide_footer_widgets":false,"_genesis_custom_body_class":"","_genesis_custom_post_class":"","_genesis_layout":""},"product_brand":[],"product_cat":[250],"product_tag":[],"class_list":{"1":"product","2":"type-product","6":"product_cat-pure-tobacco-extract-flavours","7":"entry","9":"first","10":"outofstock","11":"taxable","12":"shipping-taxable","13":"purchasable","14":"product-type-simple"},"acf":[],"_links":{"self":[{"href":"https:\/\/eliquidnicotine.co.uk\/de\/wp-json\/wp\/v2\/product\/5928","targetHints":{"allow":["GET"]}}],"collection":[{"href":"https:\/\/eliquidnicotine.co.uk\/de\/wp-json\/wp\/v2\/product"}],"about":[{"href":"https:\/\/eliquidnicotine.co.uk\/de\/wp-json\/wp\/v2\/types\/product"}],"replies":[{"embeddable":true,"href":"https:\/\/eliquidnicotine.co.uk\/de\/wp-json\/wp\/v2\/comments?post=5928"}],"wp:featuredmedia":[{"embeddable":true,"href":"https:\/\/eliquidnicotine.co.uk\/de\/wp-json\/wp\/v2\/media\/431"}],"wp:attachment":[{"href":"https:\/\/eliquidnicotine.co.uk\/de\/wp-json\/wp\/v2\/media?parent=5928"}],"wp:term":[{"taxonomy":"product_brand","embeddable":true,"href":"https:\/\/eliquidnicotine.co.uk\/de\/wp-json\/wp\/v2\/product_brand?post=5928"},{"taxonomy":"product_cat","embeddable":true,"href":"https:\/\/eliquidnicotine.co.uk\/de\/wp-json\/wp\/v2\/product_cat?post=5928"},{"taxonomy":"product_tag","embeddable":true,"href":"https:\/\/eliquidnicotine.co.uk\/de\/wp-json\/wp\/v2\/product_tag?post=5928"}],"curies":[{"name":"wp","href":"https:\/\/api.w.org\/{rel}","templated":true}]}}