{"id":5930,"date":"2019-11-23T13:49:29","date_gmt":"2019-11-23T13:49:29","guid":{"rendered":"https:\/\/eliquidnicotine.co.uk\/shop\/la-tabaccheria-mata-fina-tabak-extrakt-aroma\/"},"modified":"2021-03-01T12:52:51","modified_gmt":"2021-03-01T12:52:51","slug":"la-tabaccheria-mata-fina-tobacco-extract-flavour","status":"publish","type":"product","link":"https:\/\/eliquidnicotine.co.uk\/de\/shop\/la-tabaccheria-mata-fina-tabakextrakt\/","title":{"rendered":"La tabaccheria Mata Fina"},"content":{"rendered":"<p>Definiert die \"Prima Donna\" wegen ihrer wirklich bemerkenswerten aromatischen Eigenschaften, aber gleichzeitig sehr delikat. Die Mata Fina geh\u00f6rt zur Klasse der Dark Air Cured. Die Tabake dieser Klasse werden zur Herstellung von Zigarren verwendet, mit Luft behandelt und einer Fermentation unterzogen, wonach die Bl\u00e4tter eine extrem dunkle Farbe und sehr ausgepr\u00e4gte aromatische Eigenschaften annehmen. Die Mata Fina, die wir ausw\u00e4hlen, ist ein Sun-Grown-Wrapper oder ein in der Sonne angebauter Bandagetabak. Diese Tabake unterscheiden sich von den Shade-Grown-Wrappings gerade dadurch, dass die Sonnenkultur dazu f\u00fchrt, dass diese Pflanzen ein st\u00e4rkeres Aroma produzieren als die Shades, die weicher und neutraler sind. Bei der Herstellung von Zigarren werden Wrapper als das \u00e4u\u00dfere Blatt, Binder als das untere Band und F\u00fcller als die F\u00fcllung definiert. Der Tabakextrakt Mata Fina aus unserer Elite-Linie ist ein untrennbarer Begleiter f\u00fcr all jene, die ein wirklich unverwechselbares Aroma suchen, das sowohl delikat als auch sinnlich ist und wie eine elegante \"Prima Donna\" an Ihrer Seite den Tag<\/p>","protected":false},"excerpt":{"rendered":"<p>Inhalt 10 ml Die Mata Fina, beschrieben als die \"erste Frau\" des Zigarrentabaks, ist ein Premium-Tabak, der im brasilianischen Bundesstaat Bahia produziert wird und zur Herstellung vieler hochwertiger Zigarren verwendet wird.\u00a0<\/p>","protected":false},"featured_media":433,"comment_status":"open","ping_status":"closed","template":"","meta":{"_acf_changed":false,"_genesis_hide_title":false,"_genesis_hide_breadcrumbs":false,"_genesis_hide_singular_image":false,"_genesis_hide_footer_widgets":false,"_genesis_custom_body_class":"","_genesis_custom_post_class":"","_genesis_layout":""},"product_brand":[],"product_cat":[250],"product_tag":[],"class_list":{"1":"product","2":"type-product","6":"product_cat-pure-tobacco-extract-flavours","7":"entry","9":"first","10":"outofstock","11":"taxable","12":"shipping-taxable","13":"purchasable","14":"product-type-simple"},"acf":[],"_links":{"self":[{"href":"https:\/\/eliquidnicotine.co.uk\/de\/wp-json\/wp\/v2\/product\/5930","targetHints":{"allow":["GET"]}}],"collection":[{"href":"https:\/\/eliquidnicotine.co.uk\/de\/wp-json\/wp\/v2\/product"}],"about":[{"href":"https:\/\/eliquidnicotine.co.uk\/de\/wp-json\/wp\/v2\/types\/product"}],"replies":[{"embeddable":true,"href":"https:\/\/eliquidnicotine.co.uk\/de\/wp-json\/wp\/v2\/comments?post=5930"}],"wp:featuredmedia":[{"embeddable":true,"href":"https:\/\/eliquidnicotine.co.uk\/de\/wp-json\/wp\/v2\/media\/433"}],"wp:attachment":[{"href":"https:\/\/eliquidnicotine.co.uk\/de\/wp-json\/wp\/v2\/media?parent=5930"}],"wp:term":[{"taxonomy":"product_brand","embeddable":true,"href":"https:\/\/eliquidnicotine.co.uk\/de\/wp-json\/wp\/v2\/product_brand?post=5930"},{"taxonomy":"product_cat","embeddable":true,"href":"https:\/\/eliquidnicotine.co.uk\/de\/wp-json\/wp\/v2\/product_cat?post=5930"},{"taxonomy":"product_tag","embeddable":true,"href":"https:\/\/eliquidnicotine.co.uk\/de\/wp-json\/wp\/v2\/product_tag?post=5930"}],"curies":[{"name":"wp","href":"https:\/\/api.w.org\/{rel}","templated":true}]}}