{"id":5932,"date":"2019-11-23T13:49:29","date_gmt":"2019-11-23T13:49:29","guid":{"rendered":"https:\/\/eliquidnicotine.co.uk\/shop\/la-tabaccheria-mary-land-tabak-extrakt-aroma\/"},"modified":"2021-08-11T06:36:10","modified_gmt":"2021-08-11T06:36:10","slug":"la-tabaccheria-mary-land-tobacco-extract-flavour","status":"publish","type":"product","link":"https:\/\/eliquidnicotine.co.uk\/de\/shop\/la-tabaccheria-mary-land-tobacco-extract-flavour\/","title":{"rendered":"La Tabaccheria Mary Land"},"content":{"rendered":"<p>Gerade bei der Formulierung von American Blend-Mischungen, die viel schmackhafter und vollmundiger sind, wenn sie mit einer Mischung aus Virginia, Maryland und Orientalen statt mit Virginia, Burley und Orientalen formuliert werden, wurde er oft dem Burley vorgezogen. Die Wahl von Maryland bei der Formulierung der American Blend wird von namhaften Herstellern getroffen, die ihr Gl\u00fcck dank der Verwendung dieses fantastischen Tabaks gemacht haben, der es schafft, eine vollmundige und aromatische Note zu geben, die sich von einer klassischen amerikanischen Mischung v\u00f6llig unterscheidet. Der Maryland-Tabakextrakt, der zu unserer Elite-Linie geh\u00f6rt, hat ein liebenswertes und w\u00fcrziges Aroma, ein vollst\u00e4ndiges, rundes und befriedigendes Aroma, das Liebhabern von herzhaften Geschmacksrichtungen zusagen wird, aber gleichzeitig nicht aufdringlich ist, so dass er den ganzen Tag \u00fcber verwendet werden kann, ohne jemals m\u00fcde zu werden.<\/p>","protected":false},"excerpt":{"rendered":"<p>Inhalt 10 ml Maryland ist ein typisch amerikanischer Tabak. Er geh\u00f6rt wie Burley zur Light Air Cured Klasse, unterscheidet sich aber von Burley durch ein wirklich einzigartiges Aroma, viel runder und vollmundiger als Burley, fast cremig.\u00a0<\/p>","protected":false},"featured_media":434,"comment_status":"open","ping_status":"closed","template":"","meta":{"_acf_changed":false,"_genesis_hide_title":false,"_genesis_hide_breadcrumbs":false,"_genesis_hide_singular_image":false,"_genesis_hide_footer_widgets":false,"_genesis_custom_body_class":"","_genesis_custom_post_class":"","_genesis_layout":""},"product_brand":[],"product_cat":[250],"product_tag":[],"class_list":{"1":"product","2":"type-product","6":"product_cat-pure-tobacco-extract-flavours","7":"entry","9":"first","10":"outofstock","11":"taxable","12":"shipping-taxable","13":"purchasable","14":"product-type-simple"},"acf":[],"_links":{"self":[{"href":"https:\/\/eliquidnicotine.co.uk\/de\/wp-json\/wp\/v2\/product\/5932","targetHints":{"allow":["GET"]}}],"collection":[{"href":"https:\/\/eliquidnicotine.co.uk\/de\/wp-json\/wp\/v2\/product"}],"about":[{"href":"https:\/\/eliquidnicotine.co.uk\/de\/wp-json\/wp\/v2\/types\/product"}],"replies":[{"embeddable":true,"href":"https:\/\/eliquidnicotine.co.uk\/de\/wp-json\/wp\/v2\/comments?post=5932"}],"wp:featuredmedia":[{"embeddable":true,"href":"https:\/\/eliquidnicotine.co.uk\/de\/wp-json\/wp\/v2\/media\/434"}],"wp:attachment":[{"href":"https:\/\/eliquidnicotine.co.uk\/de\/wp-json\/wp\/v2\/media?parent=5932"}],"wp:term":[{"taxonomy":"product_brand","embeddable":true,"href":"https:\/\/eliquidnicotine.co.uk\/de\/wp-json\/wp\/v2\/product_brand?post=5932"},{"taxonomy":"product_cat","embeddable":true,"href":"https:\/\/eliquidnicotine.co.uk\/de\/wp-json\/wp\/v2\/product_cat?post=5932"},{"taxonomy":"product_tag","embeddable":true,"href":"https:\/\/eliquidnicotine.co.uk\/de\/wp-json\/wp\/v2\/product_tag?post=5932"}],"curies":[{"name":"wp","href":"https:\/\/api.w.org\/{rel}","templated":true}]}}