{"id":5936,"date":"2019-11-23T13:49:29","date_gmt":"2019-11-23T13:49:29","guid":{"rendered":"https:\/\/eliquidnicotine.co.uk\/shop\/la-tabaccheria-basma-tabak-extrakt-aroma\/"},"modified":"2021-06-03T12:49:19","modified_gmt":"2021-06-03T12:49:19","slug":"la-tabaccheria-basma-tobacco-extract-flavour","status":"publish","type":"product","link":"https:\/\/eliquidnicotine.co.uk\/de\/shop\/tabaccheria-basma-tabakextrakt\/","title":{"rendered":"La tabaccheria Basma"},"content":{"rendered":"<p>Der von uns ausgew\u00e4hlte ist der griechische Basma, der als der wertvollste unter den Basmas gilt. Wie bei den anderen orientalischen Tabaken beh\u00e4lt er die klassischen Eigenschaften, d.h. kleines Blatt, aber wirklich voller Aroma. Basma allo svapo ist vollmundig, komplex, mit einem Hauch von S\u00fc\u00dfe, der sich in einen w\u00fcrzigen Geschmack entwickelt und mit einem leicht bitteren Nachgeschmack endet. Nun ja, ein anderer Tabak, ein anderer Extrakt und ein anderer Geschmack, sui generis und alles, was es zu entdecken gibt.<\/p>","protected":false},"excerpt":{"rendered":"<p>Inhalt 10 ml Basma ist ein orientalischer Tabak, der zur Klasse der Sun Cured geh\u00f6rt. Basma ist im Allgemeinen ein Tabak aus schwierigem Anbau und daher von einer gewissen Seltenheit.\u00a0<\/p>","protected":false},"featured_media":432,"comment_status":"open","ping_status":"closed","template":"","meta":{"_acf_changed":false,"_genesis_hide_title":false,"_genesis_hide_breadcrumbs":false,"_genesis_hide_singular_image":false,"_genesis_hide_footer_widgets":false,"_genesis_custom_body_class":"","_genesis_custom_post_class":"","_genesis_layout":""},"product_brand":[],"product_cat":[250],"product_tag":[],"class_list":{"1":"product","2":"type-product","6":"product_cat-pure-tobacco-extract-flavours","7":"entry","9":"first","10":"outofstock","11":"taxable","12":"shipping-taxable","13":"purchasable","14":"product-type-simple"},"acf":[],"_links":{"self":[{"href":"https:\/\/eliquidnicotine.co.uk\/de\/wp-json\/wp\/v2\/product\/5936","targetHints":{"allow":["GET"]}}],"collection":[{"href":"https:\/\/eliquidnicotine.co.uk\/de\/wp-json\/wp\/v2\/product"}],"about":[{"href":"https:\/\/eliquidnicotine.co.uk\/de\/wp-json\/wp\/v2\/types\/product"}],"replies":[{"embeddable":true,"href":"https:\/\/eliquidnicotine.co.uk\/de\/wp-json\/wp\/v2\/comments?post=5936"}],"wp:featuredmedia":[{"embeddable":true,"href":"https:\/\/eliquidnicotine.co.uk\/de\/wp-json\/wp\/v2\/media\/432"}],"wp:attachment":[{"href":"https:\/\/eliquidnicotine.co.uk\/de\/wp-json\/wp\/v2\/media?parent=5936"}],"wp:term":[{"taxonomy":"product_brand","embeddable":true,"href":"https:\/\/eliquidnicotine.co.uk\/de\/wp-json\/wp\/v2\/product_brand?post=5936"},{"taxonomy":"product_cat","embeddable":true,"href":"https:\/\/eliquidnicotine.co.uk\/de\/wp-json\/wp\/v2\/product_cat?post=5936"},{"taxonomy":"product_tag","embeddable":true,"href":"https:\/\/eliquidnicotine.co.uk\/de\/wp-json\/wp\/v2\/product_tag?post=5936"}],"curies":[{"name":"wp","href":"https:\/\/api.w.org\/{rel}","templated":true}]}}