{"id":5940,"date":"2019-11-23T13:49:29","date_gmt":"2019-11-23T13:49:29","guid":{"rendered":"https:\/\/eliquidnicotine.co.uk\/shop\/la-tabaccheria-special-blend-wild-west-tabak-extrakt-aroma\/"},"modified":"2021-07-15T11:18:55","modified_gmt":"2021-07-15T11:18:55","slug":"wild-west-tobacco-extract-flavour","status":"publish","type":"product","link":"https:\/\/eliquidnicotine.co.uk\/de\/shop\/wild-west-blend-tabak\/","title":{"rendered":"La Tabaccheria Spezialmischung Wilder Westen"},"content":{"rendered":"<p>Beschreibung<br \/>\nProduktbeschreibung:<\/p>\n<p>Mischung aus aromatisierten Tabakextrakten. Kein Lebensmittel. Nicht schlucken. Nicht als solches verwenden. Verwendung in 10-15% Verd\u00fcnnung zum Aromatisieren von Inhalationsfl\u00fcssigkeiten (neutrale Basen) f\u00fcr elektronische Zigaretten (ECig), elektronische Zigarren (ECigar), elektronische Pfeifen (EPipe).<\/p>\n<p>Zutaten:<\/p>\n<p>Propylenglykol, Aromen, Tabakextrakte.<\/p>\n<p>Warnungen:<\/p>\n<p>Vor Gebrauch das Etikett lesen. Es ist kein Lebensmittel. Nicht einnehmen. Nicht als solches verwenden. Auf 10-15% in neutraler Basis f\u00fcr elektronische Zigarette verd\u00fcnnen. Das Produkt erfordert keine Nachreifung nach der Verd\u00fcnnung. Kann unvermeidliche Spuren von Nikotin aus dem Extraktionsprozess enthalten. Au\u00dferhalb der Reichweite von Kindern aufbewahren. BEI VERLETZUNGEN: Bei Unwohlsein GIFTINSZENTRUM oder Arzt aufsuchen. Produkt\/Beh\u00e4lter gem\u00e4\u00df den nationalen Vorschriften entsorgen. Zwischen 1\u00b0C und 40\u00b0C vor Sonnenlicht gesch\u00fctzt lagern. Sicherheitsdatenblatt auf Anfrage erh\u00e4ltlich. Packungsbeilage und Sicherheitsdatenblatt unter www.latabaccheria.net. PRODUKT F\u00dcR DEN ENDVERBRAUCH AUSSCHLIESSLICH ZUR VERWENDUNG DURCH DEN ENDVERBRAUCHER VERWENDET. VERKAUF VERBOTEN F\u00dcR KINDER UNTER 18 JAHREN DES ALTERS.<\/p>\n<p>\u00dcbersetzt mit www.DeepL.com\/Translator (kostenlose Version)<\/p>","protected":false},"excerpt":{"rendered":"<h2>Reiner Tabakextrakt zum Mischen Ihres besten Halsschlags e-liquid aller Zeiten<\/h2>\n<p>La Tabaccheria Special Blend Wildwest-Tabakextrakt Inhalt 10 ml Der Duft eines wilden Landes, einschlie\u00dflich rauchiger Noten, Whisky und Honig.<\/p>","protected":false},"featured_media":12042,"comment_status":"open","ping_status":"closed","template":"","meta":{"_acf_changed":false,"_genesis_hide_title":false,"_genesis_hide_breadcrumbs":false,"_genesis_hide_singular_image":false,"_genesis_hide_footer_widgets":false,"_genesis_custom_body_class":"","_genesis_custom_post_class":"","_genesis_layout":""},"product_brand":[],"product_cat":[250],"product_tag":[],"class_list":{"1":"product","2":"type-product","6":"product_cat-pure-tobacco-extract-flavours","7":"entry","9":"first","10":"outofstock","11":"taxable","12":"shipping-taxable","13":"purchasable","14":"product-type-simple"},"acf":[],"_links":{"self":[{"href":"https:\/\/eliquidnicotine.co.uk\/de\/wp-json\/wp\/v2\/product\/5940","targetHints":{"allow":["GET"]}}],"collection":[{"href":"https:\/\/eliquidnicotine.co.uk\/de\/wp-json\/wp\/v2\/product"}],"about":[{"href":"https:\/\/eliquidnicotine.co.uk\/de\/wp-json\/wp\/v2\/types\/product"}],"replies":[{"embeddable":true,"href":"https:\/\/eliquidnicotine.co.uk\/de\/wp-json\/wp\/v2\/comments?post=5940"}],"wp:featuredmedia":[{"embeddable":true,"href":"https:\/\/eliquidnicotine.co.uk\/de\/wp-json\/wp\/v2\/media\/12042"}],"wp:attachment":[{"href":"https:\/\/eliquidnicotine.co.uk\/de\/wp-json\/wp\/v2\/media?parent=5940"}],"wp:term":[{"taxonomy":"product_brand","embeddable":true,"href":"https:\/\/eliquidnicotine.co.uk\/de\/wp-json\/wp\/v2\/product_brand?post=5940"},{"taxonomy":"product_cat","embeddable":true,"href":"https:\/\/eliquidnicotine.co.uk\/de\/wp-json\/wp\/v2\/product_cat?post=5940"},{"taxonomy":"product_tag","embeddable":true,"href":"https:\/\/eliquidnicotine.co.uk\/de\/wp-json\/wp\/v2\/product_tag?post=5940"}],"curies":[{"name":"wp","href":"https:\/\/api.w.org\/{rel}","templated":true}]}}