{"id":5942,"date":"2019-11-23T13:49:29","date_gmt":"2019-11-23T13:49:29","guid":{"rendered":"https:\/\/eliquidnicotine.co.uk\/shop\/la-tabaccheria-special-blend-harmonium-tabak-extrakt-aroma\/"},"modified":"2021-05-18T11:00:00","modified_gmt":"2021-05-18T11:00:00","slug":"la-tabaccheria-special-blend-harmonium-tobacco-extract-flavour","status":"publish","type":"product","link":"https:\/\/eliquidnicotine.co.uk\/de\/shop\/tabaccheria-tabak-extrakt-sondermischung\/","title":{"rendered":"La Tabaccheria Spezialmischung Harmonium"},"content":{"rendered":"<p>Beschreibung<br \/>\nProduktbeschreibung:<\/p>\n<p>Mischung aus aromatisierten Tabakextrakten. Kein Lebensmittel. Nicht schlucken. Nicht als solches verwenden. Verwendung in 10-15% Verd\u00fcnnung zum Aromatisieren von Inhalationsfl\u00fcssigkeiten (neutrale Basen) f\u00fcr elektronische Zigaretten (ECig), elektronische Zigarren (ECigar), elektronische Pfeifen (EPipe).<\/p>\n<p>Zutaten:<\/p>\n<p>Propylenglykol, Aromen, Tabakextrakte.<\/p>\n<p>Warnungen:<\/p>\n<p>Vor Gebrauch das Etikett lesen. Es ist kein Lebensmittel. Nicht einnehmen. Nicht als solches verwenden. Auf 10-15% in neutraler Basis f\u00fcr elektronische Zigarette verd\u00fcnnen. Das Produkt erfordert keine Nachreifung nach der Verd\u00fcnnung. Kann unvermeidliche Spuren von Nikotin aus dem Extraktionsprozess enthalten. Au\u00dferhalb der Reichweite von Kindern aufbewahren. BEI VERLETZUNGEN: Bei Unwohlsein GIFTINSZENTRUM oder Arzt aufsuchen. Produkt\/Beh\u00e4lter gem\u00e4\u00df den nationalen Vorschriften entsorgen. Zwischen 1\u00b0C und 40\u00b0C vor Sonnenlicht gesch\u00fctzt lagern. Sicherheitsdatenblatt auf Anfrage erh\u00e4ltlich. Packungsbeilage und Sicherheitsdatenblatt unter www.latabaccheria.net. PRODUKT F\u00dcR DEN ENDVERBRAUCH AUSSCHLIESSLICH ZUR VERWENDUNG DURCH DEN ENDVERBRAUCHER VERWENDET. VERKAUF VERBOTEN F\u00dcR KINDER UNTER 18 JAHREN DES ALTERS.<\/p>","protected":false},"excerpt":{"rendered":"<p>Inhalt 10 ml Eine durch Feuer geh\u00e4rtete Symphonie mit einem Hauch von Haselnuss, Kokosnuss und Barrique.<\/p>","protected":false},"featured_media":11702,"comment_status":"open","ping_status":"closed","template":"","meta":{"_acf_changed":false,"_genesis_hide_title":false,"_genesis_hide_breadcrumbs":false,"_genesis_hide_singular_image":false,"_genesis_hide_footer_widgets":false,"_genesis_custom_body_class":"","_genesis_custom_post_class":"","_genesis_layout":""},"product_brand":[],"product_cat":[250],"product_tag":[],"class_list":{"1":"product","2":"type-product","6":"product_cat-pure-tobacco-extract-flavours","7":"entry","9":"first","10":"outofstock","11":"taxable","12":"shipping-taxable","13":"purchasable","14":"product-type-simple"},"acf":[],"_links":{"self":[{"href":"https:\/\/eliquidnicotine.co.uk\/de\/wp-json\/wp\/v2\/product\/5942","targetHints":{"allow":["GET"]}}],"collection":[{"href":"https:\/\/eliquidnicotine.co.uk\/de\/wp-json\/wp\/v2\/product"}],"about":[{"href":"https:\/\/eliquidnicotine.co.uk\/de\/wp-json\/wp\/v2\/types\/product"}],"replies":[{"embeddable":true,"href":"https:\/\/eliquidnicotine.co.uk\/de\/wp-json\/wp\/v2\/comments?post=5942"}],"wp:featuredmedia":[{"embeddable":true,"href":"https:\/\/eliquidnicotine.co.uk\/de\/wp-json\/wp\/v2\/media\/11702"}],"wp:attachment":[{"href":"https:\/\/eliquidnicotine.co.uk\/de\/wp-json\/wp\/v2\/media?parent=5942"}],"wp:term":[{"taxonomy":"product_brand","embeddable":true,"href":"https:\/\/eliquidnicotine.co.uk\/de\/wp-json\/wp\/v2\/product_brand?post=5942"},{"taxonomy":"product_cat","embeddable":true,"href":"https:\/\/eliquidnicotine.co.uk\/de\/wp-json\/wp\/v2\/product_cat?post=5942"},{"taxonomy":"product_tag","embeddable":true,"href":"https:\/\/eliquidnicotine.co.uk\/de\/wp-json\/wp\/v2\/product_tag?post=5942"}],"curies":[{"name":"wp","href":"https:\/\/api.w.org\/{rel}","templated":true}]}}