{"id":5944,"date":"2019-11-23T13:49:29","date_gmt":"2019-11-23T13:49:29","guid":{"rendered":"https:\/\/eliquidnicotine.co.uk\/shop\/la-tabaccheria-mixture-n-1-tabak-extrakt-aroma\/"},"modified":"2021-01-16T08:31:23","modified_gmt":"2021-01-16T08:31:23","slug":"la-tabaccheria-mixture-n-1-tobacco-extract-flavour","status":"publish","type":"product","link":"https:\/\/eliquidnicotine.co.uk\/de\/shop\/tabaccheria-mischung-n1-tabak\/","title":{"rendered":"La Tabaccheria-Mischung N 1"},"content":{"rendered":"<p>Diese Mischung \u00f6ffnet die T\u00fcren zu einem echten Spin-off der \"Miscele Barrique\"-Linie, zu der Mischungen geh\u00f6ren werden, die eine breitere Palette an aromatischen Kombinationen haben werden, da sie mit allen unseren Produkten formuliert werden, auch mit der Elite-Linie !!!<\/p>\n<p>Diese Mischung ist der Blend, der wirklich fehlte, bei dem eines unserer \"Schlachtpferde\", Herr Kentucky, ein Orchester von Geschmack, K\u00f6rper und Aromen dirigiert, das durch eine komplexe Mischung verschiedener Tabake und Barrique-Noten entsteht.<\/p>\n<p>Eine Mischung, bei der sich alle einig sind, auch diejenigen, die zum ersten Mal Feuer heilen, denn wir haben eine komplexe Formel studiert, rund und facettenreich, aber gleichzeitig nicht aufdringlich und f\u00fcr alle Liebhaber von s\u00fc\u00dfem, ausgewogenem oder gerauchtem Tabak gedacht.<\/p>","protected":false},"excerpt":{"rendered":"<h2>Reiner Tabakextrakt f\u00fcr E-Fl\u00fcssigkeitsmischung bester Halsschlag am Vorabend<\/h2>\n<p>WIR SIND STOLZ DARAUF, IHNEN DIE ERSTE MISCHUNG VORZUSTELLEN, DIE DIE EHRE HATTE, DEN FIRMENNAMEN ZU TRAGEN: \"LA TABACCHERIA MIXTURE N.1\".<\/p>","protected":false},"featured_media":6509,"comment_status":"open","ping_status":"closed","template":"","meta":{"_acf_changed":false,"_genesis_hide_title":false,"_genesis_hide_breadcrumbs":false,"_genesis_hide_singular_image":false,"_genesis_hide_footer_widgets":false,"_genesis_custom_body_class":"","_genesis_custom_post_class":"","_genesis_layout":""},"product_brand":[],"product_cat":[250],"product_tag":[],"class_list":{"1":"product","2":"type-product","6":"product_cat-pure-tobacco-extract-flavours","7":"entry","9":"first","10":"outofstock","11":"taxable","12":"shipping-taxable","13":"purchasable","14":"product-type-simple"},"acf":[],"_links":{"self":[{"href":"https:\/\/eliquidnicotine.co.uk\/de\/wp-json\/wp\/v2\/product\/5944","targetHints":{"allow":["GET"]}}],"collection":[{"href":"https:\/\/eliquidnicotine.co.uk\/de\/wp-json\/wp\/v2\/product"}],"about":[{"href":"https:\/\/eliquidnicotine.co.uk\/de\/wp-json\/wp\/v2\/types\/product"}],"replies":[{"embeddable":true,"href":"https:\/\/eliquidnicotine.co.uk\/de\/wp-json\/wp\/v2\/comments?post=5944"}],"wp:featuredmedia":[{"embeddable":true,"href":"https:\/\/eliquidnicotine.co.uk\/de\/wp-json\/wp\/v2\/media\/6509"}],"wp:attachment":[{"href":"https:\/\/eliquidnicotine.co.uk\/de\/wp-json\/wp\/v2\/media?parent=5944"}],"wp:term":[{"taxonomy":"product_brand","embeddable":true,"href":"https:\/\/eliquidnicotine.co.uk\/de\/wp-json\/wp\/v2\/product_brand?post=5944"},{"taxonomy":"product_cat","embeddable":true,"href":"https:\/\/eliquidnicotine.co.uk\/de\/wp-json\/wp\/v2\/product_cat?post=5944"},{"taxonomy":"product_tag","embeddable":true,"href":"https:\/\/eliquidnicotine.co.uk\/de\/wp-json\/wp\/v2\/product_tag?post=5944"}],"curies":[{"name":"wp","href":"https:\/\/api.w.org\/{rel}","templated":true}]}}