{"id":5948,"date":"2019-11-23T13:49:29","date_gmt":"2019-11-23T13:49:29","guid":{"rendered":"https:\/\/eliquidnicotine.co.uk\/shop\/la-tabaccheria-hells-mixture-n-759-tabak-extrakt-aroma\/"},"modified":"2021-03-24T13:23:39","modified_gmt":"2021-03-24T13:23:39","slug":"la-tabaccheria-hells-mixture-n-759-tobacco-extract-flavour","status":"publish","type":"product","link":"https:\/\/eliquidnicotine.co.uk\/de\/shop\/tabaccheria-759-tabakextrakt\/","title":{"rendered":"La Tabaccheria H\u00f6llenmischung N.759"},"content":{"rendered":"<p>Dies ist unsere Interpretation der Mischung !!! Bei dieser \u00dcberpr\u00fcfung m\u00fcssen wir einige wichtige Faktoren ber\u00fccksichtigen, da wir wie immer klar und transparent mit unseren Kunden sein wollen. Der erste Faktor, den es zu ber\u00fccksichtigen gilt, ist die Tatsache, dass diese Mischung nicht mehr in ihrer urspr\u00fcnglichen Version hergestellt wird. Es w\u00e4re unm\u00f6glich f\u00fcr jemanden, dieses Produkt wieder herzustellen, obwohl sehr seltene Best\u00e4nde noch verf\u00fcgbar sind, aber nicht in Mengen, die eine Dampfproduktion erm\u00f6glichen w\u00fcrden (unter anderem empfehlen wir niemandem, Tabakprodukte zu d\u00e4mpfen, die aus verschiedenen Gr\u00fcnden verarbeitet wurden, es ist immer besser, Extrakte zu verwenden, die aus Rohtabak und Top-Qualit\u00e4t hergestellt wurden). Allerdings muss ein weiterer Faktor ber\u00fccksichtigt werden: Die Tabake, aus denen diese Mischung besteht, werden nicht mehr angebaut und sind nicht mehr verf\u00fcgbar, wie z.B. die syrische Latakia. Um genau diese legend\u00e4re Mischung wieder herzustellen, w\u00e4re es heute selbst f\u00fcr das Herstellerhaus, das die Originalrezeptur enth\u00e4lt, unm\u00f6glich, nicht nur die Proportionen der Tabake spielen eine wichtige Rolle.<\/p>","protected":false},"excerpt":{"rendered":"<h2>Wir freuen uns, Ihnen unseren \"neuen D\u00e4mon\" !!, den besten Kehlkopf-Hit auf dem Markt, vorzustellen.<\/h2>\n<p>Inhalt 10 ml Die \u00dcberarbeitung einer legend\u00e4ren Mischung, um die herum ein Mythos geschaffen wurde und f\u00fcr die mehr Literatur und Hypothesen \u00fcber das wahre Rezept aufgestellt wurden als f\u00fcr jede andere Tabakmischung.<\/p>","protected":false},"featured_media":11699,"comment_status":"open","ping_status":"closed","template":"","meta":{"_acf_changed":false,"_genesis_hide_title":false,"_genesis_hide_breadcrumbs":false,"_genesis_hide_singular_image":false,"_genesis_hide_footer_widgets":false,"_genesis_custom_body_class":"","_genesis_custom_post_class":"","_genesis_layout":""},"product_brand":[],"product_cat":[250],"product_tag":[],"class_list":{"1":"product","2":"type-product","6":"product_cat-pure-tobacco-extract-flavours","7":"entry","9":"first","10":"outofstock","11":"taxable","12":"shipping-taxable","13":"purchasable","14":"product-type-simple"},"acf":[],"_links":{"self":[{"href":"https:\/\/eliquidnicotine.co.uk\/de\/wp-json\/wp\/v2\/product\/5948","targetHints":{"allow":["GET"]}}],"collection":[{"href":"https:\/\/eliquidnicotine.co.uk\/de\/wp-json\/wp\/v2\/product"}],"about":[{"href":"https:\/\/eliquidnicotine.co.uk\/de\/wp-json\/wp\/v2\/types\/product"}],"replies":[{"embeddable":true,"href":"https:\/\/eliquidnicotine.co.uk\/de\/wp-json\/wp\/v2\/comments?post=5948"}],"wp:featuredmedia":[{"embeddable":true,"href":"https:\/\/eliquidnicotine.co.uk\/de\/wp-json\/wp\/v2\/media\/11699"}],"wp:attachment":[{"href":"https:\/\/eliquidnicotine.co.uk\/de\/wp-json\/wp\/v2\/media?parent=5948"}],"wp:term":[{"taxonomy":"product_brand","embeddable":true,"href":"https:\/\/eliquidnicotine.co.uk\/de\/wp-json\/wp\/v2\/product_brand?post=5948"},{"taxonomy":"product_cat","embeddable":true,"href":"https:\/\/eliquidnicotine.co.uk\/de\/wp-json\/wp\/v2\/product_cat?post=5948"},{"taxonomy":"product_tag","embeddable":true,"href":"https:\/\/eliquidnicotine.co.uk\/de\/wp-json\/wp\/v2\/product_tag?post=5948"}],"curies":[{"name":"wp","href":"https:\/\/api.w.org\/{rel}","templated":true}]}}