{"id":5950,"date":"2019-11-23T13:49:30","date_gmt":"2019-11-23T13:49:30","guid":{"rendered":"https:\/\/eliquidnicotine.co.uk\/shop\/la-tabaccheria-hells-mixture-reserve-tabak-extrakt-aroma\/"},"modified":"2021-11-01T10:36:31","modified_gmt":"2021-11-01T10:36:31","slug":"la-tabaccheria-hells-mixture-reserve-tobacco-extract-flavour","status":"publish","type":"product","link":"https:\/\/eliquidnicotine.co.uk\/de\/shop\/tabaccheria-reserve-tabakextrakt\/","title":{"rendered":"La tabaccheria Hell's Mixture Reserve"},"content":{"rendered":"<p>Das Ergebnis ist eine andere Mischung, die Ausgewogenheit und Harmonie zwischen den Tabaken schafft, die ihre gr\u00f6\u00dfte St\u00e4rke ausmachen. Die Barrique-Noten harmonieren perfekt mit der Tabakmischung. Der angenehm bittere Geschmack des Eichenholzes steht im Gegensatz zur Sanftheit der Mischung und schafft eine wahrhaft einzigartige Symphonie von Aromen.<\/p>","protected":false},"excerpt":{"rendered":"<h2>La tabaccheria reines Tabakextrakt-Aroma bester Halsschlag<\/h2>\n<p>Inhalt 10 ml Die Reserveversion von Baffometto, dem Vorl\u00e4ufer unserer Hell's Mixtures-Linie, wurde \u00fcberarbeitet und enth\u00e4lt nun auch intensive Barrique-Noten von edlen Eichenh\u00f6lzern.<\/p>","protected":false},"featured_media":11697,"comment_status":"open","ping_status":"closed","template":"","meta":{"_acf_changed":false,"_genesis_hide_title":false,"_genesis_hide_breadcrumbs":false,"_genesis_hide_singular_image":false,"_genesis_hide_footer_widgets":false,"_genesis_custom_body_class":"","_genesis_custom_post_class":"","_genesis_layout":""},"product_brand":[],"product_cat":[250],"product_tag":[],"class_list":{"1":"product","2":"type-product","6":"product_cat-pure-tobacco-extract-flavours","7":"entry","9":"first","10":"outofstock","11":"taxable","12":"shipping-taxable","13":"purchasable","14":"product-type-simple"},"acf":[],"_links":{"self":[{"href":"https:\/\/eliquidnicotine.co.uk\/de\/wp-json\/wp\/v2\/product\/5950","targetHints":{"allow":["GET"]}}],"collection":[{"href":"https:\/\/eliquidnicotine.co.uk\/de\/wp-json\/wp\/v2\/product"}],"about":[{"href":"https:\/\/eliquidnicotine.co.uk\/de\/wp-json\/wp\/v2\/types\/product"}],"replies":[{"embeddable":true,"href":"https:\/\/eliquidnicotine.co.uk\/de\/wp-json\/wp\/v2\/comments?post=5950"}],"wp:featuredmedia":[{"embeddable":true,"href":"https:\/\/eliquidnicotine.co.uk\/de\/wp-json\/wp\/v2\/media\/11697"}],"wp:attachment":[{"href":"https:\/\/eliquidnicotine.co.uk\/de\/wp-json\/wp\/v2\/media?parent=5950"}],"wp:term":[{"taxonomy":"product_brand","embeddable":true,"href":"https:\/\/eliquidnicotine.co.uk\/de\/wp-json\/wp\/v2\/product_brand?post=5950"},{"taxonomy":"product_cat","embeddable":true,"href":"https:\/\/eliquidnicotine.co.uk\/de\/wp-json\/wp\/v2\/product_cat?post=5950"},{"taxonomy":"product_tag","embeddable":true,"href":"https:\/\/eliquidnicotine.co.uk\/de\/wp-json\/wp\/v2\/product_tag?post=5950"}],"curies":[{"name":"wp","href":"https:\/\/api.w.org\/{rel}","templated":true}]}}