{"id":5952,"date":"2019-11-23T13:49:30","date_gmt":"2019-11-23T13:49:30","guid":{"rendered":"https:\/\/eliquidnicotine.co.uk\/shop\/la-tabaccheria-premium-passito-di-tabacco-tabak-extrakt-aroma\/"},"modified":"2021-05-25T08:33:49","modified_gmt":"2021-05-25T08:33:49","slug":"la-tabaccheria-premium-passito-di-tabacco-tobacco-extract-flavour","status":"publish","type":"product","link":"https:\/\/eliquidnicotine.co.uk\/de\/shop\/la-tabaccheria-passito-tabakextrakt-geschmack\/","title":{"rendered":"La Tabaccheria Premium Passito di Tabacco"},"content":{"rendered":"<p>Inhalt 10 ml Der Passito di Tabacco ist das Ergebnis von zwei Leidenschaften: Wein und nat\u00fcrlich Tabak. Aus einer Auswahl feiner Tabake entsteht eine Mischung, die den Nektar der G\u00f6tter aus dem sch\u00f6nen Sizilien willkommen hei\u00dft und die T\u00fcr zu einer Reihe fein gew\u00fcrzter Mischungen mit einer Auswahl italienischer Produkte \u00f6ffnet, die unser Land zu einer Weltklasse machen.<\/p>","protected":false},"excerpt":{"rendered":"<p>Reiner Tabakextrakt f\u00fcr die E-Fl\u00fcssigkeitsmischung, sch\u00f6ner Kehlenhieb.\u00a0<\/p>","protected":false},"featured_media":6507,"comment_status":"open","ping_status":"closed","template":"","meta":{"_acf_changed":false,"_genesis_hide_title":false,"_genesis_hide_breadcrumbs":false,"_genesis_hide_singular_image":false,"_genesis_hide_footer_widgets":false,"_genesis_custom_body_class":"","_genesis_custom_post_class":"","_genesis_layout":""},"product_brand":[],"product_cat":[250],"product_tag":[],"class_list":{"1":"product","2":"type-product","6":"product_cat-pure-tobacco-extract-flavours","7":"entry","9":"first","10":"outofstock","11":"taxable","12":"shipping-taxable","13":"purchasable","14":"product-type-simple"},"acf":[],"_links":{"self":[{"href":"https:\/\/eliquidnicotine.co.uk\/de\/wp-json\/wp\/v2\/product\/5952","targetHints":{"allow":["GET"]}}],"collection":[{"href":"https:\/\/eliquidnicotine.co.uk\/de\/wp-json\/wp\/v2\/product"}],"about":[{"href":"https:\/\/eliquidnicotine.co.uk\/de\/wp-json\/wp\/v2\/types\/product"}],"replies":[{"embeddable":true,"href":"https:\/\/eliquidnicotine.co.uk\/de\/wp-json\/wp\/v2\/comments?post=5952"}],"wp:featuredmedia":[{"embeddable":true,"href":"https:\/\/eliquidnicotine.co.uk\/de\/wp-json\/wp\/v2\/media\/6507"}],"wp:attachment":[{"href":"https:\/\/eliquidnicotine.co.uk\/de\/wp-json\/wp\/v2\/media?parent=5952"}],"wp:term":[{"taxonomy":"product_brand","embeddable":true,"href":"https:\/\/eliquidnicotine.co.uk\/de\/wp-json\/wp\/v2\/product_brand?post=5952"},{"taxonomy":"product_cat","embeddable":true,"href":"https:\/\/eliquidnicotine.co.uk\/de\/wp-json\/wp\/v2\/product_cat?post=5952"},{"taxonomy":"product_tag","embeddable":true,"href":"https:\/\/eliquidnicotine.co.uk\/de\/wp-json\/wp\/v2\/product_tag?post=5952"}],"curies":[{"name":"wp","href":"https:\/\/api.w.org\/{rel}","templated":true}]}}