{"id":5972,"date":"2019-11-23T13:49:31","date_gmt":"2019-11-23T13:49:31","guid":{"rendered":"https:\/\/eliquidnicotine.co.uk\/shop\/sweet-cream-tpa-aroma-zum-selbstmischen\/"},"modified":"2025-05-07T08:24:51","modified_gmt":"2025-05-07T07:24:51","slug":"sweet-cream-tpa","status":"publish","type":"product","link":"https:\/\/eliquidnicotine.co.uk\/de\/shop\/suser-sahne-geschmack-tpa\/","title":{"rendered":"S\u00fc\u00dfer Sahne-Geschmack TPA"},"content":{"rendered":"","protected":false},"excerpt":{"rendered":"<h2>\u00a0Perfumers Apprentice Sweet Cream (DX)\u00a0<\/h2>\n<p>Bietet einen cremigen, s\u00fc\u00dfen Geschmack, der allein oder ged\u00e4mpft gekocht werden kann oder dazu verwendet werden kann, anderen Aromen Cremigkeit zu verleihen. E fl\u00fcssig Aromen des Parf\u00fcmeurlehrlings TPA. Dies sind konzentrierte Aromen, die nicht unverd\u00fcnnt verfliegen, sondern man muss sie der Basisfl\u00fcssigkeit hinzuf\u00fcgen.<\/p>","protected":false},"featured_media":6514,"comment_status":"open","ping_status":"closed","template":"","meta":{"_acf_changed":false,"_genesis_hide_title":false,"_genesis_hide_breadcrumbs":false,"_genesis_hide_singular_image":false,"_genesis_hide_footer_widgets":false,"_genesis_custom_body_class":"","_genesis_custom_post_class":"","_genesis_layout":""},"product_brand":[],"product_cat":[243],"product_tag":[],"class_list":{"1":"product","2":"type-product","6":"product_cat-tpa-flavours-for-self-mixing","7":"entry","9":"first","10":"outofstock","11":"taxable","12":"shipping-taxable","13":"purchasable","14":"product-type-variable"},"acf":[],"_links":{"self":[{"href":"https:\/\/eliquidnicotine.co.uk\/de\/wp-json\/wp\/v2\/product\/5972","targetHints":{"allow":["GET"]}}],"collection":[{"href":"https:\/\/eliquidnicotine.co.uk\/de\/wp-json\/wp\/v2\/product"}],"about":[{"href":"https:\/\/eliquidnicotine.co.uk\/de\/wp-json\/wp\/v2\/types\/product"}],"replies":[{"embeddable":true,"href":"https:\/\/eliquidnicotine.co.uk\/de\/wp-json\/wp\/v2\/comments?post=5972"}],"wp:featuredmedia":[{"embeddable":true,"href":"https:\/\/eliquidnicotine.co.uk\/de\/wp-json\/wp\/v2\/media\/6514"}],"wp:attachment":[{"href":"https:\/\/eliquidnicotine.co.uk\/de\/wp-json\/wp\/v2\/media?parent=5972"}],"wp:term":[{"taxonomy":"product_brand","embeddable":true,"href":"https:\/\/eliquidnicotine.co.uk\/de\/wp-json\/wp\/v2\/product_brand?post=5972"},{"taxonomy":"product_cat","embeddable":true,"href":"https:\/\/eliquidnicotine.co.uk\/de\/wp-json\/wp\/v2\/product_cat?post=5972"},{"taxonomy":"product_tag","embeddable":true,"href":"https:\/\/eliquidnicotine.co.uk\/de\/wp-json\/wp\/v2\/product_tag?post=5972"}],"curies":[{"name":"wp","href":"https:\/\/api.w.org\/{rel}","templated":true}]}}