{"id":5986,"date":"2019-11-23T13:49:31","date_gmt":"2019-11-23T13:49:31","guid":{"rendered":"https:\/\/eliquidnicotine.co.uk\/shop\/cheesecake-tpa-aroma-zum-selbstmischen\/"},"modified":"2025-04-02T15:26:34","modified_gmt":"2025-04-02T14:26:34","slug":"cheesecake-tpa","status":"publish","type":"product","link":"https:\/\/eliquidnicotine.co.uk\/de\/shop\/kasekuchen-geschmack-tpa\/","title":{"rendered":"K\u00e4sekuchen-Geschmack TPA"},"content":{"rendered":"","protected":false},"excerpt":{"rendered":"<h2>Das Parf\u00fcmerie-Lehrlings-K\u00e4sekuchen-Konzentrat<\/h2>\n<p>F\u00fcgt dem authentischen Geschmack eines K\u00e4sekuchen-Biskuit-Bodens einen Hauch von Kokosnuss hinzu. E fl\u00fcssig Aromen des Parf\u00fcmeurlehrlings TPA. Das sind konzentrierte Aromen, die nicht unverd\u00fcnnt verfliegen, sondern man muss sie der Basisfl\u00fcssigkeit hinzuf\u00fcgen.<\/p>","protected":false},"featured_media":2263,"comment_status":"open","ping_status":"closed","template":"","meta":{"_acf_changed":false,"_genesis_hide_title":false,"_genesis_hide_breadcrumbs":false,"_genesis_hide_singular_image":false,"_genesis_hide_footer_widgets":false,"_genesis_custom_body_class":"","_genesis_custom_post_class":"","_genesis_layout":""},"product_brand":[],"product_cat":[243],"product_tag":[],"class_list":{"1":"product","2":"type-product","6":"product_cat-tpa-flavours-for-self-mixing","7":"entry","9":"first","10":"instock","11":"taxable","12":"shipping-taxable","13":"purchasable","14":"product-type-variable"},"acf":[],"_links":{"self":[{"href":"https:\/\/eliquidnicotine.co.uk\/de\/wp-json\/wp\/v2\/product\/5986","targetHints":{"allow":["GET"]}}],"collection":[{"href":"https:\/\/eliquidnicotine.co.uk\/de\/wp-json\/wp\/v2\/product"}],"about":[{"href":"https:\/\/eliquidnicotine.co.uk\/de\/wp-json\/wp\/v2\/types\/product"}],"replies":[{"embeddable":true,"href":"https:\/\/eliquidnicotine.co.uk\/de\/wp-json\/wp\/v2\/comments?post=5986"}],"wp:featuredmedia":[{"embeddable":true,"href":"https:\/\/eliquidnicotine.co.uk\/de\/wp-json\/wp\/v2\/media\/2263"}],"wp:attachment":[{"href":"https:\/\/eliquidnicotine.co.uk\/de\/wp-json\/wp\/v2\/media?parent=5986"}],"wp:term":[{"taxonomy":"product_brand","embeddable":true,"href":"https:\/\/eliquidnicotine.co.uk\/de\/wp-json\/wp\/v2\/product_brand?post=5986"},{"taxonomy":"product_cat","embeddable":true,"href":"https:\/\/eliquidnicotine.co.uk\/de\/wp-json\/wp\/v2\/product_cat?post=5986"},{"taxonomy":"product_tag","embeddable":true,"href":"https:\/\/eliquidnicotine.co.uk\/de\/wp-json\/wp\/v2\/product_tag?post=5986"}],"curies":[{"name":"wp","href":"https:\/\/api.w.org\/{rel}","templated":true}]}}