{"id":5992,"date":"2019-11-23T13:49:32","date_gmt":"2019-11-23T13:49:32","guid":{"rendered":"https:\/\/eliquidnicotine.co.uk\/shop\/french-vanilla-tpa-aroma-zum-selbstmischen\/"},"modified":"2025-04-02T15:26:14","modified_gmt":"2025-04-02T14:26:14","slug":"french-vanilla-tpa","status":"publish","type":"product","link":"https:\/\/eliquidnicotine.co.uk\/de\/shop\/franzosische-vanille-tpa\/","title":{"rendered":"Franz\u00f6sische Vanille TPA-Aroma"},"content":{"rendered":"","protected":false},"excerpt":{"rendered":"<p><font size=\"2\"><\/p>\n<h2>Franz\u00f6sische Vanille<\/h2>\n<p><\/font>Bietet ein vollmundiges Vanillearoma, das vielleicht robuster ist als andere Vanillekonzentrate. E fl\u00fcssige Aromen Perfumers Apprentice TPA. Es handelt sich um konzentrierte Aromen, die nicht unverd\u00fcnnt verstr\u00f6men, sondern der Basisfl\u00fcssigkeit zugegeben werden m\u00fcssen.<\/p>","protected":false},"featured_media":6496,"comment_status":"open","ping_status":"closed","template":"","meta":{"_acf_changed":false,"_genesis_hide_title":false,"_genesis_hide_breadcrumbs":false,"_genesis_hide_singular_image":false,"_genesis_hide_footer_widgets":false,"_genesis_custom_body_class":"","_genesis_custom_post_class":"","_genesis_layout":""},"product_brand":[],"product_cat":[243],"product_tag":[],"class_list":{"1":"product","2":"type-product","6":"product_cat-tpa-flavours-for-self-mixing","7":"entry","9":"first","10":"instock","11":"taxable","12":"shipping-taxable","13":"purchasable","14":"product-type-variable"},"acf":[],"_links":{"self":[{"href":"https:\/\/eliquidnicotine.co.uk\/de\/wp-json\/wp\/v2\/product\/5992","targetHints":{"allow":["GET"]}}],"collection":[{"href":"https:\/\/eliquidnicotine.co.uk\/de\/wp-json\/wp\/v2\/product"}],"about":[{"href":"https:\/\/eliquidnicotine.co.uk\/de\/wp-json\/wp\/v2\/types\/product"}],"replies":[{"embeddable":true,"href":"https:\/\/eliquidnicotine.co.uk\/de\/wp-json\/wp\/v2\/comments?post=5992"}],"wp:featuredmedia":[{"embeddable":true,"href":"https:\/\/eliquidnicotine.co.uk\/de\/wp-json\/wp\/v2\/media\/6496"}],"wp:attachment":[{"href":"https:\/\/eliquidnicotine.co.uk\/de\/wp-json\/wp\/v2\/media?parent=5992"}],"wp:term":[{"taxonomy":"product_brand","embeddable":true,"href":"https:\/\/eliquidnicotine.co.uk\/de\/wp-json\/wp\/v2\/product_brand?post=5992"},{"taxonomy":"product_cat","embeddable":true,"href":"https:\/\/eliquidnicotine.co.uk\/de\/wp-json\/wp\/v2\/product_cat?post=5992"},{"taxonomy":"product_tag","embeddable":true,"href":"https:\/\/eliquidnicotine.co.uk\/de\/wp-json\/wp\/v2\/product_tag?post=5992"}],"curies":[{"name":"wp","href":"https:\/\/api.w.org\/{rel}","templated":true}]}}