{"id":70,"date":"2017-12-03T06:49:59","date_gmt":"2017-12-03T06:49:59","guid":{"rendered":"https:\/\/eliquidnicotine.co.uk\/?post_type=product&#038;p=70"},"modified":"2021-12-04T21:29:05","modified_gmt":"2021-12-04T21:29:05","slug":"fly-me-to-mars-premium-flavours","status":"publish","type":"product","link":"https:\/\/eliquidnicotine.co.uk\/de\/shop\/fly-me-to-mars-aromen\/","title":{"rendered":"fly me to mars die Aromen"},"content":{"rendered":"<h2 class=\"vc_custom_heading wpb_animate_when_almost_visible wpb_appear appear wpb_start_animation animated\">Nat\u00fcrliche Bio-Aromen<\/h2>\n<p>Sehr konzentrierte Aromen ben\u00f6tigen Sie nur 5%, um einen guten Geschmack und eine gute Fl\u00fcssigkeit zu haben.<\/p>\n<p>Die Herstellung von Aromen f\u00fcr die Lebensmittel- und Getr\u00e4nkeindustrie, die Verwendung feinster Zutaten und die Einhaltung h\u00f6chster Produktionsstandards.<\/p>\n<p>Hohe Standards erm\u00f6glichen es uns, die besten Aromen zu kreieren, so dass das Vaping von nun an zu einer ganz neuen Erfahrung wird.<\/p>\n<p><strong>NEIN zu Diacetyl, Acetoin und Acetyl Propionyl oder Farbstoff.<\/strong><\/p>\n<p>Alle Aromen werden von unserem Aromatiker- und Mixologen-Team gut getestet und in Einklang gebracht.<\/p>\n<p>Die Welt der Aromen ver\u00e4ndert sich oft, und es sind die Geschm\u00e4cker der Kunden, die dies bestimmen, wie zum Beispiel die nicht ganz junge Entwicklung der Verbraucher, die nat\u00fcrliche Aromen w\u00fcnschen.\u00a0<strong>Der Aromatiker ist verpflichtet, diese Trends im Auge zu behalten.<\/strong><\/p>\n<p><strong>Ein Aromatiker wirkt wie ein Magier, der verschiedene Aromen kombiniert.\u00a0<\/strong>um die perfekte Mischung zu kreieren, die einen magischen Genuss bietet.<\/p>\n<p><strong>Wann haben Sie sich das letzte Mal wirklich einen Moment Zeit genommen, um den Geschmack Ihrer E-Liquids zu sch\u00e4tzen?<\/strong><\/p>\n<p>&nbsp;<\/p>\n<p><strong>Warum also FM2M f\u00fcr Ihren OEM einsetzen?<\/strong><\/p>\n<ul>\n<li>Alle unsere Aromen werden in Europa hergestellt und produziert und verwenden nur die hochwertigsten Zutaten aus der EU.<\/li>\n<li>Alle unsere Aromen, ob OEM, Bulk, Gro\u00df- oder Einzelhandel, sind streng chargenkontrolliert und gew\u00e4hrleisten eine zuverl\u00e4ssige Qualit\u00e4t in jeder einzelnen Flasche.<\/li>\n<li>Alle unsere Aromen sind DEG-frei, diacetylfrei und acetylpropionylfrei.<\/li>\n<li>Zertifikate f\u00fcr jeden einzelnen Geschmack, den wir produzieren.<\/li>\n<li>Individuelle Konfiguration jedes Aromas, angepasst an Ihre Pr\u00e4ferenzen.<\/li>\n<li>Immer ein ganzes Team mit Wissen und Erfahrung, um die Aromen zu produzieren, die Sie ben\u00f6tigen, zu Ihren Diensten und zusammen schaffen wir Ihr ultimatives Vape-Erlebnis.<\/li>\n<\/ul>\n<ul>\n<li>Sind Sie ein brandneues Start-up-Unternehmen, ein schnell expandierendes Unternehmen oder suchen Sie einfach nur eine neue geschmackliche Herausforderung, wir w\u00fcrden uns freuen, mit Ihnen in Kontakt zu treten.<\/li>\n<\/ul>","protected":false},"excerpt":{"rendered":"<p>30 ml Sehr konzentrierte Aromen, Sie ben\u00f6tigen nur 5%, um einen guten Geschmack und eine gute Fl\u00fcssigkeit zu haben.<\/p>","protected":false},"featured_media":2332,"comment_status":"open","ping_status":"closed","template":"","meta":{"_acf_changed":false,"_genesis_hide_title":false,"_genesis_hide_breadcrumbs":false,"_genesis_hide_singular_image":false,"_genesis_hide_footer_widgets":false,"_genesis_custom_body_class":"","_genesis_custom_post_class":"","_genesis_layout":""},"product_brand":[],"product_cat":[252],"product_tag":[],"class_list":{"1":"product","2":"type-product","6":"product_cat-fly-me-to-mars-flavours-for-self-mixing","7":"entry","9":"first","10":"outofstock","11":"taxable","12":"shipping-taxable","13":"purchasable","14":"product-type-variable"},"acf":[],"_links":{"self":[{"href":"https:\/\/eliquidnicotine.co.uk\/de\/wp-json\/wp\/v2\/product\/70","targetHints":{"allow":["GET"]}}],"collection":[{"href":"https:\/\/eliquidnicotine.co.uk\/de\/wp-json\/wp\/v2\/product"}],"about":[{"href":"https:\/\/eliquidnicotine.co.uk\/de\/wp-json\/wp\/v2\/types\/product"}],"replies":[{"embeddable":true,"href":"https:\/\/eliquidnicotine.co.uk\/de\/wp-json\/wp\/v2\/comments?post=70"}],"wp:featuredmedia":[{"embeddable":true,"href":"https:\/\/eliquidnicotine.co.uk\/de\/wp-json\/wp\/v2\/media\/2332"}],"wp:attachment":[{"href":"https:\/\/eliquidnicotine.co.uk\/de\/wp-json\/wp\/v2\/media?parent=70"}],"wp:term":[{"taxonomy":"product_brand","embeddable":true,"href":"https:\/\/eliquidnicotine.co.uk\/de\/wp-json\/wp\/v2\/product_brand?post=70"},{"taxonomy":"product_cat","embeddable":true,"href":"https:\/\/eliquidnicotine.co.uk\/de\/wp-json\/wp\/v2\/product_cat?post=70"},{"taxonomy":"product_tag","embeddable":true,"href":"https:\/\/eliquidnicotine.co.uk\/de\/wp-json\/wp\/v2\/product_tag?post=70"}],"curies":[{"name":"wp","href":"https:\/\/api.w.org\/{rel}","templated":true}]}}