{"id":8505,"date":"2020-01-25T08:31:21","date_gmt":"2020-01-25T08:31:21","guid":{"rendered":"https:\/\/eliquidnicotine.co.uk\/shop\/avoria-premium-qualitat-platin-tabak-e-liquid\/"},"modified":"2021-08-12T13:04:56","modified_gmt":"2021-08-12T13:04:56","slug":"avoria-premium-quality-platin-tabak-e-liquid","status":"publish","type":"product","link":"https:\/\/eliquidnicotine.co.uk\/de\/shop\/avoria-premium-qualitat-platin-tabak-e-liquid\/","title":{"rendered":"Avoria Platin-Tabak in Premium-Qualit\u00e4t"},"content":{"rendered":"<p>Das Vapen von E-Zigaretten geh\u00f6rt zu den allt\u00e4glichen Vergn\u00fcgen, die ganz einfach, aber auch enorm kompliziert sein k\u00f6nnen. Viele Anwender sch\u00e4tzen die Tatsache, dass die Fl\u00fcssigkeiten nur in den Fl\u00fcssigkeitstank einer E-Zigarette getropft werden m\u00fcssen und somit das Dampferlebnis innerhalb weniger Sekunden beginnen kann.<\/p>","protected":false},"excerpt":{"rendered":"<h2>Alle Avoria-Produkte jetzt mit 50 Prozent Rabatt<\/h2>\n<p>Avoria E-Fl\u00fcssigkeiten brauchen ihren Geschmack nicht zu verbergen, und Sie als Anwender profitieren auf fast jeder Ebene immens davon. Probieren Sie die S\u00e4fte von Avoria E und die unglaublich breite Palette an Geschmacksrichtungen, die Sie genie\u00dfen k\u00f6nnen.<\/p>","protected":false},"featured_media":6624,"comment_status":"open","ping_status":"closed","template":"","meta":{"_acf_changed":false,"_genesis_hide_title":false,"_genesis_hide_breadcrumbs":false,"_genesis_hide_singular_image":false,"_genesis_hide_footer_widgets":false,"_genesis_custom_body_class":"","_genesis_custom_post_class":"","_genesis_layout":""},"product_brand":[],"product_cat":[397],"product_tag":[],"class_list":{"1":"product","2":"type-product","6":"product_cat-avoria-premium-e-liquid","7":"entry","9":"first","10":"outofstock","11":"taxable","12":"shipping-taxable","13":"purchasable","14":"product-type-variable"},"acf":[],"_links":{"self":[{"href":"https:\/\/eliquidnicotine.co.uk\/de\/wp-json\/wp\/v2\/product\/8505","targetHints":{"allow":["GET"]}}],"collection":[{"href":"https:\/\/eliquidnicotine.co.uk\/de\/wp-json\/wp\/v2\/product"}],"about":[{"href":"https:\/\/eliquidnicotine.co.uk\/de\/wp-json\/wp\/v2\/types\/product"}],"replies":[{"embeddable":true,"href":"https:\/\/eliquidnicotine.co.uk\/de\/wp-json\/wp\/v2\/comments?post=8505"}],"wp:featuredmedia":[{"embeddable":true,"href":"https:\/\/eliquidnicotine.co.uk\/de\/wp-json\/wp\/v2\/media\/6624"}],"wp:attachment":[{"href":"https:\/\/eliquidnicotine.co.uk\/de\/wp-json\/wp\/v2\/media?parent=8505"}],"wp:term":[{"taxonomy":"product_brand","embeddable":true,"href":"https:\/\/eliquidnicotine.co.uk\/de\/wp-json\/wp\/v2\/product_brand?post=8505"},{"taxonomy":"product_cat","embeddable":true,"href":"https:\/\/eliquidnicotine.co.uk\/de\/wp-json\/wp\/v2\/product_cat?post=8505"},{"taxonomy":"product_tag","embeddable":true,"href":"https:\/\/eliquidnicotine.co.uk\/de\/wp-json\/wp\/v2\/product_tag?post=8505"}],"curies":[{"name":"wp","href":"https:\/\/api.w.org\/{rel}","templated":true}]}}