{"id":2152,"date":"2019-04-08T12:55:15","date_gmt":"2019-04-08T12:55:15","guid":{"rendered":"https:\/\/eliquidnicotine.co.uk\/?page_id=2152"},"modified":"2020-05-13T18:13:41","modified_gmt":"2020-05-13T18:13:41","slug":"e-liquid-recipe-calculator","status":"publish","type":"page","link":"https:\/\/eliquidnicotine.co.uk\/es\/e-liquid-recipe-calculator\/","title":{"rendered":"Calculadora de recetas de e-l\u00edquidos"},"content":{"rendered":"<!DOCTYPE HTML PUBLIC \"-\/\/W3C\/\/DTD HTML 4.01 Transitional\/\/EN\"\n        \"http:\/\/www.w3.org\/TR\/html4\/loose.dtd\">\n<html>\n<head>\n\t<title>Calculadora de recetas de eJuice<\/title>\n\t<link rel=\"StyleSheet\" href=\"ejuice.css\" type=\"text\/css\" media=\"screen\">\n\t<link rel=\"StyleSheet\" href=\"ejuice_print.css\" type=\"text\/css\" media=\"print\">\n<script type=\"text\/javascript\">\nfunction updateValues()\n{\nc3 = document.getElementById(\"nicBase\").value;\nc4 = document.getElementById(\"targetNic\").value;\nc5 = document.getElementById(\"toCreate\").value;\nc6 = document.getElementById(\"waterAdded\").value;\nc7 = document.getElementById(\"flavor\").value;\nc14=document.getElementById(\"b\").value = (c5 \/ (c3 \/ c4)).toFixed(1);\ndocument.getElementById(\"c\").value = 20*c14;\ne14=document.getElementById(\"d\").value =((c14 \/ c5) * 100).toFixed(1);\nc16= document.getElementById(\"e\").value = (c5 * (c6 \/ 100));\nd16= document.getElementById(\"f\").value = 20*c16;\ne16= document.getElementById(\"g\").value = ((c16 * 100) \/ c5).toFixed(2);\nc17= document.getElementById(\"h\").value = (c5 * (c7 \/ 100)).toFixed(2);\nd17= document.getElementById(\"i\").value = 20*c17;\ne17= document.getElementById(\"j\").value = ((c17 * 100) \/ c5).toFixed(2);\nc15= document.getElementById(\"k\").value = (c5 - c14 - c16 - c17).toFixed(1);\nd15= document.getElementById(\"l\").value = 20*c15;\ne15=document.getElementById(\"m\").value = ((c15 \/ c5) * 100).toFixed(2);\n}\n<\/script>\n\n<meta name=\"description\" content=\"calculadora de recetas de ejuice, ejuice, e-juice, e-cig, e-cigarette, cigarrillo electr\u00f3nico, vaping, e-liquid, e-liquids, eliquid, eliquids, pg, vg\">\n<meta name=\"keywords\" content=\"ejuice recipe calculator, ejuice, e-juice, e-cig, e-cigarette, electronic cigarette, vaping, e-liquid,\te-liquids, eliquid, eliquids, pg, vg\">\n\n\n\n\n<style>\n.GreyFade {\n    border-radius: 5px;\n    background: #7e7e7e  repeat-x scroll 0px 0px;\n    min-height: 150px;\n    padding: 10px 10px 20px;\n    border: 1px solid #CCC;\n    max-width: 500px;\n    color:#CCC;\n\tfont-family: lucida,arial,sans-serif;\nfont-size: 14px;\n\nline-height: 1.5;\n}\n.caption {\n    font-size: 8pt;\n    font-style: italic;\n}\n.head1 {\n    font-size: 18pt;\n    color: #FFF;\n    letter-spacing: 7pt;\n    text-decoration: none;\n    padding: 10px 0px 30px;\n}\n.headerRow {\n    background:#7e7e7e;\n}\n.head2 {\n    font-size: 14pt;\n    color: #90BEEE;\n    letter-spacing: 5pt;\n    text-decoration: none;\n}\n.body\n{\nfont-family: lucida,arial,sans-serif;\n    font-size: 14px;\n    color: #FFF;\n    line-height: 1.5;\n    background: #a9a9a9 url(\"\") repeat-x scroll 0px 0px;\n    margin: 0px;\n    padding: 0px;\n\t}\n\t.text\n\t{\n\tcolor:#CCC;\n\tbackground:#585858  repeat-x scroll 0px 0px; border:solid 1px #585858 ;\n\t}\n\n<\/style>\n<body class=\"body\">\n<center>\n\n\t<div class=\"head1\">Calculadora de recetas de eJuice<\/div>\n\n\t<div class=\"GreyFade\">\n\t<div id=\"UserInput\">\n\n\t<font class=\"head2\">Entrada del usuario<\/font><br>\n\t<table border=\"0\" width=\"300\" cellspacing=\"1\" cellpadding=\"1\">\n\t<tr>\n\t\t<th align=\"left\">Base de nicotina<\/th>\n\t\t<td align=\"right\"><input onchange=\"updateValues();\" name=\"nicBase\" id=\"nicBase\" type=\"text\"  size=\"5\" maxlength=\"3\"><\/td>\n\n\n\n\t\t<td>mg\/ml<\/td>\n\t<\/tr>\n\t<tr>\n\t\t<th align=\"left\">Nivel objetivo de nicotina<\/th>\n\t\t<td align=\"right\"><input onchange=\"updateValues();\" name=\"targetNic\" id=\"targetNic\" type=\"text\"  size=\"5\" maxlength=\"3\"><\/td>\n\t\t<td>mg\/ml<\/td>\n\t<\/tr>\n\t<tr>\n\t\t<th align=\"left\">Importe a crear<\/th>\n\t\t<td align=\"right\"><input onchange=\"updateValues();\" name=\"toCreate\" id=\"toCreate\" type=\"text\"  size=\"5\" maxlength=\"5\"><\/td>\n\t\t<td>ml<\/td>\n\t<\/tr>\n\t<tr>\n\t\t<th align=\"left\">Agua a\u00f1adida (opcional)<\/th>\n\t\t<td align=\"right\"><input onchange=\"updateValues();\" name=\"waterAdded\" id=\"waterAdded\" type=\"text\"  size=\"5\" maxlength=\"5\"><\/td>\n\t\t<td>%<\/td>\n\t<\/tr>\n\t<tr>\n\t\t<th align=\"left\">Porcentaje de sabor<\/th>\n\t\t<td align=\"right\"><input onchange=\"updateValues();\" name=\"flavor\" id=\"flavor\" type=\"text\"  size=\"5\" maxlength=\"5\"><\/td>\n\t\t<td>%<\/td>\n\t<\/tr>\n\t<\/table>\n\n\n\t<\/div> <!-- UserInput-->\n\t<\/div><!-- GreyFade -->\n\n\n\t<br><br>\n\n\t<div class=\"GreyFade\">\n\t<div id=\"results\">\n        <font class=\"head2\">Receta<\/font>\n    <br><\/br>\n    <table width=\"100%\" cellspacing=\"0\" cellpadding=\"0\" border=\"0\">\n        <tbody>\n            <tr class=\"headerRow\">\n            <th align=\"left\">ingrediente<\/th>\n            <th align=\"left\">&nbsp;&nbsp;&nbsp;&nbsp;&nbsp;&nbsp;&nbsp;ml<\/th>\n             <th>gotas*&nbsp;&nbsp;&nbsp;&nbsp;&nbsp;&nbsp;&nbsp;<\/th>\n             <th>% del total<\/th>\n        <\/tr>\n\n            <tr>\n            <th align=\"left\">PG o VG con nicotina<\/th>\n\n                <td align=\"center\"><input name=\"nicBase\" id=\"b\" type=\"text\"  size=\"5\" maxlength=\"3\" class=\"text\" \/><strong>ml<\/strong><\/td>\n                <td align=\"center\"><input name=\"nicBase\" id=\"c\" type=\"text\"  size=\"5\" maxlength=\"3\" class=\"text\" \/><strong>gotas<\/strong><\/td>\n                <td align=\"center\"><input name=\"nicBase\" id=\"d\" type=\"text\"  size=\"5\" maxlength=\"3\" class=\"text\" \/><strong>%<\/strong><\/td>\n            <\/tr>\n            <tr>\n             <th align=\"left\">PG o VG (sin nicotina)<\/th>\n\n            <td align=\"center\"><input name=\"nicBase\" id=\"k\" type=\"text\"  size=\"5\" maxlength=\"3\" class=\"text\"><strong>ml<\/strong><\/td>\n                <td align=\"center\"><input name=\"nicBase\" id=\"l\" type=\"text\"  size=\"5\" maxlength=\"3\" class=\"text\"><strong>gotas<\/strong><\/td>\n                <td align=\"center\"><input name=\"nicBase\" id=\"m\" type=\"text\"  size=\"5\" maxlength=\"3\" class=\"text\"><strong>%<\/strong><\/td>\n                <\/tr>\n                <tr>\n                <th align=\"left\">Agua<\/th>\n\n                <td align=\"center\"><input name=\"nicBase\" id=\"e\" type=\"text\"  size=\"5\" maxlength=\"3\" class=\"text\"><strong>ml<\/strong><\/td>\n                <td align=\"center\"><input name=\"nicBase\" id=\"f\" type=\"text\"  size=\"5\" maxlength=\"3\" class=\"text\"><strong>gotas<\/strong><\/td>\n                <td align=\"center\"><input name=\"nicBase\" id=\"g\" type=\"text\"  size=\"5\" maxlength=\"3\" class=\"text\"><strong>%<\/strong><\/td><\/tr>\n                <tr>\n                <th align=\"left\">Aromatizante(s)<\/th>\n\n                <td align=\"center\"><input name=\"nicBase\" id=\"h\" type=\"text\"  size=\"5\" maxlength=\"3\" class=\"text\"><strong>ml<\/strong><\/td>\n                <td align=\"center\"><input name=\"nicBase\" id=\"i\" type=\"text\"  size=\"5\" maxlength=\"3\" class=\"text\"><strong>gotas<\/strong><\/td>\n                <td align=\"center\"><input name=\"nicBase\" id=\"j\" type=\"text\"  size=\"5\" maxlength=\"3\" class=\"text\"><strong>%<\/strong><\/td><\/tr>\n        <\/tbody>\n    <\/table>\n    <br><\/br>\n    <div class=\"caption\">*Las gotas son una estimaci\u00f3n. 20 gotas de agua de un gotero equivalen aproximadamente a 1 ml.<\/div>\n\n<\/div>\n\n\t<\/div> <!--UserInput-->\n\t<\/div> <!--GreyFade-->\n\n\t\n<br>\n\t\t\n\n\n\n\n\t\n\n<\/center>\n<\/body>\n<\/html>\n\n\n\n<p>Si utiliza nuestra calculadora en un dispositivo m\u00f3vil, incl\u00ednelo.<\/p>\n\n\n\n<p>E calculadora de l\u00edquido para el ajuste preciso de su jugo de vape.  Creo que la calculadora habla por s\u00ed mismo, pero si usted tiene alguna pregunta por favor env\u00ede un e-mail.<\/p>","protected":false},"excerpt":{"rendered":"<p>Calculadora de recetas eJuice Calculadora de recetas eJuice Entrada del usuario Base de nicotina mg\/ml Nivel objetivo de nicotina mg\/ml Cantidad para crear ml Agua a\u00f1adida (opcional) % Porcentaje de sabor % Ingrediente de la receta ml gotas* % de PG o VG total con nicotina ml gotas % PG o VG (sin nicotina) ml gotas % Agua ml gotas % Aromatizante(s) ml ...<\/p>","protected":false},"author":1,"featured_media":0,"parent":0,"menu_order":0,"comment_status":"closed","ping_status":"closed","template":"","meta":{"_acf_changed":false,"_genesis_hide_title":false,"_genesis_hide_breadcrumbs":false,"_genesis_hide_singular_image":false,"_genesis_hide_footer_widgets":false,"_genesis_custom_body_class":"","_genesis_custom_post_class":"","_genesis_layout":"","footnotes":""},"class_list":{"1":"page","2":"type-page","5":"entry"},"acf":[],"_links":{"self":[{"href":"https:\/\/eliquidnicotine.co.uk\/es\/wp-json\/wp\/v2\/pages\/2152","targetHints":{"allow":["GET"]}}],"collection":[{"href":"https:\/\/eliquidnicotine.co.uk\/es\/wp-json\/wp\/v2\/pages"}],"about":[{"href":"https:\/\/eliquidnicotine.co.uk\/es\/wp-json\/wp\/v2\/types\/page"}],"author":[{"embeddable":true,"href":"https:\/\/eliquidnicotine.co.uk\/es\/wp-json\/wp\/v2\/users\/1"}],"replies":[{"embeddable":true,"href":"https:\/\/eliquidnicotine.co.uk\/es\/wp-json\/wp\/v2\/comments?post=2152"}],"version-history":[{"count":2,"href":"https:\/\/eliquidnicotine.co.uk\/es\/wp-json\/wp\/v2\/pages\/2152\/revisions"}],"predecessor-version":[{"id":18726,"href":"https:\/\/eliquidnicotine.co.uk\/es\/wp-json\/wp\/v2\/pages\/2152\/revisions\/18726"}],"wp:attachment":[{"href":"https:\/\/eliquidnicotine.co.uk\/es\/wp-json\/wp\/v2\/media?parent=2152"}],"curies":[{"name":"wp","href":"https:\/\/api.w.org\/{rel}","templated":true}]}}