{"id":22823,"date":"2021-12-07T15:17:47","date_gmt":"2021-12-07T15:17:47","guid":{"rendered":"https:\/\/eliquidnicotine.co.uk\/?page_id=22823"},"modified":"2021-12-07T15:17:48","modified_gmt":"2021-12-07T15:17:48","slug":"privacy","status":"publish","type":"page","link":"https:\/\/eliquidnicotine.co.uk\/es\/privacidad\/","title":{"rendered":"Privacidad"},"content":{"rendered":"<p>Pol\u00edtica de privacidad<\/p>\n<p>El responsable del tratamiento de datos es:<br \/>\nTJ Papen<br \/>\nHertog Hendriklaan 7A<br \/>\n3743DL Baarn<br \/>\nPa\u00edses Bajos<br \/>\ninfo@eliquidnicotine.co.uk<\/p>\n<p>Gracias por su inter\u00e9s en nuestra tienda en l\u00ednea. La protecci\u00f3n de su privacidad es muy importante para nosotros. A continuaci\u00f3n le informamos detalladamente sobre c\u00f3mo tratamos sus datos.<\/p>\n<p>1. DATOS DE ACCESO Y ALOJAMIENTO<br \/>\nPuede visitar nuestros sitios web sin facilitar ninguna informaci\u00f3n personal. Cada vez que accede a un sitio web, el servidor web s\u00f3lo guarda autom\u00e1ticamente el denominado archivo de registro del servidor, que contiene, por ejemplo, el nombre del archivo solicitado, su direcci\u00f3n IP, la fecha y hora del acceso, la cantidad de datos transferidos y el proveedor solicitante (datos de acceso) y documenta el acceso. Estos datos de acceso se eval\u00faan \u00fanicamente con el fin de garantizar un funcionamiento sin problemas del sitio y mejorar nuestros servicios. Esto sirve para proteger nuestros intereses leg\u00edtimos en la correcta presentaci\u00f3n de nuestra oferta, que prevalecen sobre nuestros intereses de conformidad con el Art. 6 Para. 1 S. 1 lit. f DSGVO. Todos los datos de acceso se eliminan a m\u00e1s tardar siete d\u00edas despu\u00e9s de finalizar su visita al sitio.<\/p>\n<p>1.1 HOSTING<br \/>\nLos servicios de alojamiento y visualizaci\u00f3n del sitio web son prestados en parte por nuestros proveedores de servicios como parte del procesamiento en nuestro nombre. A menos que se explique lo contrario en esta pol\u00edtica de privacidad, todos los datos de acceso, as\u00ed como todos los datos recogidos en los formularios previstos a tal efecto en este sitio web, se procesan en sus servidores. Si tiene alguna pregunta sobre nuestros proveedores de servicios y la base de nuestra cooperaci\u00f3n con ellos, utilice la opci\u00f3n de contacto descrita en esta pol\u00edtica de privacidad.<\/p>\n<p>1.2 RED DE DISTRIBUCI\u00d3N DE CONTENIDOS<br \/>\nCon el fin de reducir el tiempo de carga, en algunas ofertas utilizamos la denominada Red de Entrega de Contenidos (\"CDN\"). Con este servicio, los contenidos, por ejemplo los archivos multimedia de gran tama\u00f1o, se entregan a trav\u00e9s de servidores distribuidos regionalmente de proveedores de servicios CDN externos. Por lo tanto, los datos de acceso se procesan en los servidores de los proveedores de servicios. Nuestros proveedores de servicios trabajan para nosotros en el marco de la tramitaci\u00f3n de pedidos. Nuestros proveedores de servicios est\u00e1n ubicados y\/o utilizan servidores en pa\u00edses fuera de la UE y del EEE. No existe una decisi\u00f3n de adecuaci\u00f3n de la Comisi\u00f3n Europea para estos pa\u00edses. Nuestra cooperaci\u00f3n con ellos se basa en las cl\u00e1usulas est\u00e1ndar de protecci\u00f3n de datos de la Comisi\u00f3n Europea. Si tiene alguna pregunta sobre nuestros proveedores de servicios y la base de nuestra cooperaci\u00f3n con ellos, utilice la opci\u00f3n de contacto descrita en esta pol\u00edtica de privacidad.<\/p>\n<p>2. TRATAMIENTO DE DATOS PARA LA TRAMITACI\u00d3N DE CONTRATOS, LA TOMA DE CONTACTO Y LA APERTURA DE UNA CUENTA DE CLIENTE.<br \/>\nRecopilamos datos personales si usted nos los facilita voluntariamente en el marco de su pedido o al ponerse en contacto con nosotros (por ejemplo, a trav\u00e9s de un formulario de contacto o por correo electr\u00f3nico). Los campos obligatorios est\u00e1n marcados como tales, ya que en estos casos necesitamos los datos para tramitar el contrato o procesar su contacto y usted no puede enviar el pedido o ponerse en contacto sin facilitarlos. Los datos que se recogen pueden verse en los respectivos formularios de entrada. Utilizamos los datos que nos facilita para tramitar el contrato y sus consultas de conformidad con el Art. 6 Para. 1 S. 1 lit. b DSGVO.<br \/>\nEn la medida en que haya dado su consentimiento para ello de conformidad con el art. 6 para. 1 p. 1 lit. a DSGVO al decidir abrir una cuenta de cliente, utilizaremos sus datos con el fin de abrir una cuenta de cliente. Encontrar\u00e1 m\u00e1s informaci\u00f3n sobre el procesamiento de sus datos, en particular sobre la transferencia a nuestros proveedores de servicios para la tramitaci\u00f3n de pedidos, pagos y env\u00edos, en las siguientes secciones de esta pol\u00edtica de privacidad. Una vez finalizada la tramitaci\u00f3n del contrato o eliminada su cuenta de cliente, se restringir\u00e1 el tratamiento posterior de sus datos y se eliminar\u00e1n una vez transcurridos los plazos de conservaci\u00f3n previstos en la legislaci\u00f3n fiscal y mercantil de conformidad con el art. 6 (1) frase 1 lit. c DSGVO, a menos que usted haya consentido expresamente el uso posterior de sus datos de conformidad con el Art. 6 (1) frase 1 lit. a DSGVO o nos reservemos el derecho a utilizar los datos m\u00e1s all\u00e1 de esto, lo cual est\u00e1 permitido por la ley y sobre lo que le informamos en esta declaraci\u00f3n. La eliminaci\u00f3n de su cuenta de cliente es posible en cualquier momento y puede realizarse enviando un mensaje a la opci\u00f3n de contacto descrita en esta declaraci\u00f3n de protecci\u00f3n de datos o a trav\u00e9s de una funci\u00f3n prevista a tal efecto en la cuenta de cliente.<\/p>\n<p>2.1 SISTEMA DE GESTI\u00d3N DE MERCANC\u00cdAS<br \/>\nUtilizamos sistemas de gesti\u00f3n de mercanc\u00edas de proveedores de servicios externos para la tramitaci\u00f3n de pedidos y contratos. Nuestros proveedores de servicios trabajan para nosotros en el marco de la tramitaci\u00f3n de pedidos. Si tiene alguna pregunta sobre nuestros proveedores de servicios y las bases de nuestra cooperaci\u00f3n con ellos, p\u00f3ngase en contacto con el<\/p>","protected":false},"excerpt":{"rendered":"<p>Pol\u00edtica de privacidad El responsable del tratamiento de datos es: TJ Papen Hertog Hendriklaan 7A 3743DL Baarn Pa\u00edses Bajos info@eliquidnicotine.co.uk Gracias por su inter\u00e9s en nuestra tienda online. La protecci\u00f3n de su privacidad es muy importante para nosotros. A continuaci\u00f3n le informamos detalladamente sobre c\u00f3mo tratamos sus datos. 1. DATOS DE ACCESO Y HOSTING Usted ...<\/p>","protected":false},"author":1,"featured_media":0,"parent":0,"menu_order":0,"comment_status":"closed","ping_status":"closed","template":"","meta":{"_acf_changed":false,"_genesis_hide_title":false,"_genesis_hide_breadcrumbs":false,"_genesis_hide_singular_image":false,"_genesis_hide_footer_widgets":false,"_genesis_custom_body_class":"","_genesis_custom_post_class":"","_genesis_layout":"","footnotes":""},"class_list":{"1":"page","2":"type-page","5":"entry"},"acf":[],"_links":{"self":[{"href":"https:\/\/eliquidnicotine.co.uk\/es\/wp-json\/wp\/v2\/pages\/22823","targetHints":{"allow":["GET"]}}],"collection":[{"href":"https:\/\/eliquidnicotine.co.uk\/es\/wp-json\/wp\/v2\/pages"}],"about":[{"href":"https:\/\/eliquidnicotine.co.uk\/es\/wp-json\/wp\/v2\/types\/page"}],"author":[{"embeddable":true,"href":"https:\/\/eliquidnicotine.co.uk\/es\/wp-json\/wp\/v2\/users\/1"}],"replies":[{"embeddable":true,"href":"https:\/\/eliquidnicotine.co.uk\/es\/wp-json\/wp\/v2\/comments?post=22823"}],"version-history":[{"count":2,"href":"https:\/\/eliquidnicotine.co.uk\/es\/wp-json\/wp\/v2\/pages\/22823\/revisions"}],"predecessor-version":[{"id":22825,"href":"https:\/\/eliquidnicotine.co.uk\/es\/wp-json\/wp\/v2\/pages\/22823\/revisions\/22825"}],"wp:attachment":[{"href":"https:\/\/eliquidnicotine.co.uk\/es\/wp-json\/wp\/v2\/media?parent=22823"}],"curies":[{"name":"wp","href":"https:\/\/api.w.org\/{rel}","templated":true}]}}