{"id":75,"date":"2017-12-03T06:51:47","date_gmt":"2017-12-03T06:51:47","guid":{"rendered":"https:\/\/eliquidnicotine.co.uk\/?page_id=75"},"modified":"2026-01-26T13:39:07","modified_gmt":"2026-01-26T12:39:07","slug":"how-to-make-a-payment","status":"publish","type":"page","link":"https:\/\/eliquidnicotine.co.uk\/es\/como-realizar-un-pago\/","title":{"rendered":"C\u00f3mo efectuar un pago"},"content":{"rendered":"<p>Los pagos pueden hacerse por transferencia bancaria.<\/p>\n<p>Pagos con tarjeta de cr\u00e9dito, opci\u00f3n Viva wallet.<br \/>\nLas tarjetas de cr\u00e9dito s\u00f3lo se aceptan si es una tarjeta \"Euro\".<br \/>\nLamentablemente, nuestro proveedor de servicios de pago no acepta la libra esterlina como divisa.<br \/>\nSi reside en el Reino Unido, utilice la transferencia bancaria como m\u00e9todo de pago.<\/p>\n<p>Tarjeta de d\u00e9bito Ideal<\/p>\n<p>Sofort Tarjeta de d\u00e9bito bancaria<\/p>\n<p>Credenciales bancarias,\u00a0<strong>IBAN NL 71 INGB 00061505 79<\/strong><br \/>\nC\u00f3digo BIC: INGBNL2A<br \/>\nNombre: Skindeep BV<\/p>\n<p>N26 Banco en l\u00ednea<br \/>\nTheo Jan Papen<br \/>\nIBAN: <strong>DE12100110012621221868<\/strong><br \/>\nBIC: NTSBDEB1XXX<\/p>\n<p><strong>Para los clientes brit\u00e1nicos<\/strong><br \/>\nEn Europa no utilizamos c\u00f3digos de clasificaci\u00f3n. Primero tienes que crear un nuevo beneficiario en el portal de tu banco y, a continuaci\u00f3n, elegir el pa\u00eds, en este caso Pa\u00edses Bajos o Alemania.<br \/>\nEntonces puede utilizar uno de nuestros n\u00fameros de cuenta bancaria Iban. Recuerde que los c\u00f3digos de clasificaci\u00f3n solo se utilizan para pagos nacionales.<\/p>","protected":false},"excerpt":{"rendered":"<p>Los pagos pueden realizarse por transferencia bancaria. Pagos con tarjeta de cr\u00e9dito, opci\u00f3n Viva wallet. Las tarjetas de cr\u00e9dito s\u00f3lo se aceptan si es una tarjeta \"Euro\". Lamentablemente, nuestro proveedor de pagos no puede aceptar la libra esterlina como moneda. Por favor, utilice la transferencia bancaria como m\u00e9todo de pago cuando est\u00e9 basado en el Reino Unido. Tarjeta de d\u00e9bito Ideal Sofort Tarjeta de d\u00e9bito bancaria ...<\/p>","protected":false},"author":1,"featured_media":0,"parent":0,"menu_order":0,"comment_status":"closed","ping_status":"closed","template":"","meta":{"_acf_changed":false,"_genesis_hide_title":false,"_genesis_hide_breadcrumbs":false,"_genesis_hide_singular_image":false,"_genesis_hide_footer_widgets":false,"_genesis_custom_body_class":"","_genesis_custom_post_class":"","_genesis_layout":"","footnotes":""},"class_list":{"1":"page","2":"type-page","5":"entry"},"acf":[],"_links":{"self":[{"href":"https:\/\/eliquidnicotine.co.uk\/es\/wp-json\/wp\/v2\/pages\/75","targetHints":{"allow":["GET"]}}],"collection":[{"href":"https:\/\/eliquidnicotine.co.uk\/es\/wp-json\/wp\/v2\/pages"}],"about":[{"href":"https:\/\/eliquidnicotine.co.uk\/es\/wp-json\/wp\/v2\/types\/page"}],"author":[{"embeddable":true,"href":"https:\/\/eliquidnicotine.co.uk\/es\/wp-json\/wp\/v2\/users\/1"}],"replies":[{"embeddable":true,"href":"https:\/\/eliquidnicotine.co.uk\/es\/wp-json\/wp\/v2\/comments?post=75"}],"version-history":[{"count":16,"href":"https:\/\/eliquidnicotine.co.uk\/es\/wp-json\/wp\/v2\/pages\/75\/revisions"}],"predecessor-version":[{"id":40721,"href":"https:\/\/eliquidnicotine.co.uk\/es\/wp-json\/wp\/v2\/pages\/75\/revisions\/40721"}],"wp:attachment":[{"href":"https:\/\/eliquidnicotine.co.uk\/es\/wp-json\/wp\/v2\/media?parent=75"}],"curies":[{"name":"wp","href":"https:\/\/api.w.org\/{rel}","templated":true}]}}