{"id":13105,"date":"2020-02-21T12:49:28","date_gmt":"2020-02-21T12:49:28","guid":{"rendered":"https:\/\/eliquidnicotine.co.uk\/?post_type=product&#038;p=13105"},"modified":"2020-10-12T14:31:10","modified_gmt":"2020-10-12T14:31:10","slug":"mix-pack-for-100-ml-e-liquid","status":"publish","type":"product","link":"https:\/\/eliquidnicotine.co.uk\/es\/shop\/mix-pack-for-100-ml-e-liquid\/","title":{"rendered":"Envase de mezcla para 100 ml de e-l\u00edquido"},"content":{"rendered":"<h2>Envase de mezcla para 100 ml de e-l\u00edquido, PG\/VG Aroma y Nicotina<\/h2>\n<p>Paquete de mezcla para 100 ml de e-l\u00edquido, l\u00edquido de vapor barato y sabroso. No es dif\u00edcil, se obtiene 20 mg \/ ml disparos para aumentar su e-l\u00edquido a su fuerza de nicotina deseada. 15 ml de sabor se incluye, que es de 5 ml sobre la cantidad total que se obtiene en la botella de 100 ml, depende de usted la cantidad de sabor que utilice.<\/p>\n<p>Instrucciones de uso: Contenido del paquete: 100 ml PG\/VG, aroma, shot(s) de nicotina. Cada shot tiene 20 mg\/ml de nicotina para una cantidad de 10 ml. Aroma recomendamos 10%, se obtiene 15 ml-15%. Con 2 mg\/ml 1 shot es suficiente, 4 mg\/ml 2 shots, 6 mg\/ml 3 shots, 8 mg\/ml 4 shots. Recuerda que la cantidad total de l\u00edquido son 100 ml a los que hay que restar los chupitos, a 2 mg a\u00f1ades 1 chupito de 10 ml a 90 ml de PG VG y posiblemente aroma. Consejo: empieza siempre con los chupitos y el aroma, el resto simplemente rell\u00e9nalo con los chupitos PG VG neutros sin nicotina.<\/p>","protected":false},"excerpt":{"rendered":"<p>Paquete de mezcla de aromas TPA para 100 ml de e-l\u00edquido, cada dosis es de 10 ml<br \/>\nIncluye 1 botella de llenado corto de 100 ml.<br \/>\nPrimero los chupitos y el aroma en la botella de 100 ml, luego seguir rellenando con PG VG, agitar y listo.<br \/>\nDebido a la legislaci\u00f3n, todo se suministra en frascos de 10 ml.<\/p>","protected":false},"featured_media":9459,"comment_status":"open","ping_status":"closed","template":"","meta":{"_acf_changed":false,"_genesis_hide_title":false,"_genesis_hide_breadcrumbs":false,"_genesis_hide_singular_image":false,"_genesis_hide_footer_widgets":false,"_genesis_custom_body_class":"","_genesis_custom_post_class":"","_genesis_layout":""},"product_brand":[],"product_cat":[447],"product_tag":[],"class_list":{"1":"product","2":"type-product","6":"product_cat-e-liquid-mix-pack","7":"entry","9":"first","10":"instock","11":"taxable","12":"shipping-taxable","13":"purchasable","14":"product-type-variable"},"acf":[],"_links":{"self":[{"href":"https:\/\/eliquidnicotine.co.uk\/es\/wp-json\/wp\/v2\/product\/13105","targetHints":{"allow":["GET"]}}],"collection":[{"href":"https:\/\/eliquidnicotine.co.uk\/es\/wp-json\/wp\/v2\/product"}],"about":[{"href":"https:\/\/eliquidnicotine.co.uk\/es\/wp-json\/wp\/v2\/types\/product"}],"replies":[{"embeddable":true,"href":"https:\/\/eliquidnicotine.co.uk\/es\/wp-json\/wp\/v2\/comments?post=13105"}],"wp:featuredmedia":[{"embeddable":true,"href":"https:\/\/eliquidnicotine.co.uk\/es\/wp-json\/wp\/v2\/media\/9459"}],"wp:attachment":[{"href":"https:\/\/eliquidnicotine.co.uk\/es\/wp-json\/wp\/v2\/media?parent=13105"}],"wp:term":[{"taxonomy":"product_brand","embeddable":true,"href":"https:\/\/eliquidnicotine.co.uk\/es\/wp-json\/wp\/v2\/product_brand?post=13105"},{"taxonomy":"product_cat","embeddable":true,"href":"https:\/\/eliquidnicotine.co.uk\/es\/wp-json\/wp\/v2\/product_cat?post=13105"},{"taxonomy":"product_tag","embeddable":true,"href":"https:\/\/eliquidnicotine.co.uk\/es\/wp-json\/wp\/v2\/product_tag?post=13105"}],"curies":[{"name":"wp","href":"https:\/\/api.w.org\/{rel}","templated":true}]}}