{"id":18785,"date":"2020-05-23T14:36:43","date_gmt":"2020-05-23T14:36:43","guid":{"rendered":"https:\/\/eliquidnicotine.co.uk\/?post_type=product&#038;p=18785"},"modified":"2024-12-09T11:19:03","modified_gmt":"2024-12-09T10:19:03","slug":"bloody-frutti","status":"publish","type":"product","link":"https:\/\/eliquidnicotine.co.uk\/es\/shop\/bloody-frutti\/","title":{"rendered":"Bloody Frutti"},"content":{"rendered":"<h2>Liquideo - Bloody Frutti\/ Red Vap<\/h2>\n<p>Con sabor a frutos rojos y menta. \u00a1El superventas absoluto de Par\u00eds!<\/p>\n<p>Si alguien tiene un paladar refinado, son los franceses. Liquideo es un fabricante parisino que conoce a la perfecci\u00f3n su oficio. Los gustos extraordinarios se 100% cumplen. Simplemente se saborea el esfuerzo y la dedicaci\u00f3n al producto que Liquideo ha puesto en el desarrollo de cada variedad.<\/p>\n<p>S\u00f3lo se utilizan alimentos de calidad certificada, confirmada por un peritaje de la MSNA (Agencia Nacional de Salud y Medicina). La cuidadosa selecci\u00f3n de sabores se refleja en el sabor de los l\u00edquidos.<\/p>\n<p>Las innovadoras botellas de Liquideo son agradables de apretar durante el llenado y tienen una c\u00e1nula extralarga. Por supuesto, todas las advertencias necesarias figuran en la botella, que est\u00e1 protegida por un seguro para ni\u00f1os.<\/p>\n<p>La proporci\u00f3n de mezcla es 60PG\/40VG.<\/p>","protected":false},"excerpt":{"rendered":"<p>Liquideo Bloody Frutti<br \/>\nDescuento por volumen<br \/>\n1 es el precio completo, 5=5% de descuento, 10=10% de descuento<\/p>","protected":false},"featured_media":18774,"comment_status":"open","ping_status":"closed","template":"","meta":{"_acf_changed":false,"_genesis_hide_title":false,"_genesis_hide_breadcrumbs":false,"_genesis_hide_singular_image":false,"_genesis_hide_footer_widgets":false,"_genesis_custom_body_class":"","_genesis_custom_post_class":"","_genesis_layout":""},"product_brand":[],"product_cat":[454],"product_tag":[],"class_list":{"1":"product","2":"type-product","6":"product_cat-liquideo","7":"entry","9":"first","10":"outofstock","11":"taxable","12":"shipping-taxable","13":"purchasable","14":"product-type-variable"},"acf":[],"_links":{"self":[{"href":"https:\/\/eliquidnicotine.co.uk\/es\/wp-json\/wp\/v2\/product\/18785","targetHints":{"allow":["GET"]}}],"collection":[{"href":"https:\/\/eliquidnicotine.co.uk\/es\/wp-json\/wp\/v2\/product"}],"about":[{"href":"https:\/\/eliquidnicotine.co.uk\/es\/wp-json\/wp\/v2\/types\/product"}],"replies":[{"embeddable":true,"href":"https:\/\/eliquidnicotine.co.uk\/es\/wp-json\/wp\/v2\/comments?post=18785"}],"wp:featuredmedia":[{"embeddable":true,"href":"https:\/\/eliquidnicotine.co.uk\/es\/wp-json\/wp\/v2\/media\/18774"}],"wp:attachment":[{"href":"https:\/\/eliquidnicotine.co.uk\/es\/wp-json\/wp\/v2\/media?parent=18785"}],"wp:term":[{"taxonomy":"product_brand","embeddable":true,"href":"https:\/\/eliquidnicotine.co.uk\/es\/wp-json\/wp\/v2\/product_brand?post=18785"},{"taxonomy":"product_cat","embeddable":true,"href":"https:\/\/eliquidnicotine.co.uk\/es\/wp-json\/wp\/v2\/product_cat?post=18785"},{"taxonomy":"product_tag","embeddable":true,"href":"https:\/\/eliquidnicotine.co.uk\/es\/wp-json\/wp\/v2\/product_tag?post=18785"}],"curies":[{"name":"wp","href":"https:\/\/api.w.org\/{rel}","templated":true}]}}