{"id":18790,"date":"2020-05-23T16:34:40","date_gmt":"2020-05-23T15:34:40","guid":{"rendered":"https:\/\/eliquidnicotine.co.uk\/?post_type=product&#038;p=18790"},"modified":"2023-03-07T09:45:20","modified_gmt":"2023-03-07T08:45:20","slug":"liquideo-framboyz","status":"publish","type":"product","link":"https:\/\/eliquidnicotine.co.uk\/es\/shop\/liquideo-framboyz\/","title":{"rendered":"Liquideo Framboyz"},"content":{"rendered":"<p>Liquideo - Framboyz<\/p>\n<h2>Frambuesas jugosas<\/h2>\n<p>Si alguien tiene un paladar refinado, deben ser los franceses. Liquideo es un fabricante de Par\u00eds que conoce a la perfecci\u00f3n su oficio. Los extraordinarios sabores son 100% precisos. Simplemente se saborea el esfuerzo y la dedicaci\u00f3n al producto que Liquideo ha puesto en el desarrollo de cada variedad.<\/p>\n<p>S\u00f3lo se utilizan alimentos de calidad certificada, confirmada por un peritaje de la MSNA (Agencia Nacional de Salud y Medicina). La cuidadosa selecci\u00f3n de sabores se refleja en el sabor de los l\u00edquidos.<\/p>\n<p>Las innovadoras botellas de Liquideo son c\u00f3modas de apretar durante el llenado y tienen una c\u00e1nula extralarga. Por supuesto, todas las advertencias necesarias est\u00e1n en la botella, que est\u00e1 protegida por un seguro para ni\u00f1os.<\/p>\n<p>La proporci\u00f3n de mezcla es 60PG\/40VG.<\/p>","protected":false},"excerpt":{"rendered":"<p>Descuento por volumen<br \/>\n1 es el precio completo, 5=5% de descuento, 10=10% de descuento<br \/>\nUna frambuesa muy afrutada para vapear<br \/>\nLiquideo Framboyz<\/p>","protected":false},"featured_media":25474,"comment_status":"open","ping_status":"closed","template":"","meta":{"_acf_changed":false,"_genesis_hide_title":false,"_genesis_hide_breadcrumbs":false,"_genesis_hide_singular_image":false,"_genesis_hide_footer_widgets":false,"_genesis_custom_body_class":"","_genesis_custom_post_class":"","_genesis_layout":""},"product_brand":[],"product_cat":[454],"product_tag":[],"class_list":{"1":"product","2":"type-product","6":"product_cat-liquideo","7":"entry","9":"first","10":"outofstock","11":"taxable","12":"shipping-taxable","13":"purchasable","14":"product-type-variable"},"acf":[],"_links":{"self":[{"href":"https:\/\/eliquidnicotine.co.uk\/es\/wp-json\/wp\/v2\/product\/18790","targetHints":{"allow":["GET"]}}],"collection":[{"href":"https:\/\/eliquidnicotine.co.uk\/es\/wp-json\/wp\/v2\/product"}],"about":[{"href":"https:\/\/eliquidnicotine.co.uk\/es\/wp-json\/wp\/v2\/types\/product"}],"replies":[{"embeddable":true,"href":"https:\/\/eliquidnicotine.co.uk\/es\/wp-json\/wp\/v2\/comments?post=18790"}],"wp:featuredmedia":[{"embeddable":true,"href":"https:\/\/eliquidnicotine.co.uk\/es\/wp-json\/wp\/v2\/media\/25474"}],"wp:attachment":[{"href":"https:\/\/eliquidnicotine.co.uk\/es\/wp-json\/wp\/v2\/media?parent=18790"}],"wp:term":[{"taxonomy":"product_brand","embeddable":true,"href":"https:\/\/eliquidnicotine.co.uk\/es\/wp-json\/wp\/v2\/product_brand?post=18790"},{"taxonomy":"product_cat","embeddable":true,"href":"https:\/\/eliquidnicotine.co.uk\/es\/wp-json\/wp\/v2\/product_cat?post=18790"},{"taxonomy":"product_tag","embeddable":true,"href":"https:\/\/eliquidnicotine.co.uk\/es\/wp-json\/wp\/v2\/product_tag?post=18790"}],"curies":[{"name":"wp","href":"https:\/\/api.w.org\/{rel}","templated":true}]}}