{"id":18944,"date":"2020-06-27T07:57:48","date_gmt":"2020-06-27T07:57:48","guid":{"rendered":"https:\/\/eliquidnicotine.co.uk\/?post_type=product&#038;p=18944"},"modified":"2025-04-30T07:16:59","modified_gmt":"2025-04-30T06:16:59","slug":"3-mg-ml-e-liquid-base","status":"publish","type":"product","link":"https:\/\/eliquidnicotine.co.uk\/es\/shop\/3-mg-ml-e-base-liquida\/","title":{"rendered":"3 mg\/ml e base l\u00edquida"},"content":{"rendered":"<p>1000 ml de base para e-l\u00edquido lista para usar<\/p>\n<p>1 litro 3 mg\/ml en varias proporciones PG VG. Todo lo que tiene que hacer es a\u00f1adir posiblemente un aroma y tendr\u00e1 un producto listo para vapear. La nicotina utilizada es de Alchem International, el propilenglicol y la glicerina vegetal son de la m\u00e1s alta calidad, es decir, farmac\u00e9utica. Puede obtener la hoja de datos, la MSDS, de estos productos para saber exactamente lo que contienen, Suministramos los 18 mg\/ml con un valor 10% m\u00e1s alto, para que despu\u00e9s de a\u00f1adir aroma, normalmente 10%, siga obteniendo exactamente 3 mg\/ml.<\/p>","protected":false},"excerpt":{"rendered":"<p>1000 ml 3 mg\/ml base para e-l\u00edquido<\/p>","protected":false},"featured_media":18951,"comment_status":"open","ping_status":"closed","template":"","meta":{"_acf_changed":false,"_genesis_hide_title":false,"_genesis_hide_breadcrumbs":false,"_genesis_hide_singular_image":false,"_genesis_hide_footer_widgets":false,"_genesis_custom_body_class":"","_genesis_custom_post_class":"","_genesis_layout":""},"product_brand":[],"product_cat":[572,242],"product_tag":[],"class_list":{"1":"product","2":"type-product","6":"product_cat-e-liquid-base","7":"product_cat-nicotine-liquid","8":"entry","10":"first","11":"instock","12":"taxable","13":"shipping-taxable","14":"purchasable","15":"product-type-variable"},"acf":[],"_links":{"self":[{"href":"https:\/\/eliquidnicotine.co.uk\/es\/wp-json\/wp\/v2\/product\/18944","targetHints":{"allow":["GET"]}}],"collection":[{"href":"https:\/\/eliquidnicotine.co.uk\/es\/wp-json\/wp\/v2\/product"}],"about":[{"href":"https:\/\/eliquidnicotine.co.uk\/es\/wp-json\/wp\/v2\/types\/product"}],"replies":[{"embeddable":true,"href":"https:\/\/eliquidnicotine.co.uk\/es\/wp-json\/wp\/v2\/comments?post=18944"}],"wp:featuredmedia":[{"embeddable":true,"href":"https:\/\/eliquidnicotine.co.uk\/es\/wp-json\/wp\/v2\/media\/18951"}],"wp:attachment":[{"href":"https:\/\/eliquidnicotine.co.uk\/es\/wp-json\/wp\/v2\/media?parent=18944"}],"wp:term":[{"taxonomy":"product_brand","embeddable":true,"href":"https:\/\/eliquidnicotine.co.uk\/es\/wp-json\/wp\/v2\/product_brand?post=18944"},{"taxonomy":"product_cat","embeddable":true,"href":"https:\/\/eliquidnicotine.co.uk\/es\/wp-json\/wp\/v2\/product_cat?post=18944"},{"taxonomy":"product_tag","embeddable":true,"href":"https:\/\/eliquidnicotine.co.uk\/es\/wp-json\/wp\/v2\/product_tag?post=18944"}],"curies":[{"name":"wp","href":"https:\/\/api.w.org\/{rel}","templated":true}]}}