{"id":19,"date":"2017-12-02T07:55:29","date_gmt":"2017-12-02T07:55:29","guid":{"rendered":"https:\/\/eliquidnicotine.co.uk\/?post_type=product&#038;p=19"},"modified":"2026-04-02T13:01:43","modified_gmt":"2026-04-02T12:01:43","slug":"nicotine-e-liquid-diy","status":"publish","type":"product","link":"https:\/\/eliquidnicotine.co.uk\/es\/shop\/nicotine-e-liquid-diy\/","title":{"rendered":"Bricolaje de e-l\u00edquidos de nicotina"},"content":{"rendered":"<p>Comprar nicotina, si usted est\u00e1 buscando una nicotina de calidad claro y fresco para mezclar su e-l\u00edquido que podemos proporcionar. Siempre tenga cuidado al manipular la nicotina, use guantes y aseg\u00farese de guardarla en un lugar seguro, lejos de animales y ni\u00f1os. Nicotina en diferentes concentraciones, 100 mg, 50 mg, 36 mg y 18 mg. La base de nicotina de los cigarrillos electr\u00f3nicos debe diluirse antes de su uso. La soluci\u00f3n concentrada de nicotina s\u00f3lo debe ser utilizada por personal cualificado. Familiar\u00edcese con el uso seguro de la nicotina antes de mezclarla. Se conserva mejor en el congelador.<\/p>\n<p>&nbsp;<\/p>\n<p>Para obtener los datos exactos de la mezcla puede utilizar nuestra calculadora de e-l\u00edquidos.<\/p>\n<p><a class=\"button\" href=\"https:\/\/eliquidnicotine.co.uk\/es\/e-liquid-recipe-calculator\/\">Calculadora de e-l\u00edquidos<\/a><\/p>","protected":false},"excerpt":{"rendered":"<p>La base de nicotina para el e-l\u00edquido DIY es fabricada por Alchem International de Suiza.<\/p>\n<p>1 libra esterlina = 1,12 euros<img decoding=\"async\" title=\"Advertencia sobre la nicotina\" src=\"https:\/\/eliquidnicotine.co.uk\/wp-content\/uploads\/2017\/12\/Unknown-1-300x150.png\" alt=\"Advertencia nicotina\" \/><\/p>\n<p>&nbsp;<\/p>","protected":false},"featured_media":18604,"comment_status":"open","ping_status":"closed","template":"","meta":{"_acf_changed":false,"_genesis_hide_title":false,"_genesis_hide_breadcrumbs":false,"_genesis_hide_singular_image":false,"_genesis_hide_footer_widgets":false,"_genesis_custom_body_class":"","_genesis_custom_post_class":"","_genesis_layout":""},"product_brand":[],"product_cat":[572,242],"product_tag":[],"class_list":{"1":"product","2":"type-product","6":"product_cat-e-liquid-base","7":"product_cat-nicotine-liquid","8":"entry","10":"first","11":"instock","12":"taxable","13":"shipping-taxable","14":"purchasable","15":"product-type-variable"},"acf":[],"_links":{"self":[{"href":"https:\/\/eliquidnicotine.co.uk\/es\/wp-json\/wp\/v2\/product\/19","targetHints":{"allow":["GET"]}}],"collection":[{"href":"https:\/\/eliquidnicotine.co.uk\/es\/wp-json\/wp\/v2\/product"}],"about":[{"href":"https:\/\/eliquidnicotine.co.uk\/es\/wp-json\/wp\/v2\/types\/product"}],"replies":[{"embeddable":true,"href":"https:\/\/eliquidnicotine.co.uk\/es\/wp-json\/wp\/v2\/comments?post=19"}],"wp:featuredmedia":[{"embeddable":true,"href":"https:\/\/eliquidnicotine.co.uk\/es\/wp-json\/wp\/v2\/media\/18604"}],"wp:attachment":[{"href":"https:\/\/eliquidnicotine.co.uk\/es\/wp-json\/wp\/v2\/media?parent=19"}],"wp:term":[{"taxonomy":"product_brand","embeddable":true,"href":"https:\/\/eliquidnicotine.co.uk\/es\/wp-json\/wp\/v2\/product_brand?post=19"},{"taxonomy":"product_cat","embeddable":true,"href":"https:\/\/eliquidnicotine.co.uk\/es\/wp-json\/wp\/v2\/product_cat?post=19"},{"taxonomy":"product_tag","embeddable":true,"href":"https:\/\/eliquidnicotine.co.uk\/es\/wp-json\/wp\/v2\/product_tag?post=19"}],"curies":[{"name":"wp","href":"https:\/\/api.w.org\/{rel}","templated":true}]}}