{"id":19192,"date":"2020-08-24T12:37:23","date_gmt":"2020-08-24T12:37:23","guid":{"rendered":"https:\/\/eliquidnicotine.co.uk\/?post_type=product&#038;p=19192"},"modified":"2025-10-29T11:34:32","modified_gmt":"2025-10-29T10:34:32","slug":"dinner-lady-30-ml-blue-menthol","status":"publish","type":"product","link":"https:\/\/eliquidnicotine.co.uk\/es\/shop\/dinner-lady-30-ml-azul-mentol\/","title":{"rendered":"Cena Lady 30 ml Mentol Azul"},"content":{"rendered":"<p>CARACTER\u00cdSTICAS DEL PRODUCTO<br \/>\nBlue Menthol 30ml sabor concentrado para e-l\u00edquidos para el bricolaje. M\u00e9zclalo con tus propias cantidades de PG\/VG y jeringuillas de nicotina para crear tu propio e-l\u00edquido con el sabor de alta calidad Dinner Lady.<\/p>\n<p>ESPECIFICACIONES<br \/>\ntama\u00f1o del frasco: 30 ml<br \/>\nProporci\u00f3n PG\/VG: 100PG<br \/>\nFabricado en el Reino Unido<br \/>\nProporci\u00f3n de mezcla de concentrado sugerida: 19%<\/p>","protected":false},"excerpt":{"rendered":"<p>Blue Menthol 30ml e-liquid concentrado sabor PG suspendido. E-l\u00edquido con sabor a ar\u00e1ndano y grosella: con edulcorante, an\u00eds suave y mentol.<\/p>","protected":false},"featured_media":19186,"comment_status":"open","ping_status":"closed","template":"","meta":{"_acf_changed":false,"_genesis_hide_title":false,"_genesis_hide_breadcrumbs":false,"_genesis_hide_singular_image":false,"_genesis_hide_footer_widgets":false,"_genesis_custom_body_class":"","_genesis_custom_post_class":"","_genesis_layout":""},"product_brand":[],"product_cat":[540,573],"product_tag":[],"class_list":{"1":"product","2":"type-product","6":"product_cat-dinner-lady","7":"product_cat-flavours-for-e-liquid-mixing","8":"entry","10":"first","11":"outofstock","12":"taxable","13":"shipping-taxable","14":"purchasable","15":"product-type-simple"},"acf":[],"_links":{"self":[{"href":"https:\/\/eliquidnicotine.co.uk\/es\/wp-json\/wp\/v2\/product\/19192","targetHints":{"allow":["GET"]}}],"collection":[{"href":"https:\/\/eliquidnicotine.co.uk\/es\/wp-json\/wp\/v2\/product"}],"about":[{"href":"https:\/\/eliquidnicotine.co.uk\/es\/wp-json\/wp\/v2\/types\/product"}],"replies":[{"embeddable":true,"href":"https:\/\/eliquidnicotine.co.uk\/es\/wp-json\/wp\/v2\/comments?post=19192"}],"wp:featuredmedia":[{"embeddable":true,"href":"https:\/\/eliquidnicotine.co.uk\/es\/wp-json\/wp\/v2\/media\/19186"}],"wp:attachment":[{"href":"https:\/\/eliquidnicotine.co.uk\/es\/wp-json\/wp\/v2\/media?parent=19192"}],"wp:term":[{"taxonomy":"product_brand","embeddable":true,"href":"https:\/\/eliquidnicotine.co.uk\/es\/wp-json\/wp\/v2\/product_brand?post=19192"},{"taxonomy":"product_cat","embeddable":true,"href":"https:\/\/eliquidnicotine.co.uk\/es\/wp-json\/wp\/v2\/product_cat?post=19192"},{"taxonomy":"product_tag","embeddable":true,"href":"https:\/\/eliquidnicotine.co.uk\/es\/wp-json\/wp\/v2\/product_tag?post=19192"}],"curies":[{"name":"wp","href":"https:\/\/api.w.org\/{rel}","templated":true}]}}