{"id":19481,"date":"2020-11-02T10:45:27","date_gmt":"2020-11-02T09:45:27","guid":{"rendered":"https:\/\/eliquidnicotine.co.uk\/?post_type=product&#038;p=19481"},"modified":"2023-03-07T09:44:01","modified_gmt":"2023-03-07T08:44:01","slug":"liquideo-chew-it","status":"publish","type":"product","link":"https:\/\/eliquidnicotine.co.uk\/es\/shop\/liquideo-chew-it\/","title":{"rendered":"Liquideo Chew IT"},"content":{"rendered":"<p>Nuestro e-l\u00edquido Chew It de la colecci\u00f3n Yummy Evolution tiene un 60\/40PG\/VG. . Bien equilibrado y gracias a su predominio de propilenglicol, el golpe sigue siendo moderado y el vape satisfactorio, mientras que los aromas est\u00e1n bien conservados. Un e-l\u00edquido puro de chicle de fresa que nos gusta vaporizar durante todo el d\u00eda o despu\u00e9s de cenar. Revela sabores dulces para que pueda disfrutar del sabor del aut\u00e9ntico chicle sin riesgo de caries ni de que exploten las burbujas.<\/p>","protected":false},"excerpt":{"rendered":"<p>Descuento por volumen<br \/>\n1 es el precio completo, 5=5% de descuento, 10=10% de descuento<br \/>\nDescubre nuestro e-l\u00edquido Chew it de la colecci\u00f3n Yummy Evolution: chicle de fresa, suave y sabroso, que querr\u00e1s seguir vaporizando hasta el fin de los d\u00edas \u00a1sin riesgo de caries!<\/p>","protected":false},"featured_media":25473,"comment_status":"open","ping_status":"closed","template":"","meta":{"_acf_changed":false,"_genesis_hide_title":false,"_genesis_hide_breadcrumbs":false,"_genesis_hide_singular_image":false,"_genesis_hide_footer_widgets":false,"_genesis_custom_body_class":"","_genesis_custom_post_class":"","_genesis_layout":""},"product_brand":[],"product_cat":[454],"product_tag":[],"class_list":{"1":"product","2":"type-product","6":"product_cat-liquideo","7":"entry","9":"first","10":"outofstock","11":"taxable","12":"shipping-taxable","13":"purchasable","14":"product-type-variable"},"acf":[],"_links":{"self":[{"href":"https:\/\/eliquidnicotine.co.uk\/es\/wp-json\/wp\/v2\/product\/19481","targetHints":{"allow":["GET"]}}],"collection":[{"href":"https:\/\/eliquidnicotine.co.uk\/es\/wp-json\/wp\/v2\/product"}],"about":[{"href":"https:\/\/eliquidnicotine.co.uk\/es\/wp-json\/wp\/v2\/types\/product"}],"replies":[{"embeddable":true,"href":"https:\/\/eliquidnicotine.co.uk\/es\/wp-json\/wp\/v2\/comments?post=19481"}],"wp:featuredmedia":[{"embeddable":true,"href":"https:\/\/eliquidnicotine.co.uk\/es\/wp-json\/wp\/v2\/media\/25473"}],"wp:attachment":[{"href":"https:\/\/eliquidnicotine.co.uk\/es\/wp-json\/wp\/v2\/media?parent=19481"}],"wp:term":[{"taxonomy":"product_brand","embeddable":true,"href":"https:\/\/eliquidnicotine.co.uk\/es\/wp-json\/wp\/v2\/product_brand?post=19481"},{"taxonomy":"product_cat","embeddable":true,"href":"https:\/\/eliquidnicotine.co.uk\/es\/wp-json\/wp\/v2\/product_cat?post=19481"},{"taxonomy":"product_tag","embeddable":true,"href":"https:\/\/eliquidnicotine.co.uk\/es\/wp-json\/wp\/v2\/product_tag?post=19481"}],"curies":[{"name":"wp","href":"https:\/\/api.w.org\/{rel}","templated":true}]}}