{"id":19482,"date":"2020-11-02T10:42:04","date_gmt":"2020-11-02T09:42:04","guid":{"rendered":"https:\/\/eliquidnicotine.co.uk\/?post_type=product&#038;p=19482"},"modified":"2023-03-07T09:44:12","modified_gmt":"2023-03-07T08:44:12","slug":"liquideo-gary-guet","status":"publish","type":"product","link":"https:\/\/eliquidnicotine.co.uk\/es\/shop\/liquideo-gary-guet\/","title":{"rendered":"Liquideo Gary Guet"},"content":{"rendered":"<p>Las fresas silvestres del verano<\/p>\n<p>PG\/VG : 60\/40<\/p>\n<p>Contenido : 10 ml<\/p>\n<p>concentraci\u00f3n de nicotina : 0, 3, 6, 10 mg\/ml<\/p>\n<p>Nuestro e-l\u00edquido Gary Guet de la colecci\u00f3n Fruity Evolution tiene un 60\/40 PG\/VG Balanced y gracias a su alta concentraci\u00f3n de propilenglicol, el golpe sigue siendo moderado y el vapor satisfactorio, mientras que el aroma se conserva. Con su buen sabor afrutado, quedar\u00e1 encantado por su intensidad a cada calada. Un placer para consumir sin moderaci\u00f3n, y por eso es uno de nuestros superventas desde su creaci\u00f3n.<\/p>","protected":false},"excerpt":{"rendered":"<p>Descuento por volumen<br \/>\n1 es el precio completo, 5=5% de descuento, 10=10% de descuento<br \/>\nPrueba nuestro l\u00edquido Gary Guet de la colecci\u00f3n Fruit Evolution: ligeramente dulce con un toque de sabor \u00e1cido, Gary Guet es suave al paladar. Es como los caramelos que compramos y que s\u00f3lo dejamos de comer cuando la bolsa est\u00e1 vac\u00eda...<\/p>","protected":false},"featured_media":25475,"comment_status":"open","ping_status":"closed","template":"","meta":{"_acf_changed":false,"_genesis_hide_title":false,"_genesis_hide_breadcrumbs":false,"_genesis_hide_singular_image":false,"_genesis_hide_footer_widgets":false,"_genesis_custom_body_class":"","_genesis_custom_post_class":"","_genesis_layout":""},"product_brand":[],"product_cat":[454],"product_tag":[],"class_list":{"1":"product","2":"type-product","6":"product_cat-liquideo","7":"entry","9":"first","10":"outofstock","11":"taxable","12":"shipping-taxable","13":"purchasable","14":"product-type-variable"},"acf":[],"_links":{"self":[{"href":"https:\/\/eliquidnicotine.co.uk\/es\/wp-json\/wp\/v2\/product\/19482","targetHints":{"allow":["GET"]}}],"collection":[{"href":"https:\/\/eliquidnicotine.co.uk\/es\/wp-json\/wp\/v2\/product"}],"about":[{"href":"https:\/\/eliquidnicotine.co.uk\/es\/wp-json\/wp\/v2\/types\/product"}],"replies":[{"embeddable":true,"href":"https:\/\/eliquidnicotine.co.uk\/es\/wp-json\/wp\/v2\/comments?post=19482"}],"wp:featuredmedia":[{"embeddable":true,"href":"https:\/\/eliquidnicotine.co.uk\/es\/wp-json\/wp\/v2\/media\/25475"}],"wp:attachment":[{"href":"https:\/\/eliquidnicotine.co.uk\/es\/wp-json\/wp\/v2\/media?parent=19482"}],"wp:term":[{"taxonomy":"product_brand","embeddable":true,"href":"https:\/\/eliquidnicotine.co.uk\/es\/wp-json\/wp\/v2\/product_brand?post=19482"},{"taxonomy":"product_cat","embeddable":true,"href":"https:\/\/eliquidnicotine.co.uk\/es\/wp-json\/wp\/v2\/product_cat?post=19482"},{"taxonomy":"product_tag","embeddable":true,"href":"https:\/\/eliquidnicotine.co.uk\/es\/wp-json\/wp\/v2\/product_tag?post=19482"}],"curies":[{"name":"wp","href":"https:\/\/api.w.org\/{rel}","templated":true}]}}