{"id":19483,"date":"2020-11-02T10:01:17","date_gmt":"2020-11-02T10:01:17","guid":{"rendered":"https:\/\/eliquidnicotine.co.uk\/?post_type=product&#038;p=19483"},"modified":"2024-01-15T19:19:50","modified_gmt":"2024-01-15T18:19:50","slug":"liquideo-hollywood","status":"publish","type":"product","link":"https:\/\/eliquidnicotine.co.uk\/es\/shop\/liquideo-hollywood\/","title":{"rendered":"Liquideo Hollywood"},"content":{"rendered":"<p>Clorofilas<\/p>\n<p>PG\/VG : 70\/30<\/p>\n<p>Contenido : 10 ml<\/p>\n<p>concentraci\u00f3n de nicotina : 0, 3, 6, 10, 15 mg\/ml<\/p>\n<p>Nuestro E-l\u00edquido Hollywood de la colecci\u00f3n Fresh Evolution tiene un 70\/30 PG\/VG. Su rica concentraci\u00f3n de propilenglicol hace que sea un e-l\u00edquido con un golpe distinto y un vape no demasiado denso. Frescamente delicioso, un e-l\u00edquido aut\u00e9ntico, similar a un chicle de clorofila. Despierta las papilas gustativas y da a su vape una nota suave pero potente. He aqu\u00ed un buen compromiso para los aficionados a los e-l\u00edquidos que contienen mentol. Sin ninguna moderaci\u00f3n al vapor.<\/p>","protected":false},"excerpt":{"rendered":"<p>Descuento por volumen<br \/>\n1 es el precio completo, 5=5% de descuento, 10=10% de descuento<br \/>\nPrueba nuestro l\u00edquido Hollywood de la colecci\u00f3n Fresh Evolution: el intenso sabor a clorofila de este e-l\u00edquido podr\u00eda hacerte creer que est\u00e1s mascando chicle. Ideal para refrescar tu paladar.<\/p>","protected":false},"featured_media":25476,"comment_status":"open","ping_status":"closed","template":"","meta":{"_acf_changed":false,"_genesis_hide_title":false,"_genesis_hide_breadcrumbs":false,"_genesis_hide_singular_image":false,"_genesis_hide_footer_widgets":false,"_genesis_custom_body_class":"","_genesis_custom_post_class":"","_genesis_layout":""},"product_brand":[],"product_cat":[454],"product_tag":[],"class_list":{"1":"product","2":"type-product","6":"product_cat-liquideo","7":"entry","9":"first","10":"outofstock","11":"taxable","12":"shipping-taxable","13":"purchasable","14":"product-type-variable"},"acf":[],"_links":{"self":[{"href":"https:\/\/eliquidnicotine.co.uk\/es\/wp-json\/wp\/v2\/product\/19483","targetHints":{"allow":["GET"]}}],"collection":[{"href":"https:\/\/eliquidnicotine.co.uk\/es\/wp-json\/wp\/v2\/product"}],"about":[{"href":"https:\/\/eliquidnicotine.co.uk\/es\/wp-json\/wp\/v2\/types\/product"}],"replies":[{"embeddable":true,"href":"https:\/\/eliquidnicotine.co.uk\/es\/wp-json\/wp\/v2\/comments?post=19483"}],"wp:featuredmedia":[{"embeddable":true,"href":"https:\/\/eliquidnicotine.co.uk\/es\/wp-json\/wp\/v2\/media\/25476"}],"wp:attachment":[{"href":"https:\/\/eliquidnicotine.co.uk\/es\/wp-json\/wp\/v2\/media?parent=19483"}],"wp:term":[{"taxonomy":"product_brand","embeddable":true,"href":"https:\/\/eliquidnicotine.co.uk\/es\/wp-json\/wp\/v2\/product_brand?post=19483"},{"taxonomy":"product_cat","embeddable":true,"href":"https:\/\/eliquidnicotine.co.uk\/es\/wp-json\/wp\/v2\/product_cat?post=19483"},{"taxonomy":"product_tag","embeddable":true,"href":"https:\/\/eliquidnicotine.co.uk\/es\/wp-json\/wp\/v2\/product_tag?post=19483"}],"curies":[{"name":"wp","href":"https:\/\/api.w.org\/{rel}","templated":true}]}}