{"id":19484,"date":"2020-11-02T09:57:00","date_gmt":"2020-11-02T08:57:00","guid":{"rendered":"https:\/\/eliquidnicotine.co.uk\/?post_type=product&#038;p=19484"},"modified":"2023-03-07T09:43:51","modified_gmt":"2023-03-07T08:43:51","slug":"liquideo-popo-pom","status":"publish","type":"product","link":"https:\/\/eliquidnicotine.co.uk\/es\/shop\/liquideo-popo-pom\/","title":{"rendered":"Liquideo Po'Po' Pom"},"content":{"rendered":"<p>Manzana \u00e1cida<\/p>\n<p>PG\/VG : 60\/40<\/p>\n<p>Contenido : 10 ml<\/p>\n<p>contenido de nicotina : 0, 3, 6, 10 mg\/ml<\/p>\n<p>E-l\u00edquido Po po pom de la colecci\u00f3n Fruity Evolution tiene un 60\/40 PG\/VG, bien equilibrado, para que su golpe sea tanto afrutado como fuerte y \u00e1cido. Bien acompa\u00f1ado por su denso y agradable Vape. Este e-liquido te ofrecer\u00e1 aromas sorprendentes que mezclan suavidad y acidez con un toque dulce de az\u00facar en la boca.<br \/>\nPo po pom de la colecci\u00f3n Fruity Evolution es un e-l\u00edquido absolutamente indispensable, es indiscutiblemente uno de nuestros best sellers.<\/p>","protected":false},"excerpt":{"rendered":"<p>Descuento por volumen<br \/>\n1 es el precio completo, 5=5% de descuento, 10=10% de descuento<br \/>\nPruebe nuestro e-l\u00edquido Po po pom de la colecci\u00f3n Fruity Evolution: Sabor a manzana verde tipo Granny Smith agria agradable: incre\u00edble.<br \/>\nUn e-l\u00edquido absolutamente incondicional, para todo el d\u00eda.<\/p>","protected":false},"featured_media":25483,"comment_status":"open","ping_status":"closed","template":"","meta":{"_acf_changed":false,"_genesis_hide_title":false,"_genesis_hide_breadcrumbs":false,"_genesis_hide_singular_image":false,"_genesis_hide_footer_widgets":false,"_genesis_custom_body_class":"","_genesis_custom_post_class":"","_genesis_layout":""},"product_brand":[],"product_cat":[454],"product_tag":[],"class_list":{"1":"product","2":"type-product","6":"product_cat-liquideo","7":"entry","9":"first","10":"outofstock","11":"taxable","12":"shipping-taxable","13":"purchasable","14":"product-type-variable"},"acf":[],"_links":{"self":[{"href":"https:\/\/eliquidnicotine.co.uk\/es\/wp-json\/wp\/v2\/product\/19484","targetHints":{"allow":["GET"]}}],"collection":[{"href":"https:\/\/eliquidnicotine.co.uk\/es\/wp-json\/wp\/v2\/product"}],"about":[{"href":"https:\/\/eliquidnicotine.co.uk\/es\/wp-json\/wp\/v2\/types\/product"}],"replies":[{"embeddable":true,"href":"https:\/\/eliquidnicotine.co.uk\/es\/wp-json\/wp\/v2\/comments?post=19484"}],"wp:featuredmedia":[{"embeddable":true,"href":"https:\/\/eliquidnicotine.co.uk\/es\/wp-json\/wp\/v2\/media\/25483"}],"wp:attachment":[{"href":"https:\/\/eliquidnicotine.co.uk\/es\/wp-json\/wp\/v2\/media?parent=19484"}],"wp:term":[{"taxonomy":"product_brand","embeddable":true,"href":"https:\/\/eliquidnicotine.co.uk\/es\/wp-json\/wp\/v2\/product_brand?post=19484"},{"taxonomy":"product_cat","embeddable":true,"href":"https:\/\/eliquidnicotine.co.uk\/es\/wp-json\/wp\/v2\/product_cat?post=19484"},{"taxonomy":"product_tag","embeddable":true,"href":"https:\/\/eliquidnicotine.co.uk\/es\/wp-json\/wp\/v2\/product_tag?post=19484"}],"curies":[{"name":"wp","href":"https:\/\/api.w.org\/{rel}","templated":true}]}}