{"id":19485,"date":"2020-11-01T13:20:45","date_gmt":"2020-11-01T12:20:45","guid":{"rendered":"https:\/\/eliquidnicotine.co.uk\/?post_type=product&#038;p=19485"},"modified":"2023-03-07T09:44:59","modified_gmt":"2023-03-07T08:44:59","slug":"liquideo-rouge","status":"publish","type":"product","link":"https:\/\/eliquidnicotine.co.uk\/es\/shop\/liquideo-rouge\/","title":{"rendered":"Liquideo Rouge"},"content":{"rendered":"<p>Nuestro E-l\u00edquido Evolution Space Red Red tiene una proporci\u00f3n PG\/VG de 50\/50. Este zumo es muy equilibrado, lo que supone un excelente compromiso entre un golpe muy presente y un vapor denso. Su intenso sabor a bayas silvestres con an\u00eds te hace vaporizar con cierta ligereza durante todo el d\u00eda. Sorprendentemente, se convierte r\u00e1pidamente en un imprescindible, y puedes llevarlo contigo all\u00e1 donde vayas. Sus aromas \u00fanicos, gracias a su toque de an\u00eds, lo hacen tan agradable como una fruta fresca y significativa. \u00a1Se reconoce entre mil!<\/p>","protected":false},"excerpt":{"rendered":"<p>Descuento por volumen<br \/>\n1 es el precio completo, 5=5% de descuento, 10=10% de descuento<br \/>\nPruebe nuestro e-l\u00edquido Rouge Red de la colecci\u00f3n Evolution Space:<br \/>\nRouge Red es una mezcla divina de frambuesa, ar\u00e1ndano, grosella negra y an\u00eds.<br \/>\nUna composici\u00f3n rica y persistente en boca que no dejar\u00e1 indiferente a nadie.<\/p>","protected":false},"featured_media":25484,"comment_status":"open","ping_status":"closed","template":"","meta":{"_acf_changed":false,"_genesis_hide_title":false,"_genesis_hide_breadcrumbs":false,"_genesis_hide_singular_image":false,"_genesis_hide_footer_widgets":false,"_genesis_custom_body_class":"","_genesis_custom_post_class":"","_genesis_layout":""},"product_brand":[],"product_cat":[454],"product_tag":[],"class_list":{"1":"product","2":"type-product","6":"product_cat-liquideo","7":"entry","9":"first","10":"outofstock","11":"taxable","12":"shipping-taxable","13":"purchasable","14":"product-type-variable"},"acf":[],"_links":{"self":[{"href":"https:\/\/eliquidnicotine.co.uk\/es\/wp-json\/wp\/v2\/product\/19485","targetHints":{"allow":["GET"]}}],"collection":[{"href":"https:\/\/eliquidnicotine.co.uk\/es\/wp-json\/wp\/v2\/product"}],"about":[{"href":"https:\/\/eliquidnicotine.co.uk\/es\/wp-json\/wp\/v2\/types\/product"}],"replies":[{"embeddable":true,"href":"https:\/\/eliquidnicotine.co.uk\/es\/wp-json\/wp\/v2\/comments?post=19485"}],"wp:featuredmedia":[{"embeddable":true,"href":"https:\/\/eliquidnicotine.co.uk\/es\/wp-json\/wp\/v2\/media\/25484"}],"wp:attachment":[{"href":"https:\/\/eliquidnicotine.co.uk\/es\/wp-json\/wp\/v2\/media?parent=19485"}],"wp:term":[{"taxonomy":"product_brand","embeddable":true,"href":"https:\/\/eliquidnicotine.co.uk\/es\/wp-json\/wp\/v2\/product_brand?post=19485"},{"taxonomy":"product_cat","embeddable":true,"href":"https:\/\/eliquidnicotine.co.uk\/es\/wp-json\/wp\/v2\/product_cat?post=19485"},{"taxonomy":"product_tag","embeddable":true,"href":"https:\/\/eliquidnicotine.co.uk\/es\/wp-json\/wp\/v2\/product_tag?post=19485"}],"curies":[{"name":"wp","href":"https:\/\/api.w.org\/{rel}","templated":true}]}}