{"id":19486,"date":"2020-11-01T15:22:06","date_gmt":"2020-11-01T14:22:06","guid":{"rendered":"https:\/\/eliquidnicotine.co.uk\/?post_type=product&#038;p=19486"},"modified":"2023-03-07T09:43:42","modified_gmt":"2023-03-07T08:43:42","slug":"liquideo-le-gaulois","status":"publish","type":"product","link":"https:\/\/eliquidnicotine.co.uk\/es\/shop\/liquideo-le-gaulois\/","title":{"rendered":"Liquideo Le Gaulois"},"content":{"rendered":"<p>\u00a1Este E-l\u00edquido es fabricado por la empresa francesa Liquid\u00e9o, un actor importante en el mercado Vape, conocido por sus l\u00edquidos de alta calidad!<\/p>\n<p>Este galo que te propone Vapo d'Oliquide es un e-l\u00edquido de la gama Evolution, compuesto de propilenglicol, glicerina vegetal, aromas alimentarios y nicotina (excepto la dosis sin nicotina). Tiene una proporci\u00f3n PG\/VG de 60\/40.<\/p>\n<p>Liquid\u00e9o est\u00e1 especializada en la producci\u00f3n de e-l\u00edquidos para e-cig y tiene su sede en Par\u00eds. Est\u00e1 compuesta por expertos con talento que subliman m\u00e1s de 130 aromas que encontrar\u00e1 en diferentes colecciones para satisfacer una amplia gama de vaporizadores. \u00a1Hay algo para todos los gustos! Todos los e-l\u00edquidos de Liquid\u00e9o se producen en Francia, en sus laboratorios de la regi\u00f3n parisina. Para la composici\u00f3n de estos productos, Liquid\u00e9o s\u00f3lo utiliza aromas alimentarios certificados, propilenglicol, glicerina vegetal, nicotina (excepto para los l\u00edquidos de 0 mg), a veces etanol y agua. Est\u00e1n garantizados sin diacetil, parabeno ni ambrox.<\/p>","protected":false},"excerpt":{"rendered":"<p>Descuento por volumen<br \/>\n1 es el precio completo, 5=5% de descuento, 10=10% de descuento<br \/>\nLa Gaulois es una rubia cl\u00e1sica, ligeramente dulzona y con un toque de higos. Este l\u00edquido lo prepara el druida Liquid\u00e9ix de la tribu Liquid\u00e9o... \u00a1pero cuidado, no es una poci\u00f3n m\u00e1gica!<\/p>","protected":false},"featured_media":25480,"comment_status":"open","ping_status":"closed","template":"","meta":{"_acf_changed":false,"_genesis_hide_title":false,"_genesis_hide_breadcrumbs":false,"_genesis_hide_singular_image":false,"_genesis_hide_footer_widgets":false,"_genesis_custom_body_class":"","_genesis_custom_post_class":"","_genesis_layout":""},"product_brand":[],"product_cat":[454],"product_tag":[],"class_list":{"1":"product","2":"type-product","6":"product_cat-liquideo","7":"entry","9":"first","10":"outofstock","11":"taxable","12":"shipping-taxable","13":"purchasable","14":"product-type-variable"},"acf":[],"_links":{"self":[{"href":"https:\/\/eliquidnicotine.co.uk\/es\/wp-json\/wp\/v2\/product\/19486","targetHints":{"allow":["GET"]}}],"collection":[{"href":"https:\/\/eliquidnicotine.co.uk\/es\/wp-json\/wp\/v2\/product"}],"about":[{"href":"https:\/\/eliquidnicotine.co.uk\/es\/wp-json\/wp\/v2\/types\/product"}],"replies":[{"embeddable":true,"href":"https:\/\/eliquidnicotine.co.uk\/es\/wp-json\/wp\/v2\/comments?post=19486"}],"wp:featuredmedia":[{"embeddable":true,"href":"https:\/\/eliquidnicotine.co.uk\/es\/wp-json\/wp\/v2\/media\/25480"}],"wp:attachment":[{"href":"https:\/\/eliquidnicotine.co.uk\/es\/wp-json\/wp\/v2\/media?parent=19486"}],"wp:term":[{"taxonomy":"product_brand","embeddable":true,"href":"https:\/\/eliquidnicotine.co.uk\/es\/wp-json\/wp\/v2\/product_brand?post=19486"},{"taxonomy":"product_cat","embeddable":true,"href":"https:\/\/eliquidnicotine.co.uk\/es\/wp-json\/wp\/v2\/product_cat?post=19486"},{"taxonomy":"product_tag","embeddable":true,"href":"https:\/\/eliquidnicotine.co.uk\/es\/wp-json\/wp\/v2\/product_tag?post=19486"}],"curies":[{"name":"wp","href":"https:\/\/api.w.org\/{rel}","templated":true}]}}