{"id":19487,"date":"2020-11-01T13:27:41","date_gmt":"2020-11-01T13:27:41","guid":{"rendered":"https:\/\/eliquidnicotine.co.uk\/?post_type=product&#038;p=19487"},"modified":"2023-12-29T10:48:48","modified_gmt":"2023-12-29T09:48:48","slug":"liquideo-4yr","status":"publish","type":"product","link":"https:\/\/eliquidnicotine.co.uk\/es\/shop\/liquideo-4-anos\/","title":{"rendered":"Liquideo 4YR"},"content":{"rendered":"<p>Cl\u00e1sico ligero - fuerza 4\/5<br \/>\nPG\/VG : 70\/30<br \/>\nContenido : 10 ml<br \/>\ncontenido de nicotina : 0, 3, 6, 10, 15 mg\/ml<\/p>\n<p>Nuestro e-liquido 4YR de la coleccion Classico Evolution tiene un 70\/30 PG\/VG. Su rica concentraci\u00f3n de propilenglicol realza un golpe moderado y proporciona un Vape satisfactorio. La concentraci\u00f3n de aroma para el e-l\u00edquido 4YR realzar\u00e1 el sabor del Cl\u00e1sico ligero. Potencia 4\/5, potente y fuerte en sabor. Todos los amantes del Gourmet Classic se encontrar\u00e1n en este e-l\u00edquido para crear un verdadero equilibrio entre el sabor aut\u00e9ntico y gourmet. \u00a1Para degustar y disfrutar en casa!<\/p>","protected":false},"excerpt":{"rendered":"<p>Descuento por volumen<br \/>\n1 es el precio completo, 5=5% de descuento, 10=10% de descuento<br \/>\nPruebe nuestro e-l\u00edquido 4YR de la colecci\u00f3n Classico Evolution: ligeramente cl\u00e1sico y delicioso, acompa\u00f1ado de sus notas de vainilla y caramelo. Una delicia para las papilas gustativas.<\/p>","protected":false},"featured_media":25469,"comment_status":"open","ping_status":"closed","template":"","meta":{"_acf_changed":false,"_genesis_hide_title":false,"_genesis_hide_breadcrumbs":false,"_genesis_hide_singular_image":false,"_genesis_hide_footer_widgets":false,"_genesis_custom_body_class":"","_genesis_custom_post_class":"","_genesis_layout":""},"product_brand":[],"product_cat":[454],"product_tag":[],"class_list":{"1":"product","2":"type-product","6":"product_cat-liquideo","7":"entry","9":"first","10":"outofstock","11":"taxable","12":"shipping-taxable","13":"purchasable","14":"product-type-variable"},"acf":[],"_links":{"self":[{"href":"https:\/\/eliquidnicotine.co.uk\/es\/wp-json\/wp\/v2\/product\/19487","targetHints":{"allow":["GET"]}}],"collection":[{"href":"https:\/\/eliquidnicotine.co.uk\/es\/wp-json\/wp\/v2\/product"}],"about":[{"href":"https:\/\/eliquidnicotine.co.uk\/es\/wp-json\/wp\/v2\/types\/product"}],"replies":[{"embeddable":true,"href":"https:\/\/eliquidnicotine.co.uk\/es\/wp-json\/wp\/v2\/comments?post=19487"}],"wp:featuredmedia":[{"embeddable":true,"href":"https:\/\/eliquidnicotine.co.uk\/es\/wp-json\/wp\/v2\/media\/25469"}],"wp:attachment":[{"href":"https:\/\/eliquidnicotine.co.uk\/es\/wp-json\/wp\/v2\/media?parent=19487"}],"wp:term":[{"taxonomy":"product_brand","embeddable":true,"href":"https:\/\/eliquidnicotine.co.uk\/es\/wp-json\/wp\/v2\/product_brand?post=19487"},{"taxonomy":"product_cat","embeddable":true,"href":"https:\/\/eliquidnicotine.co.uk\/es\/wp-json\/wp\/v2\/product_cat?post=19487"},{"taxonomy":"product_tag","embeddable":true,"href":"https:\/\/eliquidnicotine.co.uk\/es\/wp-json\/wp\/v2\/product_tag?post=19487"}],"curies":[{"name":"wp","href":"https:\/\/api.w.org\/{rel}","templated":true}]}}