{"id":19488,"date":"2020-11-01T15:09:17","date_gmt":"2020-11-01T14:09:17","guid":{"rendered":"https:\/\/eliquidnicotine.co.uk\/?post_type=product&#038;p=19488"},"modified":"2023-03-07T09:44:25","modified_gmt":"2023-03-07T08:44:25","slug":"liquideo-cowboy","status":"publish","type":"product","link":"https:\/\/eliquidnicotine.co.uk\/es\/shop\/liquideo-cowboy\/","title":{"rendered":"Liquideo Cowboy"},"content":{"rendered":"<p>Nuestro e-l\u00edquido Cowboy de la colecci\u00f3n Classico Evolution tiene un 70\/30 PG\/VG Su alta concentraci\u00f3n de propilenglicol lo convierte en un e-l\u00edquido con un golpe distintivo y un vapor no demasiado espeso. Un aut\u00e9ntico sabor a cl\u00e1sico ligero, fuerte en sabor y que te recordar\u00e1 a las almendras al final de tu calada. Una bebida potente para todo el d\u00eda que har\u00e1 las delicias de los viejos fumadores, aficionados a los sabores cl\u00e1sicos con car\u00e1cter y matices de nuez.<\/p>","protected":false},"excerpt":{"rendered":"<p>Descuento por volumen<br \/>\n1 es el precio completo, 5=5% de descuento, 10=10% de descuento<br \/>\nDescubra nuestro e-liquido Cowboy de la colecci\u00f3n Clasico Evolution: Sabor fuerte, cl\u00e1sico ligero - potencia 5\/5 . El e-liquido Cowboy es de una calidad insuperable con un agradable aroma. Este Cl\u00e1sico ligero satisfar\u00e1 su d\u00eda.<\/p>","protected":false},"featured_media":18772,"comment_status":"open","ping_status":"closed","template":"","meta":{"_acf_changed":false,"_genesis_hide_title":false,"_genesis_hide_breadcrumbs":false,"_genesis_hide_singular_image":false,"_genesis_hide_footer_widgets":false,"_genesis_custom_body_class":"","_genesis_custom_post_class":"","_genesis_layout":""},"product_brand":[],"product_cat":[454],"product_tag":[],"class_list":{"1":"product","2":"type-product","6":"product_cat-liquideo","7":"entry","9":"first","10":"outofstock","11":"taxable","12":"shipping-taxable","13":"purchasable","14":"product-type-variable"},"acf":[],"_links":{"self":[{"href":"https:\/\/eliquidnicotine.co.uk\/es\/wp-json\/wp\/v2\/product\/19488","targetHints":{"allow":["GET"]}}],"collection":[{"href":"https:\/\/eliquidnicotine.co.uk\/es\/wp-json\/wp\/v2\/product"}],"about":[{"href":"https:\/\/eliquidnicotine.co.uk\/es\/wp-json\/wp\/v2\/types\/product"}],"replies":[{"embeddable":true,"href":"https:\/\/eliquidnicotine.co.uk\/es\/wp-json\/wp\/v2\/comments?post=19488"}],"wp:featuredmedia":[{"embeddable":true,"href":"https:\/\/eliquidnicotine.co.uk\/es\/wp-json\/wp\/v2\/media\/18772"}],"wp:attachment":[{"href":"https:\/\/eliquidnicotine.co.uk\/es\/wp-json\/wp\/v2\/media?parent=19488"}],"wp:term":[{"taxonomy":"product_brand","embeddable":true,"href":"https:\/\/eliquidnicotine.co.uk\/es\/wp-json\/wp\/v2\/product_brand?post=19488"},{"taxonomy":"product_cat","embeddable":true,"href":"https:\/\/eliquidnicotine.co.uk\/es\/wp-json\/wp\/v2\/product_cat?post=19488"},{"taxonomy":"product_tag","embeddable":true,"href":"https:\/\/eliquidnicotine.co.uk\/es\/wp-json\/wp\/v2\/product_tag?post=19488"}],"curies":[{"name":"wp","href":"https:\/\/api.w.org\/{rel}","templated":true}]}}