{"id":19489,"date":"2020-11-01T14:29:29","date_gmt":"2020-11-01T13:29:29","guid":{"rendered":"https:\/\/eliquidnicotine.co.uk\/?post_type=product&#038;p=19489"},"modified":"2023-03-07T09:44:48","modified_gmt":"2023-03-07T08:44:48","slug":"liquideo-jamal","status":"publish","type":"product","link":"https:\/\/eliquidnicotine.co.uk\/es\/shop\/liquideo-jamal\/","title":{"rendered":"Liquideo Jamal"},"content":{"rendered":"<p>Ligero aroma cl\u00e1sico fuerte - potencia 4\/5<\/p>\n<p>PG\/VG : 70\/30<\/p>\n<p>Contenido : 10 ml<\/p>\n<p>concentraci\u00f3n de nicotina : 0, 6, 10, 15 mg\/ml<\/p>\n<p>Nuestro e-liquido Classico Eolution Jamal tiene un 70\/30 PG\/VG Su rica concentraci\u00f3n de propilenglicol hace que sea un e-liquido con un golpe distinto y un vapor no demasiado denso. Descubre todos los sabores de un e-l\u00edquido cl\u00e1sico ligero que ofrece un gran momento de vapeo. Suelte su cigarrillo y acepte este nuevo e-l\u00edquido Jamal como una botella para todo el d\u00eda. Sum\u00e9rjase y disfrute sin moderaci\u00f3n.<\/p>","protected":false},"excerpt":{"rendered":"<p>Descuento por volumen<br \/>\n1 es el precio completo, 5=5% de descuento, 10=10% de descuento<br \/>\nPruebe nuestro E-l\u00edquido Jamal de la colecci\u00f3n Classico Evolution: cl\u00e1sico ligero, rico en aroma con una potencia de 4\/5, ser\u00e1 muy apreciado por los diarios que intentan dejar de fumar. Jamal ofrece la verdadera sensaci\u00f3n de fumar.<\/p>","protected":false},"featured_media":25477,"comment_status":"open","ping_status":"closed","template":"","meta":{"_acf_changed":false,"_genesis_hide_title":false,"_genesis_hide_breadcrumbs":false,"_genesis_hide_singular_image":false,"_genesis_hide_footer_widgets":false,"_genesis_custom_body_class":"","_genesis_custom_post_class":"","_genesis_layout":""},"product_brand":[],"product_cat":[454],"product_tag":[],"class_list":{"1":"product","2":"type-product","6":"product_cat-liquideo","7":"entry","9":"first","10":"outofstock","11":"taxable","12":"shipping-taxable","13":"purchasable","14":"product-type-variable"},"acf":[],"_links":{"self":[{"href":"https:\/\/eliquidnicotine.co.uk\/es\/wp-json\/wp\/v2\/product\/19489","targetHints":{"allow":["GET"]}}],"collection":[{"href":"https:\/\/eliquidnicotine.co.uk\/es\/wp-json\/wp\/v2\/product"}],"about":[{"href":"https:\/\/eliquidnicotine.co.uk\/es\/wp-json\/wp\/v2\/types\/product"}],"replies":[{"embeddable":true,"href":"https:\/\/eliquidnicotine.co.uk\/es\/wp-json\/wp\/v2\/comments?post=19489"}],"wp:featuredmedia":[{"embeddable":true,"href":"https:\/\/eliquidnicotine.co.uk\/es\/wp-json\/wp\/v2\/media\/25477"}],"wp:attachment":[{"href":"https:\/\/eliquidnicotine.co.uk\/es\/wp-json\/wp\/v2\/media?parent=19489"}],"wp:term":[{"taxonomy":"product_brand","embeddable":true,"href":"https:\/\/eliquidnicotine.co.uk\/es\/wp-json\/wp\/v2\/product_brand?post=19489"},{"taxonomy":"product_cat","embeddable":true,"href":"https:\/\/eliquidnicotine.co.uk\/es\/wp-json\/wp\/v2\/product_cat?post=19489"},{"taxonomy":"product_tag","embeddable":true,"href":"https:\/\/eliquidnicotine.co.uk\/es\/wp-json\/wp\/v2\/product_tag?post=19489"}],"curies":[{"name":"wp","href":"https:\/\/api.w.org\/{rel}","templated":true}]}}